{"id":3453,"date":"2024-01-05T10:39:38","date_gmt":"2024-01-05T12:39:38","guid":{"rendered":"https:\/\/bilijardai.lt\/?page_id=3453"},"modified":"2024-01-05T10:46:15","modified_gmt":"2024-01-05T12:46:15","slug":"igyvendinamas-projektas-atsinaujinanciu-energijos-istekliu-diegimas-imoneje-uab-bilijardai","status":"publish","type":"page","link":"https:\/\/bilijardai.lt\/lt\/igyvendinamas-projektas-atsinaujinanciu-energijos-istekliu-diegimas-imoneje-uab-bilijardai\/","title":{"rendered":"\u012eGYVENDINAMAS PROJEKTAS \u201eATSINAUJINAN\u010cI\u0172 ENERGIJOS I\u0160TEKLI\u0172 DIEGIMAS \u012eMON\u0116JE UAB \u201eBILIJARDAI\u201c"},"content":{"rendered":"<p><img loading=\"lazy\" decoding=\"async\" class=\"wp-image-3454 alignleft\" src=\"https:\/\/bilijardai.lt\/wp-content\/uploads\/2024\/01\/EU-l-300x63.jpg\" alt=\"\" width=\"400\" height=\"84\" srcset=\"https:\/\/bilijardai.lt\/wp-content\/uploads\/2024\/01\/EU-l-300x63.jpg 300w, https:\/\/bilijardai.lt\/wp-content\/uploads\/2024\/01\/EU-l-1024x215.jpg 1024w, https:\/\/bilijardai.lt\/wp-content\/uploads\/2024\/01\/EU-l-768x161.jpg 768w, https:\/\/bilijardai.lt\/wp-content\/uploads\/2024\/01\/EU-l-1200x252.jpg 1200w, https:\/\/bilijardai.lt\/wp-content\/uploads\/2024\/01\/EU-l.jpg 1471w\" sizes=\"auto, (max-width: 400px) 100vw, 400px\" \/><\/p>\n<p>\u012eGYVENDINAMAS PROJEKTAS \u201eATSINAUJINAN\u010cI\u0172 ENERGIJOS I\u0160TEKLI\u0172 DIEGIMAS \u012eMON\u0116JE UAB \u201eBILIJARDAI\u201c<\/p>\n<p>UAB \u201eBilijardai\u201d nuo 2023 m. rugs\u0117jo 26 d. iki 2025 m. rugs\u0117jo 30 d. \u012fgyvendina projekt\u0105 \u201eatsinaujinan\u010di\u0173 energijos i\u0161tekli\u0173 diegimas \u012fmon\u0117je UAB \u201eBilijardai\u201c, (Nr. 02-011-K-0149) bendrai finansuojam\u0105 pagal 2022\u20132030 met\u0173 pl\u0117tros programos valdytojos Lietuvos Respublikos ekonomikos ir inovacij\u0173 ministerijos ekonomikos transformacijos ir konkurencingumo pl\u0117tros programos pa\u017eangos priemon\u0117s Nr. 05-001-01-04-02 \u201eSkatinti \u012fmones pereiti link neutralios klimatui ekonomikos\u201c veiklos \u201eSkatinti atsinaujinan\u010di\u0173 energijos i\u0161tekli\u0173 diegim\u0105 pramon\u0117s \u012fmon\u0117se (Vidurio ir vakar\u0173 Lietuvos regionas)\u201c program\u0105.<\/p>\n<p>UAB \u201eBilijardai\u201c, prisid\u0117dama prie gamtos tausojimo, savo veikloje siekia naudoti kuo daugiau \u017ealiosios energijos, t. y. elektros energijos, pagamintos i\u0161 atsinaujinan\u010di\u0173 \u0161altini\u0173. Projekto tikslas \u2013 padidinti atsinaujinan\u010di\u0173 energetikos i\u0161tekli\u0173 dalies gamyb\u0105 galutiniame energijos suvartojime UAB ,,Bilijardai\u201c veikloje. Taip bus \u0161velninamas Lietuvos poveikis klimato kaitai, sprend\u017eiama oro tar\u0161os, efektyvaus i\u0161tekli\u0173 naudojimo problema ir ma\u017einama priklausomyb\u0117 nuo energijos importo. Nauja \u012franga &#8211; saul\u0117s elektrin\u0117 suma\u017eins u\u017eter\u0161tumo lyg\u012f. Projekto metu numatyta \u012fdiegti \u00a0<strong>99 kW<\/strong> galios saul\u0117s j\u0117gain\u0119.<\/p>\n<p>UAB \u201eBilijardai\u201c \u2013 s\u0117kmingai nuo 1994-\u0173j\u0173 veikianti \u012fmon\u0117, pagal naujausias technologijas gaminanti \u0161iuolaikinio dizaino biliardo stalus-pulo, snukerio, rusi\u0161ko biliardo, angli\u0161ko pulo, karambolio- tiek sportinius, tiek skirtus nam\u0173 erdv\u0117ms, su piet\u0173 stalo ar stalo teniso stalvir\u0161iais, taip pat oro ritulio, stalo futbolo stalus. \u012emon\u0117s veikla ple\u010diasi, did\u0117jant gamybos apimtims, did\u0117ja ir elektros energijos poreikis. Kasmet augantis suvartojamos energijos kiekis ir i\u0161augusios elektros energijos kainos, skatina \u012fmon\u0119 \u012fvertinti energijos vartojim\u0105\/ taupym\u0105, efektyvesn\u012f energijos panaudojim\u0105, \u012fvairi\u0173 priemoni\u0173, technologij\u0173, tausojan\u010di\u0173 aplink\u0105 ir gamtinius i\u0161teklius, diegim\u0105. UAB \u201eBilijardai\u201c atliko energijos vartojimo audit\u0105 ir vadovaudamasi jame pateiktomis rekomendacijomis planuoja \u012fsirengti saul\u0117s elektrin\u0119, kuri \u012fmonei leis naudoti pagaminam\u0105 elektros energij\u0105 jos pa\u010dios vidiniams poreikiams ir leis suma\u017einti tradicin\u0117s energijos suvartojim\u0105. Siekiant didinti konkurencingum\u0105, i\u0161nagrin\u0117jusi \u012fvairias alternatyvas \u012fmon\u0117 nusprend\u0117 \u012frengti saul\u0117s j\u0117gain\u0119, kurioje pagaminta elektros\u00a0 energija\u00a0 bus\u00a0 panaudota\u00a0 \u012fmon\u0117s\u00a0 veikloms.\u00a0 Saul\u0117s elektrin\u0117 tarnaus apie 30 met\u0173 be papildom\u0173 dideli\u0173 \u012fd\u0117jim\u0173 \u012f \u012frang\u0105, tod\u0117l \u012fdiegta saul\u0117s j\u0117gain\u0117 yra ekonomi\u0161kai efektyvi, ilgalaik\u0117 investicija. Saul\u0117s elektrin\u0117s \u012frengimas bus ekonomi\u0161kas, nes j\u0105 diegiant nereik\u0117s i\u0161 esm\u0117s keisti \u012fmon\u0117je veikian\u010di\u0173 elektros in\u017einerini\u0173 sprendim\u0173, o saul\u0117s elektros energija bus pigesn\u0117, tod\u0117l suma\u017e\u0117s gamybos ka\u0161tai, i\u0161augs \u012fmon\u0117s veiklos efektyvumas. Projektas taip pat darys teigiam\u0105 \u012ftak\u0105 \u00a0aplinkai,\u00a0 nes\u00a0 prisid\u0117s prie gamtos saugojimo, gamtos i\u0161tekli\u0173 taupymo ir oro u\u017eter\u0161tumo ma\u017einimo.<\/p>\n<p>Vienas i\u0161 svarbiausi\u0173 bendrov\u0117s konkurencingumo veiksni\u0173 &#8211; efektyvus gamybos s\u0105naud\u0173 valdymas. Elektros energijos s\u0105naudos sudaro reik\u0161ming\u0105 produkcijos savikainos dal\u012f, tod\u0117l bendrov\u0117 ir investuoja \u012f atsinaujinan\u010di\u0173 energijos i\u0161tekli\u0173\u00a0 gamybos\u00a0 \u012frang\u0105,\u00a0 kurios\u00a0 pagalba\u00a0 bus gaminama\u00a0 draugi\u0161kesn\u0117 aplinkai\u00a0 energija, pakeisianti\u00a0 \u0161iuo metu naudojam\u0105 i\u0161 elektros tinkl\u0173 \u012fsigyjam\u0105 energij\u0105.<\/p>\n<p>Projekto biud\u017eetas <strong>80158,45 Eur<\/strong>.<\/p>\n<p>\u012egyvendinan\u010dioji institucija: <strong>Inovacij\u0173 agent\u016bra<\/strong><\/p>\n<p>Projektas yra finansuojamas Europos regionin\u0117s pl\u0117tros fondo l\u0117\u0161omis.<\/p>\n<p>Finansuojama suma <strong>50046,76<\/strong> <strong>Eur.<\/strong><\/p>\n<p>Daugiau informacijos:\u00a0<a href=\"http:\/\/www.esinvesticijos.lt\/\">www.esinvesticijos.lt<\/a><\/p>\n<p>&nbsp;<\/p>\n","protected":false},"excerpt":{"rendered":"<p>\u012eGYVENDINAMAS PROJEKTAS \u201eATSINAUJINAN\u010cI\u0172 ENERGIJOS I\u0160TEKLI\u0172 DIEGIMAS \u012eMON\u0116JE UAB \u201eBILIJARDAI\u201c UAB \u201eBilijardai\u201d nuo 2023 m. rugs\u0117jo 26 d. iki 2025 m. rugs\u0117jo 30 d. \u012fgyvendina projekt\u0105 \u201eatsinaujinan\u010di\u0173 energijos i\u0161tekli\u0173 diegimas \u012fmon\u0117je UAB \u201eBilijardai\u201c, (Nr. 02-011-K-0149) bendrai finansuojam\u0105 pagal 2022\u20132030 met\u0173 pl\u0117tros programos valdytojos Lietuvos Respublikos ekonomikos ir inovacij\u0173 ministerijos ekonomikos transformacijos ir konkurencingumo pl\u0117tros programos pa\u017eangos [&hellip;]<\/p>\n","protected":false},"author":3,"featured_media":0,"parent":0,"menu_order":0,"comment_status":"closed","ping_status":"closed","template":"","meta":{"_acf_changed":false,"footnotes":""},"class_list":["post-3453","page","type-page","status-publish","hentry"],"acf":[],"yoast_head":"<!-- This site is optimized with the Yoast SEO plugin v25.2 - https:\/\/yoast.com\/wordpress\/plugins\/seo\/ -->\n<title>\u012eGYVENDINAMAS PROJEKTAS \u201eATSINAUJINAN\u010cI\u0172 ENERGIJOS I\u0160TEKLI\u0172 DIEGIMAS \u012eMON\u0116JE UAB \u201eBILIJARDAI\u201c - Bilijardai<\/title>\n<meta name=\"robots\" content=\"index, follow, max-snippet:-1, max-image-preview:large, max-video-preview:-1\" \/>\n<link rel=\"canonical\" href=\"https:\/\/bilijardai.lt\/lt\/igyvendinamas-projektas-atsinaujinanciu-energijos-istekliu-diegimas-imoneje-uab-bilijardai\/\" \/>\n<meta property=\"og:locale\" content=\"lt_LT\" \/>\n<meta property=\"og:type\" content=\"article\" \/>\n<meta property=\"og:title\" content=\"\u012eGYVENDINAMAS PROJEKTAS \u201eATSINAUJINAN\u010cI\u0172 ENERGIJOS I\u0160TEKLI\u0172 DIEGIMAS \u012eMON\u0116JE UAB \u201eBILIJARDAI\u201c - Bilijardai\" \/>\n<meta property=\"og:description\" content=\"\u012eGYVENDINAMAS PROJEKTAS \u201eATSINAUJINAN\u010cI\u0172 ENERGIJOS I\u0160TEKLI\u0172 DIEGIMAS \u012eMON\u0116JE UAB \u201eBILIJARDAI\u201c UAB \u201eBilijardai\u201d nuo 2023 m. rugs\u0117jo 26 d. iki 2025 m. rugs\u0117jo 30 d. \u012fgyvendina projekt\u0105 \u201eatsinaujinan\u010di\u0173 energijos i\u0161tekli\u0173 diegimas \u012fmon\u0117je UAB \u201eBilijardai\u201c, (Nr. 02-011-K-0149) bendrai finansuojam\u0105 pagal 2022\u20132030 met\u0173 pl\u0117tros programos valdytojos Lietuvos Respublikos ekonomikos ir inovacij\u0173 ministerijos ekonomikos transformacijos ir konkurencingumo pl\u0117tros programos pa\u017eangos [&hellip;]\" \/>\n<meta property=\"og:url\" content=\"https:\/\/bilijardai.lt\/lt\/igyvendinamas-projektas-atsinaujinanciu-energijos-istekliu-diegimas-imoneje-uab-bilijardai\/\" \/>\n<meta property=\"og:site_name\" content=\"Bilijardai\" \/>\n<meta property=\"article:modified_time\" content=\"2024-01-05T12:46:15+00:00\" \/>\n<meta property=\"og:image\" content=\"https:\/\/bilijardai.lt\/wp-content\/uploads\/2024\/01\/EU-l-300x63.jpg\" \/>\n<meta name=\"twitter:card\" content=\"summary_large_image\" \/>\n<meta name=\"twitter:label1\" content=\"Est. reading time\" \/>\n\t<meta name=\"twitter:data1\" content=\"3 minut\u0117s\" \/>\n<script type=\"application\/ld+json\" class=\"yoast-schema-graph\">{\"@context\":\"https:\/\/schema.org\",\"@graph\":[{\"@type\":\"WebPage\",\"@id\":\"https:\/\/bilijardai.lt\/lt\/igyvendinamas-projektas-atsinaujinanciu-energijos-istekliu-diegimas-imoneje-uab-bilijardai\/\",\"url\":\"https:\/\/bilijardai.lt\/lt\/igyvendinamas-projektas-atsinaujinanciu-energijos-istekliu-diegimas-imoneje-uab-bilijardai\/\",\"name\":\"\u012eGYVENDINAMAS PROJEKTAS \u201eATSINAUJINAN\u010cI\u0172 ENERGIJOS I\u0160TEKLI\u0172 DIEGIMAS \u012eMON\u0116JE UAB \u201eBILIJARDAI\u201c - Bilijardai\",\"isPartOf\":{\"@id\":\"https:\/\/bilijardai.lt\/#website\"},\"primaryImageOfPage\":{\"@id\":\"https:\/\/bilijardai.lt\/lt\/igyvendinamas-projektas-atsinaujinanciu-energijos-istekliu-diegimas-imoneje-uab-bilijardai\/#primaryimage\"},\"image\":{\"@id\":\"https:\/\/bilijardai.lt\/lt\/igyvendinamas-projektas-atsinaujinanciu-energijos-istekliu-diegimas-imoneje-uab-bilijardai\/#primaryimage\"},\"thumbnailUrl\":\"https:\/\/bilijardai.lt\/wp-content\/uploads\/2024\/01\/EU-l-300x63.jpg\",\"datePublished\":\"2024-01-05T12:39:38+00:00\",\"dateModified\":\"2024-01-05T12:46:15+00:00\",\"inLanguage\":\"lt-LT\",\"potentialAction\":[{\"@type\":\"ReadAction\",\"target\":[\"https:\/\/bilijardai.lt\/lt\/igyvendinamas-projektas-atsinaujinanciu-energijos-istekliu-diegimas-imoneje-uab-bilijardai\/\"]}]},{\"@type\":\"ImageObject\",\"inLanguage\":\"lt-LT\",\"@id\":\"https:\/\/bilijardai.lt\/lt\/igyvendinamas-projektas-atsinaujinanciu-energijos-istekliu-diegimas-imoneje-uab-bilijardai\/#primaryimage\",\"url\":\"https:\/\/bilijardai.lt\/wp-content\/uploads\/2024\/01\/EU-l-300x63.jpg\",\"contentUrl\":\"https:\/\/bilijardai.lt\/wp-content\/uploads\/2024\/01\/EU-l-300x63.jpg\"},{\"@type\":\"WebSite\",\"@id\":\"https:\/\/bilijardai.lt\/#website\",\"url\":\"https:\/\/bilijardai.lt\/\",\"name\":\"Bilijardai\",\"description\":\"Kol kas tik dar vienas WordPress tinklalapis\",\"potentialAction\":[{\"@type\":\"SearchAction\",\"target\":{\"@type\":\"EntryPoint\",\"urlTemplate\":\"https:\/\/bilijardai.lt\/?s={search_term_string}\"},\"query-input\":{\"@type\":\"PropertyValueSpecification\",\"valueRequired\":true,\"valueName\":\"search_term_string\"}}],\"inLanguage\":\"lt-LT\"}]}<\/script>\n<!-- \/ Yoast SEO plugin. -->","yoast_head_json":{"title":"\u012eGYVENDINAMAS PROJEKTAS \u201eATSINAUJINAN\u010cI\u0172 ENERGIJOS I\u0160TEKLI\u0172 DIEGIMAS \u012eMON\u0116JE UAB \u201eBILIJARDAI\u201c - Bilijardai","robots":{"index":"index","follow":"follow","max-snippet":"max-snippet:-1","max-image-preview":"max-image-preview:large","max-video-preview":"max-video-preview:-1"},"canonical":"https:\/\/bilijardai.lt\/lt\/igyvendinamas-projektas-atsinaujinanciu-energijos-istekliu-diegimas-imoneje-uab-bilijardai\/","og_locale":"lt_LT","og_type":"article","og_title":"\u012eGYVENDINAMAS PROJEKTAS \u201eATSINAUJINAN\u010cI\u0172 ENERGIJOS I\u0160TEKLI\u0172 DIEGIMAS \u012eMON\u0116JE UAB \u201eBILIJARDAI\u201c - Bilijardai","og_description":"\u012eGYVENDINAMAS PROJEKTAS \u201eATSINAUJINAN\u010cI\u0172 ENERGIJOS I\u0160TEKLI\u0172 DIEGIMAS \u012eMON\u0116JE UAB \u201eBILIJARDAI\u201c UAB \u201eBilijardai\u201d nuo 2023 m. rugs\u0117jo 26 d. iki 2025 m. rugs\u0117jo 30 d. \u012fgyvendina projekt\u0105 \u201eatsinaujinan\u010di\u0173 energijos i\u0161tekli\u0173 diegimas \u012fmon\u0117je UAB \u201eBilijardai\u201c, (Nr. 02-011-K-0149) bendrai finansuojam\u0105 pagal 2022\u20132030 met\u0173 pl\u0117tros programos valdytojos Lietuvos Respublikos ekonomikos ir inovacij\u0173 ministerijos ekonomikos transformacijos ir konkurencingumo pl\u0117tros programos pa\u017eangos [&hellip;]","og_url":"https:\/\/bilijardai.lt\/lt\/igyvendinamas-projektas-atsinaujinanciu-energijos-istekliu-diegimas-imoneje-uab-bilijardai\/","og_site_name":"Bilijardai","article_modified_time":"2024-01-05T12:46:15+00:00","og_image":[{"url":"https:\/\/bilijardai.lt\/wp-content\/uploads\/2024\/01\/EU-l-300x63.jpg","type":"","width":"","height":""}],"twitter_card":"summary_large_image","twitter_misc":{"Est. reading time":"3 minut\u0117s"},"schema":{"@context":"https:\/\/schema.org","@graph":[{"@type":"WebPage","@id":"https:\/\/bilijardai.lt\/lt\/igyvendinamas-projektas-atsinaujinanciu-energijos-istekliu-diegimas-imoneje-uab-bilijardai\/","url":"https:\/\/bilijardai.lt\/lt\/igyvendinamas-projektas-atsinaujinanciu-energijos-istekliu-diegimas-imoneje-uab-bilijardai\/","name":"\u012eGYVENDINAMAS PROJEKTAS \u201eATSINAUJINAN\u010cI\u0172 ENERGIJOS I\u0160TEKLI\u0172 DIEGIMAS \u012eMON\u0116JE UAB \u201eBILIJARDAI\u201c - Bilijardai","isPartOf":{"@id":"https:\/\/bilijardai.lt\/#website"},"primaryImageOfPage":{"@id":"https:\/\/bilijardai.lt\/lt\/igyvendinamas-projektas-atsinaujinanciu-energijos-istekliu-diegimas-imoneje-uab-bilijardai\/#primaryimage"},"image":{"@id":"https:\/\/bilijardai.lt\/lt\/igyvendinamas-projektas-atsinaujinanciu-energijos-istekliu-diegimas-imoneje-uab-bilijardai\/#primaryimage"},"thumbnailUrl":"https:\/\/bilijardai.lt\/wp-content\/uploads\/2024\/01\/EU-l-300x63.jpg","datePublished":"2024-01-05T12:39:38+00:00","dateModified":"2024-01-05T12:46:15+00:00","inLanguage":"lt-LT","potentialAction":[{"@type":"ReadAction","target":["https:\/\/bilijardai.lt\/lt\/igyvendinamas-projektas-atsinaujinanciu-energijos-istekliu-diegimas-imoneje-uab-bilijardai\/"]}]},{"@type":"ImageObject","inLanguage":"lt-LT","@id":"https:\/\/bilijardai.lt\/lt\/igyvendinamas-projektas-atsinaujinanciu-energijos-istekliu-diegimas-imoneje-uab-bilijardai\/#primaryimage","url":"https:\/\/bilijardai.lt\/wp-content\/uploads\/2024\/01\/EU-l-300x63.jpg","contentUrl":"https:\/\/bilijardai.lt\/wp-content\/uploads\/2024\/01\/EU-l-300x63.jpg"},{"@type":"WebSite","@id":"https:\/\/bilijardai.lt\/#website","url":"https:\/\/bilijardai.lt\/","name":"Bilijardai","description":"Kol kas tik dar vienas WordPress tinklalapis","potentialAction":[{"@type":"SearchAction","target":{"@type":"EntryPoint","urlTemplate":"https:\/\/bilijardai.lt\/?s={search_term_string}"},"query-input":{"@type":"PropertyValueSpecification","valueRequired":true,"valueName":"search_term_string"}}],"inLanguage":"lt-LT"}]}},"_links":{"self":[{"href":"https:\/\/bilijardai.lt\/lt\/wp-json\/wp\/v2\/pages\/3453","targetHints":{"allow":["GET"]}}],"collection":[{"href":"https:\/\/bilijardai.lt\/lt\/wp-json\/wp\/v2\/pages"}],"about":[{"href":"https:\/\/bilijardai.lt\/lt\/wp-json\/wp\/v2\/types\/page"}],"author":[{"embeddable":true,"href":"https:\/\/bilijardai.lt\/lt\/wp-json\/wp\/v2\/users\/3"}],"replies":[{"embeddable":true,"href":"https:\/\/bilijardai.lt\/lt\/wp-json\/wp\/v2\/comments?post=3453"}],"version-history":[{"count":0,"href":"https:\/\/bilijardai.lt\/lt\/wp-json\/wp\/v2\/pages\/3453\/revisions"}],"wp:attachment":[{"href":"https:\/\/bilijardai.lt\/lt\/wp-json\/wp\/v2\/media?parent=3453"}],"curies":[{"name":"wp","href":"https:\/\/api.w.org\/{rel}","templated":true}]}}