{"id":3,"date":"2020-07-31T10:20:33","date_gmt":"2020-07-31T12:20:33","guid":{"rendered":"https:\/\/bilijardai.lt\/?page_id=3"},"modified":"2020-11-11T06:52:21","modified_gmt":"2020-11-11T08:52:21","slug":"privatumo-politika","status":"publish","type":"page","link":"https:\/\/bilijardai.lt\/lt\/privatumo-politika\/","title":{"rendered":"Privatumo politika"},"content":{"rendered":"<p style=\"text-align: justify;\">Mes, UAB \u201eBILIJARDAI\u201c (toliau \u2013 \u201eBilijardai\u201c arba Mes), patvirtiname, kad asmens duomenys yra ir turi b\u016bti svarb\u016bs Jums \u2013 M\u016bs\u0173 klientams, tod\u0117l Mes kaip paslaugos teik\u0117jai \u012fsipareigojame tinkamai saugoti bei gerbti kiekvieno duomen\u0173 subjekto Mums suteiktus duomenis ir privatum\u0105.<\/p>\n<p style=\"text-align: justify;\">\u0160ioje skiltyje rasite M\u016bs\u0173 internetin\u0117s svetain\u0117s (https:\/\/www.bilijardai.lt) (toliau \u2013 Internetin\u0117 svetain\u0117) privatumo politikos taisykles (toliau \u2013 Privatumo politika).<\/p>\n<p style=\"text-align: justify;\">M\u016bs\u0173 priimta Privatumo politika nustato, kokia tvarka Mes tvarkome informacij\u0105 apie Jus, kuri buvo surinkta Internetin\u0117je svetain\u0117je. Kilus klausim\u0173 d\u0117l asmens duomen\u0173 tvarkymo, pra\u0161ome perskaityti ir susipa\u017einti su \u201eBilijardai\u201c Privatumo politika.<\/p>\n<p style=\"text-align: justify;\">Naudodamiesi Internetine svetaine, J\u016bs sutinkate su \u0161ia Privatumo politika ir \u012fsipareigojate laikytis svetain\u0117je skelbiam\u0173 taisykli\u0173. Kitu atveju, nesutikus laikytis Internetin\u0117s svetain\u0117s taisykli\u0173 ir \u0161ios Privatumo politikos, J\u016bs negalite toliau naudotis M\u016bs\u0173 Internetine svetaine.<\/p>\n<p style=\"text-align: justify;\"><strong>Kokiu tikslu renkami (tvarkomi) asmens duomenys?<\/strong><\/p>\n<p style=\"text-align: justify;\">Siekdami susisiekti su mumis per svetain\u0117je esan\u010di\u0105 form\u0105, J\u016bs turite pateikti mums \u0161iuos duomenis: vard\u0105, el. pa\u0161t\u0105, telefono numer\u012f bei el.pa\u0161t\u0105. Mes \u012fsipareigojame rinkti ir naudoti J\u016bs\u0173 asmens duomenis tik tokiu atveju ir tokia apimtimi, kad gal\u0117tume u\u017etikrinti savo kaip paslaug\u0173 teik\u0117j\u0173 \u012fsipareigojimus.<\/p>\n<p style=\"text-align: justify;\"><strong>Kiek laiko j\u016bs\u0173 pateikta informacija yra saugoma?<\/strong><\/p>\n<p style=\"text-align: justify;\">Surinkti asmens duomenys yra saugomi m\u016bs\u0173 duomen\u0173 baz\u0117je ir spausdintiniuose dokumentuose tik tokiu atveju, jei po u\u017eklausos buvo \u012fsigyti m\u016bs\u0173 produktai. Taip pat duomenys saugomi ir tuo atveju, kai buvo gautas j\u016bs\u0173 sutikimas juos naudoti rinkodaros tikslais. \u201eBilijardai\u201c saugo J\u016bs\u0173 asmens duomenis tiek, kiek tai numato teis\u0117s aktai arba atsi\u017evelgiant \u012f duomen\u0173 tvarkymo tikslus, tuo atveju, kai numatytas ilgesnis duomen\u0173 saugojimo laikotarpis. Mes dedame pagr\u012fstas pastangas, kad J\u016bs\u0173, kaip duomen\u0173 subjekto, pateikti asmeniniai duomenys b\u016bt\u0173 apsaugoti.<\/p>\n<p style=\"text-align: justify;\"><strong>Kaip susipa\u017einti su pateikta informacija?<\/strong><\/p>\n<p style=\"text-align: justify;\">J\u016bs, kaip duomen\u0173 subjektas, turite teis\u0119 gauti vis\u0105 informacij\u0105 apie J\u016bs\u0173 asmens duomenis, kaip ir i\u0161 kur jie yra surinkti bei kaip juos tvarkome. J\u016bs turite teis\u0119 kreiptis \u012f mus su pra\u0161ymu pataisyti J\u016bs\u0173 asmens duomenis, sunaikinti juos ar j\u0173 nebetvarkyti. Duomen\u0173 subjektas gali nesutikti, kad j\u0173 duomenys b\u016bt\u0173 tvarkomi tiesiogin\u0117s rinkodaros tikslais taip pat bet kuriuo metu at\u0161aukti duot\u0105 sutikim\u0105. Nuo 2018 met\u0173 gegu\u017e\u0117s 25 d. \u012fsigaliojus Bendrajam duomen\u0173 apsaugos reglamentui, J\u016bs taip pat \u012fgyjate teis\u0119 reikalauti i\u0161trinti duomenis (\u201eteis\u0117 b\u016bti pamir\u0161tam\u201c), teis\u0119 \u012f duomen\u0173 perkeliamum\u0105 ir galimyb\u0119 pra\u0161yti, kad duomen\u0173 tvarkymas b\u016bt\u0173 apribotas.<\/p>\n<p style=\"text-align: justify;\">Nor\u0117dami, kad min\u0117ti veiksmai b\u016bt\u0173 atlikti, susisiekite su mumis el. pa\u0161tu bilijardai@bilijardai.lt<\/p>\n<p style=\"text-align: justify;\"><strong>Informacija apie slapukus<\/strong><\/p>\n<p style=\"text-align: justify;\">Slapukai (angl. \u201ecookies\u201c) \u2013 tai ma\u017ei informacijos elementai, kuriuos m\u016bs\u0173 serveris \u012fkelia \u012f naudotojo kompiuter\u012f, telefon\u0105 arba plan\u0161et\u0119, kad naudotojas gal\u0117t\u0173 lengviau u\u017emegzti ry\u0161\u012f ir veikti interneto svetain\u0117je, o mes gautume informacijos apie tai, kaip lankytojai naudojasi m\u016bs\u0173 svetaine. Svetain\u0117je naudojam\u0173 slapuk\u0173 tikslas yra u\u017etikrinti patog\u0173 naudojim\u0105si m\u016bs\u0173 puslapiu, jo funkcionalum\u0105 ir efektyvum\u0105. Slapukai nesuteikia mums joki\u0173 galimybi\u0173 patekti \u012f J\u016bs\u0173 kompiuter\u012f ir negali nuskaityti jokios J\u016bs\u0173 stand\u017eiajame diske \u012fra\u0161ytos informacijos.<\/p>\n<p style=\"text-align: justify;\"><strong>Sutikimas su slapukais<\/strong><\/p>\n<p style=\"text-align: justify;\">Atidarydami m\u016bs\u0173 interneto svetain\u0119 ir i\u0161\u0161okusiame laukelyje paspausdami mygtuk\u0105 \u201eSutinku\u201c, J\u016bs sutinkate, kad slapukai b\u016bt\u0173 i\u0161saugoti J\u016bs\u0173 kompiuteryje, telefone ar plan\u0161et\u0117je tokiu b\u016bdu, koks yra apra\u0161ytas J\u016bs\u0173 nar\u0161ykl\u0117je. Skirting\u0173 r\u016b\u0161i\u0173 slapuk\u0173 naudojimas yra apra\u0161ytas \u0161ioje politikoje. Jeigu nenorite, kad slapukai, prijunti prie m\u016bs\u0173 svetain\u0117s, b\u016bt\u0173 i\u0161saugoti J\u016bs\u0173 kompiuteryje, telefone ar plan\u0161et\u0117je, galite slapukus bet kada u\u017eblokuoti ar i\u0161valyti naudodamiesi naudojamos nar\u0161ykl\u0117s nustatymais. Informuojame, kad be slapuk\u0173 negal\u0117site naudotis daugeliu m\u016bs\u0173 svetain\u0117s privalum\u0173, pagerinan\u010di\u0173 svetain\u0117s funkcionalum\u0105. Negana to, be slapuk\u0173 kai kurios svetain\u0117s funkcijos gali tinkamai neveikti.<\/p>\n<p style=\"text-align: justify;\"><strong>Sutikimo at\u0161aukimas ir slapuk\u0173 nustatym\u0173 valdymas<\/strong><\/p>\n<p style=\"text-align: justify;\">Savo nar\u0161ykl\u0117je slapuk\u0173 nustatymus galite pakeisti bet kuriuo metu. Pavyzd\u017eiui, galite at\u0161aukti duot\u0105 sutikim\u0105 naudoti slapukus \u012fjungdami savo nar\u0161ykl\u0117s funkcij\u0105, leid\u017eian\u010di\u0105 atmesti bet kokius pasi\u016blymus i\u0161saugoti bet kokius slapukus. \u0160iuos nustatymus savo nar\u0161ykl\u0117je galite rasti nustatym\u0173 ar pirmenybi\u0173 meniu. \u017demiau rasite nauding\u0173 nuorod\u0173:<\/p>\n<p style=\"text-align: justify;\">Chrome:<\/p>\n<p style=\"text-align: justify;\">http:\/\/support.google.com\/chrome\/bin\/answer.py?hl=en&#038;answer=95647<\/p>\n<p style=\"text-align: justify;\">Firefox:<\/p>\n<p style=\"text-align: justify;\">http:\/\/support.mozilla.org\/en-US\/kb\/cookies-information-websites-store-on-your-computer?redirectlocale=en-US&#038;redirectslug=Cookies<\/p>\n<p style=\"text-align: justify;\">Internet Explorer:<\/p>\n<p style=\"text-align: justify;\">http:\/\/support.microsoft.com bei \u012fra\u0161ykite \u201ecookies\u201d paie\u0161kos langelyje<\/p>\n<p style=\"text-align: justify;\">Safari:<\/p>\n<p style=\"text-align: justify;\">http:\/\/www.apple.com\/support\/ bei \u012fra\u0161ykite \u201ecookies\u201d paie\u0161kos langelyje<\/p>\n<p style=\"text-align: justify;\"><strong>J\u016bs\u0173 teis\u0117s<\/strong><\/p>\n<p style=\"text-align: justify;\">J\u016bs turite teis\u0119 susipa\u017einti su savo duomenimis, kuriuos mes, gav\u0119 naudojant slapukus, tvarkome. Taip pat J\u016bs turite teis\u0119 reikalauti i\u0161taisyti neteisingus, nei\u0161samius, netikslius savo duomenis.<\/p>\n<p style=\"text-align: justify;\"><strong>Slapuk\u0173 r\u016b\u0161ys<\/strong><\/p>\n<p style=\"text-align: justify;\">Slapukai yra seanso ir ilgalaikiai bei pirmosios arba tre\u010diosios \u0161alies slapukai. Toliau paai\u0161kinsime, k\u0105 rei\u0161kia \u0161ie terminai, kad gal\u0117tum\u0117te geriau suprasti m\u016bs\u0173 naudojamus slapukus ir d\u0117l ko jie naudojami.<\/p>\n<p style=\"text-align: justify;\"><strong>Seanso slapukai<\/strong><\/p>\n<p style=\"text-align: justify;\">Seanso slapukai leid\u017eia Jus atpa\u017einti per vien\u0105 apsilankym\u0105 m\u016bs\u0173 svetain\u0117je, kad visi puslapio pakeitimai arba pasirinkimai b\u016bt\u0173 \u012fsimenami keliaujant i\u0161 vieno puslapio \u012f kit\u0105. \u0160ie slapukai leid\u017eia greitai ir lengvai eiti per daugyb\u0119 svetain\u0117s puslapi\u0173, kad kaskart apsilankius naujoje vietoje nereik\u0117t\u0173 i\u0161 naujo apdoroti informacijos. Seanso slapukai yra laikini ir i\u0161nyksta vos tik u\u017everiate nar\u0161ykl\u0119 arba atsijungiate nuo svetain\u0117s.<\/p>\n<p style=\"text-align: justify;\"><strong>Ilgalaikiai slapukai<\/strong><br \/>\nIlgalaikiai slapukai \u2013 tai tokie slapukai, kurie nustatyt\u0105 laikotarp\u012f i\u0161lieka J\u016bs\u0173 kompiuteryje pasibaigus nar\u0161ymo seansui, tod\u0117l gali \u012fra\u0161yti tam tikras naudotoj\u0173 parinktis arba veiksmus, kai svetain\u0117 aplankoma i\u0161 naujo.<\/p>\n<p style=\"text-align: justify;\"><strong>Pirmosios \u0161alies slapukai<\/strong><br \/>\nPirmosios \u0161alies slapukai yra valdomi UAB \u201eBilijardai\u201c.<\/p>\n<p style=\"text-align: justify;\"><strong>Tre\u010di\u0173j\u0173 \u0161ali\u0173 slapukai<\/strong><br \/>\nTre\u010di\u0173j\u0173 \u0161ali\u0173 slapukai yra valdomi kit\u0173 organizacij\u0173, kurios nepriklauso UAB \u201eBilijardai\u201c. Tre\u010di\u0173j\u0173 \u0161ali\u0173 slapukai, kurie gali b\u016bti i\u0161saugomi kompiuteryje, telefone ar plan\u0161et\u0117je, m\u016bs\u0173 svetain\u0117s nar\u0161ymo metu yra \u201eGoogle Analytics\u201c slapukai, skirti steb\u0117ti svetain\u0119. \u0160ie slapukai renka informacij\u0105 apie tai, kaip vartotojai naudoja interneto puslap\u012f. Mes naudojame toki\u0105 informacij\u0105 ruo\u0161ti ataskaitas, gerinti m\u016bs\u0173 svetain\u0117s kokyb\u0119. \u201eGoogle Analytics\u201c anonimi\u0161kai renka informacij\u0105 apie lankytoj\u0173 skai\u010di\u0173, viet\u0105, i\u0161 kurios buvo naudojamasi m\u016bs\u0173 svetaine, bei kokios svetain\u0117s dalys buvo nar\u0161omos lankytoj\u0173. \u0160ie slapukai yra sukurti \u201eGoogle Analytics\u201c. Nor\u0117dami gauti daugiau informacijos, galite aplankyti: http:\/\/www.google.com\/analytics.<\/p>\n<p style=\"text-align: justify;\">Bet kokia informacija, surinkta per slapukus, yra saugoma iki slapuk\u0173 galiojimo pabaigos ir n\u0117ra naudojama kitais nei \u0161ioje politikoje nurodytais tikslais.<\/p>\n<p style=\"text-align: justify;\">Nor\u0117dami daugiau su\u017einoti apie slapukus, pavyzd\u017eiui, kaip juos valdyti ar i\u0161trinti, galite apsilankyti: http:\/\/www.allaboutcookies.org<\/p>\n<p style=\"text-align: justify;\">Nor\u0117dami su\u017einoti, kaip panaikinti internetini\u0173 puslapi\u0173 steb\u0117jim\u0105 \u201eGoogle Analytics\u201c slapukais, galite aplankyti: http:\/\/tools.google.com\/dlpage\/gaoptout<\/p>\n<p style=\"text-align: justify;\"><strong>Nuorodos \u012f kitus tinklapius<\/strong><\/p>\n<p style=\"text-align: justify;\">M\u016bs\u0173 svetain\u0117je gali b\u016bti pateikiamos nuorodos \u012f kitus tinklapius u\u017e kuri\u0173 turinio teisingum\u0105 ir atititikim\u0105 galiojantiems teis\u0117s aktams \u201eBilijardai\u201c neatsako.<\/p>\n<p style=\"text-align: justify;\">Kilus klausim\u0173 ar nor\u0117dami \u012fgyvendinti savo teises, susisiekite su mumis el. pa\u0161tu bilijardai@bilijardai.lt arba kitais \u0161ioje svetain\u0117je nurodytais b\u016bdais.<\/p>\n","protected":false},"excerpt":{"rendered":"<p>Mes, UAB \u201eBILIJARDAI\u201c (toliau \u2013 \u201eBilijardai\u201c arba Mes), patvirtiname, kad asmens duomenys yra ir turi b\u016bti svarb\u016bs Jums \u2013 M\u016bs\u0173 klientams, tod\u0117l Mes kaip paslaugos teik\u0117jai \u012fsipareigojame tinkamai saugoti bei gerbti kiekvieno duomen\u0173 subjekto Mums suteiktus duomenis ir privatum\u0105. \u0160ioje skiltyje rasite M\u016bs\u0173 internetin\u0117s svetain\u0117s (https:\/\/www.bilijardai.lt) (toliau \u2013 Internetin\u0117 svetain\u0117) privatumo politikos taisykles (toliau \u2013 [&hellip;]<\/p>\n","protected":false},"author":1,"featured_media":0,"parent":0,"menu_order":21,"comment_status":"closed","ping_status":"closed","template":"","meta":{"_acf_changed":false,"footnotes":""},"class_list":["post-3","page","type-page","status-publish","hentry"],"acf":[],"yoast_head":"<!-- This site is optimized with the Yoast SEO plugin v25.2 - https:\/\/yoast.com\/wordpress\/plugins\/seo\/ -->\n<title>Privatumo politika - Bilijardai<\/title>\n<meta name=\"robots\" content=\"index, follow, max-snippet:-1, max-image-preview:large, max-video-preview:-1\" \/>\n<link rel=\"canonical\" href=\"https:\/\/bilijardai.lt\/lt\/privatumo-politika\/\" \/>\n<meta property=\"og:locale\" content=\"lt_LT\" \/>\n<meta property=\"og:type\" content=\"article\" \/>\n<meta property=\"og:title\" content=\"Privatumo politika - Bilijardai\" \/>\n<meta property=\"og:description\" content=\"Mes, UAB \u201eBILIJARDAI\u201c (toliau \u2013 \u201eBilijardai\u201c arba Mes), patvirtiname, kad asmens duomenys yra ir turi b\u016bti svarb\u016bs Jums \u2013 M\u016bs\u0173 klientams, tod\u0117l Mes kaip paslaugos teik\u0117jai \u012fsipareigojame tinkamai saugoti bei gerbti kiekvieno duomen\u0173 subjekto Mums suteiktus duomenis ir privatum\u0105. \u0160ioje skiltyje rasite M\u016bs\u0173 internetin\u0117s svetain\u0117s (https:\/\/www.bilijardai.lt) (toliau \u2013 Internetin\u0117 svetain\u0117) privatumo politikos taisykles (toliau \u2013 [&hellip;]\" \/>\n<meta property=\"og:url\" content=\"https:\/\/bilijardai.lt\/lt\/privatumo-politika\/\" \/>\n<meta property=\"og:site_name\" content=\"Bilijardai\" \/>\n<meta property=\"article:modified_time\" content=\"2020-11-11T08:52:21+00:00\" \/>\n<meta name=\"twitter:card\" content=\"summary_large_image\" \/>\n<meta name=\"twitter:label1\" content=\"Est. reading time\" \/>\n\t<meta name=\"twitter:data1\" content=\"6 minut\u0117s\" \/>\n<script type=\"application\/ld+json\" class=\"yoast-schema-graph\">{\"@context\":\"https:\/\/schema.org\",\"@graph\":[{\"@type\":\"WebPage\",\"@id\":\"https:\/\/bilijardai.lt\/lt\/privatumo-politika\/\",\"url\":\"https:\/\/bilijardai.lt\/lt\/privatumo-politika\/\",\"name\":\"Privatumo politika - Bilijardai\",\"isPartOf\":{\"@id\":\"https:\/\/bilijardai.lt\/#website\"},\"datePublished\":\"2020-07-31T12:20:33+00:00\",\"dateModified\":\"2020-11-11T08:52:21+00:00\",\"inLanguage\":\"lt-LT\",\"potentialAction\":[{\"@type\":\"ReadAction\",\"target\":[\"https:\/\/bilijardai.lt\/lt\/privatumo-politika\/\"]}]},{\"@type\":\"WebSite\",\"@id\":\"https:\/\/bilijardai.lt\/#website\",\"url\":\"https:\/\/bilijardai.lt\/\",\"name\":\"Bilijardai\",\"description\":\"Kol kas tik dar vienas WordPress tinklalapis\",\"potentialAction\":[{\"@type\":\"SearchAction\",\"target\":{\"@type\":\"EntryPoint\",\"urlTemplate\":\"https:\/\/bilijardai.lt\/?s={search_term_string}\"},\"query-input\":{\"@type\":\"PropertyValueSpecification\",\"valueRequired\":true,\"valueName\":\"search_term_string\"}}],\"inLanguage\":\"lt-LT\"}]}<\/script>\n<!-- \/ Yoast SEO plugin. -->","yoast_head_json":{"title":"Privatumo politika - Bilijardai","robots":{"index":"index","follow":"follow","max-snippet":"max-snippet:-1","max-image-preview":"max-image-preview:large","max-video-preview":"max-video-preview:-1"},"canonical":"https:\/\/bilijardai.lt\/lt\/privatumo-politika\/","og_locale":"lt_LT","og_type":"article","og_title":"Privatumo politika - Bilijardai","og_description":"Mes, UAB \u201eBILIJARDAI\u201c (toliau \u2013 \u201eBilijardai\u201c arba Mes), patvirtiname, kad asmens duomenys yra ir turi b\u016bti svarb\u016bs Jums \u2013 M\u016bs\u0173 klientams, tod\u0117l Mes kaip paslaugos teik\u0117jai \u012fsipareigojame tinkamai saugoti bei gerbti kiekvieno duomen\u0173 subjekto Mums suteiktus duomenis ir privatum\u0105. \u0160ioje skiltyje rasite M\u016bs\u0173 internetin\u0117s svetain\u0117s (https:\/\/www.bilijardai.lt) (toliau \u2013 Internetin\u0117 svetain\u0117) privatumo politikos taisykles (toliau \u2013 [&hellip;]","og_url":"https:\/\/bilijardai.lt\/lt\/privatumo-politika\/","og_site_name":"Bilijardai","article_modified_time":"2020-11-11T08:52:21+00:00","twitter_card":"summary_large_image","twitter_misc":{"Est. reading time":"6 minut\u0117s"},"schema":{"@context":"https:\/\/schema.org","@graph":[{"@type":"WebPage","@id":"https:\/\/bilijardai.lt\/lt\/privatumo-politika\/","url":"https:\/\/bilijardai.lt\/lt\/privatumo-politika\/","name":"Privatumo politika - Bilijardai","isPartOf":{"@id":"https:\/\/bilijardai.lt\/#website"},"datePublished":"2020-07-31T12:20:33+00:00","dateModified":"2020-11-11T08:52:21+00:00","inLanguage":"lt-LT","potentialAction":[{"@type":"ReadAction","target":["https:\/\/bilijardai.lt\/lt\/privatumo-politika\/"]}]},{"@type":"WebSite","@id":"https:\/\/bilijardai.lt\/#website","url":"https:\/\/bilijardai.lt\/","name":"Bilijardai","description":"Kol kas tik dar vienas WordPress tinklalapis","potentialAction":[{"@type":"SearchAction","target":{"@type":"EntryPoint","urlTemplate":"https:\/\/bilijardai.lt\/?s={search_term_string}"},"query-input":{"@type":"PropertyValueSpecification","valueRequired":true,"valueName":"search_term_string"}}],"inLanguage":"lt-LT"}]}},"_links":{"self":[{"href":"https:\/\/bilijardai.lt\/lt\/wp-json\/wp\/v2\/pages\/3","targetHints":{"allow":["GET"]}}],"collection":[{"href":"https:\/\/bilijardai.lt\/lt\/wp-json\/wp\/v2\/pages"}],"about":[{"href":"https:\/\/bilijardai.lt\/lt\/wp-json\/wp\/v2\/types\/page"}],"author":[{"embeddable":true,"href":"https:\/\/bilijardai.lt\/lt\/wp-json\/wp\/v2\/users\/1"}],"replies":[{"embeddable":true,"href":"https:\/\/bilijardai.lt\/lt\/wp-json\/wp\/v2\/comments?post=3"}],"version-history":[{"count":0,"href":"https:\/\/bilijardai.lt\/lt\/wp-json\/wp\/v2\/pages\/3\/revisions"}],"wp:attachment":[{"href":"https:\/\/bilijardai.lt\/lt\/wp-json\/wp\/v2\/media?parent=3"}],"curies":[{"name":"wp","href":"https:\/\/api.w.org\/{rel}","templated":true}]}}