{"id":2974,"date":"2020-12-04T12:24:08","date_gmt":"2020-12-04T14:24:08","guid":{"rendered":"https:\/\/bilijardai.lt\/?page_id=2974"},"modified":"2020-12-04T12:24:08","modified_gmt":"2020-12-04T14:24:08","slug":"priemones-naujos-galimybes-lt-pagalba-imone-pristate-savo-naujausia-produkcija-uzsienio-parodose-2","status":"publish","type":"page","link":"https:\/\/bilijardai.lt\/lt\/priemones-naujos-galimybes-lt-pagalba-imone-pristate-savo-naujausia-produkcija-uzsienio-parodose-2\/","title":{"rendered":"Priemon\u0117s \u201eNaujos galimyb\u0117s LT\u201c pagalba \u012fmon\u0117 pristat\u0117 savo naujausi\u0105 produkcij\u0105 u\u017esienio parodose"},"content":{"rendered":"<div>\n<div>\n<div>\n<p>UAB \u201eBilijardai\u201c, stabiliai auganti \u017eaidimo stal\u0173 gamybos srityje, \u012fgyvendino projekt\u0105 \u201eUAB &#8222;Bilijardai&#8221; eksporto rink\u0173 pl\u0117tra\u201c \u00a0Nr. 03.2.1-LVPA-K-801-02-0159 (Projekto vert\u0117 22\u00a0724 eurai). \u0160io projekto tikslas &#8211; pasinaudojant ES parama paskatinti eksporto pl\u0117tr\u0105 \u012f potencialo turin\u010dias rinkas.<\/p>\n<p>Kadangi Lietuvos rinka yra gana ma\u017ea, pagrindinis bendrov\u0117s d\u0117mesys skiriamas pl\u0117tros u\u017esienio rinkose galimybi\u0173 paie\u0161kai. Dalyvavimas parodose yra vienas i\u0161 efektyviausi\u0173 b\u016bd\u0173 didinti savo pardavimus u\u017esienio rinkose. Investavusi ES strukt\u016brini\u0173 fond\u0173 param\u0105 eksporto pl\u0117trai pagal 2014-2020 met\u0173 ekonomikos augimo veiksm\u0173 programos priemon\u0119 \u201eNaujos galimyb\u0117s\u201c, UAB \u201eBilijardai\u201c dalyvavo dvejose parodose, vykusiose Jungtin\u0117je Karalyst\u0117je ir JAV.<\/p>\n<p>Pasak UAB \u201eBilijardai\u201c direktoriaus pavaduotojo Ri\u010dardo Andriu\u0161kevi\u010diaus, Projekto \u012fgyvendinimo metu \u012fmon\u0117 \u017eenkliai i\u0161pl\u0117t\u0117 pozicijas Jungtin\u0117je Karalyst\u0117je ir JAV, u\u017emezg\u0117 perspektyvius partneryst\u0117s ry\u0161ius bei padidino tiesiogini\u0173 klient\u0173 u\u017esakym\u0173 portfel\u012f.<\/p>\n<p>UAB \u201eBilijardai\u201c i\u0161 Europos regionin\u0117s pl\u0117tros fondo 11 362,00\u00a0 eur\u0173 finansavim\u0105 dalyvavimui parodose gavo pagal 2014\u20132020\u202fm. Europos S\u0105jungos fond\u0173 investicij\u0173 veiksm\u0173 programos 3 prioriteto \u201eSmulkiojo ir vidutinio verslo konkurencingumo skatinimas\u201c priemon\u0119 \u201eNaujos galimyb\u0117s LT\u201c, kuria yra skatinama \u012fmoni\u0173 produkcijos pristatymas u\u017esienyje vykstan\u010diose tarptautin\u0117se parodose. Projekto \u012fgyvendinim\u0105 remia Lietuvos Respublika ir i\u0161 dalies finansuoja Europos regionin\u0117s pl\u0117tros fondas.<\/p>\n<p>Tikim\u0117s, kad projekto veikl\u0173 \u012fgyvendinimas ir pasiekti tikslai leis ir toliau didinti UAB \u201eBilijardai\u201c pardavim\u0173 ir eksporto augim\u0105 bei pasi\u016blyti pirk\u0117jams naujus inovatyvius produktus, taip i\u0161liekant konkurencingiems rinkoje.<\/p>\n<p>Daugiau informacijos:<\/p>\n<p>Ri\u010dardas Andriu\u0161kevi\u010dius<\/p>\n<p>Direktoriaus pavaduotojas<\/p>\n<p>Tel.: 8-698-18840<\/p>\n<p>Elektroninis pa\u0161tas: <a href=\"mailto:ricardas@bilijardai.lt\">ricardas@bilijardai.lt<\/a><\/p>\n<\/div>\n<\/div>\n<\/div>\n","protected":false},"excerpt":{"rendered":"<p>UAB \u201eBilijardai\u201c, stabiliai auganti \u017eaidimo stal\u0173 gamybos srityje, \u012fgyvendino projekt\u0105 \u201eUAB &#8222;Bilijardai&#8221; eksporto rink\u0173 pl\u0117tra\u201c \u00a0Nr. 03.2.1-LVPA-K-801-02-0159 (Projekto vert\u0117 22\u00a0724 eurai). \u0160io projekto tikslas &#8211; pasinaudojant ES parama paskatinti eksporto pl\u0117tr\u0105 \u012f potencialo turin\u010dias rinkas. Kadangi Lietuvos rinka yra gana ma\u017ea, pagrindinis bendrov\u0117s d\u0117mesys skiriamas pl\u0117tros u\u017esienio rinkose galimybi\u0173 paie\u0161kai. Dalyvavimas parodose yra vienas i\u0161 [&hellip;]<\/p>\n","protected":false},"author":1,"featured_media":0,"parent":0,"menu_order":0,"comment_status":"closed","ping_status":"closed","template":"","meta":{"_acf_changed":false,"footnotes":""},"class_list":["post-2974","page","type-page","status-publish","hentry"],"acf":[],"yoast_head":"<!-- This site is optimized with the Yoast SEO plugin v25.2 - https:\/\/yoast.com\/wordpress\/plugins\/seo\/ -->\n<title>Priemon\u0117s \u201eNaujos galimyb\u0117s LT\u201c pagalba \u012fmon\u0117 pristat\u0117 savo naujausi\u0105 produkcij\u0105 u\u017esienio parodose - Bilijardai<\/title>\n<meta name=\"robots\" content=\"index, follow, max-snippet:-1, max-image-preview:large, max-video-preview:-1\" \/>\n<link rel=\"canonical\" href=\"https:\/\/bilijardai.lt\/lt\/priemones-naujos-galimybes-lt-pagalba-imone-pristate-savo-naujausia-produkcija-uzsienio-parodose-2\/\" \/>\n<meta property=\"og:locale\" content=\"lt_LT\" \/>\n<meta property=\"og:type\" content=\"article\" \/>\n<meta property=\"og:title\" content=\"Priemon\u0117s \u201eNaujos galimyb\u0117s LT\u201c pagalba \u012fmon\u0117 pristat\u0117 savo naujausi\u0105 produkcij\u0105 u\u017esienio parodose - Bilijardai\" \/>\n<meta property=\"og:description\" content=\"UAB \u201eBilijardai\u201c, stabiliai auganti \u017eaidimo stal\u0173 gamybos srityje, \u012fgyvendino projekt\u0105 \u201eUAB &#8222;Bilijardai&#8221; eksporto rink\u0173 pl\u0117tra\u201c \u00a0Nr. 03.2.1-LVPA-K-801-02-0159 (Projekto vert\u0117 22\u00a0724 eurai). \u0160io projekto tikslas &#8211; pasinaudojant ES parama paskatinti eksporto pl\u0117tr\u0105 \u012f potencialo turin\u010dias rinkas. Kadangi Lietuvos rinka yra gana ma\u017ea, pagrindinis bendrov\u0117s d\u0117mesys skiriamas pl\u0117tros u\u017esienio rinkose galimybi\u0173 paie\u0161kai. Dalyvavimas parodose yra vienas i\u0161 [&hellip;]\" \/>\n<meta property=\"og:url\" content=\"https:\/\/bilijardai.lt\/lt\/priemones-naujos-galimybes-lt-pagalba-imone-pristate-savo-naujausia-produkcija-uzsienio-parodose-2\/\" \/>\n<meta property=\"og:site_name\" content=\"Bilijardai\" \/>\n<meta name=\"twitter:card\" content=\"summary_large_image\" \/>\n<meta name=\"twitter:label1\" content=\"Est. reading time\" \/>\n\t<meta name=\"twitter:data1\" content=\"1 minut\u0117\" \/>\n<script type=\"application\/ld+json\" class=\"yoast-schema-graph\">{\"@context\":\"https:\/\/schema.org\",\"@graph\":[{\"@type\":\"WebPage\",\"@id\":\"https:\/\/bilijardai.lt\/lt\/priemones-naujos-galimybes-lt-pagalba-imone-pristate-savo-naujausia-produkcija-uzsienio-parodose-2\/\",\"url\":\"https:\/\/bilijardai.lt\/lt\/priemones-naujos-galimybes-lt-pagalba-imone-pristate-savo-naujausia-produkcija-uzsienio-parodose-2\/\",\"name\":\"Priemon\u0117s \u201eNaujos galimyb\u0117s LT\u201c pagalba \u012fmon\u0117 pristat\u0117 savo naujausi\u0105 produkcij\u0105 u\u017esienio parodose - Bilijardai\",\"isPartOf\":{\"@id\":\"https:\/\/bilijardai.lt\/#website\"},\"datePublished\":\"2020-12-04T14:24:08+00:00\",\"inLanguage\":\"lt-LT\",\"potentialAction\":[{\"@type\":\"ReadAction\",\"target\":[\"https:\/\/bilijardai.lt\/lt\/priemones-naujos-galimybes-lt-pagalba-imone-pristate-savo-naujausia-produkcija-uzsienio-parodose-2\/\"]}]},{\"@type\":\"WebSite\",\"@id\":\"https:\/\/bilijardai.lt\/#website\",\"url\":\"https:\/\/bilijardai.lt\/\",\"name\":\"Bilijardai\",\"description\":\"Kol kas tik dar vienas WordPress tinklalapis\",\"potentialAction\":[{\"@type\":\"SearchAction\",\"target\":{\"@type\":\"EntryPoint\",\"urlTemplate\":\"https:\/\/bilijardai.lt\/?s={search_term_string}\"},\"query-input\":{\"@type\":\"PropertyValueSpecification\",\"valueRequired\":true,\"valueName\":\"search_term_string\"}}],\"inLanguage\":\"lt-LT\"}]}<\/script>\n<!-- \/ Yoast SEO plugin. -->","yoast_head_json":{"title":"Priemon\u0117s \u201eNaujos galimyb\u0117s LT\u201c pagalba \u012fmon\u0117 pristat\u0117 savo naujausi\u0105 produkcij\u0105 u\u017esienio parodose - Bilijardai","robots":{"index":"index","follow":"follow","max-snippet":"max-snippet:-1","max-image-preview":"max-image-preview:large","max-video-preview":"max-video-preview:-1"},"canonical":"https:\/\/bilijardai.lt\/lt\/priemones-naujos-galimybes-lt-pagalba-imone-pristate-savo-naujausia-produkcija-uzsienio-parodose-2\/","og_locale":"lt_LT","og_type":"article","og_title":"Priemon\u0117s \u201eNaujos galimyb\u0117s LT\u201c pagalba \u012fmon\u0117 pristat\u0117 savo naujausi\u0105 produkcij\u0105 u\u017esienio parodose - Bilijardai","og_description":"UAB \u201eBilijardai\u201c, stabiliai auganti \u017eaidimo stal\u0173 gamybos srityje, \u012fgyvendino projekt\u0105 \u201eUAB &#8222;Bilijardai&#8221; eksporto rink\u0173 pl\u0117tra\u201c \u00a0Nr. 03.2.1-LVPA-K-801-02-0159 (Projekto vert\u0117 22\u00a0724 eurai). \u0160io projekto tikslas &#8211; pasinaudojant ES parama paskatinti eksporto pl\u0117tr\u0105 \u012f potencialo turin\u010dias rinkas. Kadangi Lietuvos rinka yra gana ma\u017ea, pagrindinis bendrov\u0117s d\u0117mesys skiriamas pl\u0117tros u\u017esienio rinkose galimybi\u0173 paie\u0161kai. Dalyvavimas parodose yra vienas i\u0161 [&hellip;]","og_url":"https:\/\/bilijardai.lt\/lt\/priemones-naujos-galimybes-lt-pagalba-imone-pristate-savo-naujausia-produkcija-uzsienio-parodose-2\/","og_site_name":"Bilijardai","twitter_card":"summary_large_image","twitter_misc":{"Est. reading time":"1 minut\u0117"},"schema":{"@context":"https:\/\/schema.org","@graph":[{"@type":"WebPage","@id":"https:\/\/bilijardai.lt\/lt\/priemones-naujos-galimybes-lt-pagalba-imone-pristate-savo-naujausia-produkcija-uzsienio-parodose-2\/","url":"https:\/\/bilijardai.lt\/lt\/priemones-naujos-galimybes-lt-pagalba-imone-pristate-savo-naujausia-produkcija-uzsienio-parodose-2\/","name":"Priemon\u0117s \u201eNaujos galimyb\u0117s LT\u201c pagalba \u012fmon\u0117 pristat\u0117 savo naujausi\u0105 produkcij\u0105 u\u017esienio parodose - Bilijardai","isPartOf":{"@id":"https:\/\/bilijardai.lt\/#website"},"datePublished":"2020-12-04T14:24:08+00:00","inLanguage":"lt-LT","potentialAction":[{"@type":"ReadAction","target":["https:\/\/bilijardai.lt\/lt\/priemones-naujos-galimybes-lt-pagalba-imone-pristate-savo-naujausia-produkcija-uzsienio-parodose-2\/"]}]},{"@type":"WebSite","@id":"https:\/\/bilijardai.lt\/#website","url":"https:\/\/bilijardai.lt\/","name":"Bilijardai","description":"Kol kas tik dar vienas WordPress tinklalapis","potentialAction":[{"@type":"SearchAction","target":{"@type":"EntryPoint","urlTemplate":"https:\/\/bilijardai.lt\/?s={search_term_string}"},"query-input":{"@type":"PropertyValueSpecification","valueRequired":true,"valueName":"search_term_string"}}],"inLanguage":"lt-LT"}]}},"_links":{"self":[{"href":"https:\/\/bilijardai.lt\/lt\/wp-json\/wp\/v2\/pages\/2974","targetHints":{"allow":["GET"]}}],"collection":[{"href":"https:\/\/bilijardai.lt\/lt\/wp-json\/wp\/v2\/pages"}],"about":[{"href":"https:\/\/bilijardai.lt\/lt\/wp-json\/wp\/v2\/types\/page"}],"author":[{"embeddable":true,"href":"https:\/\/bilijardai.lt\/lt\/wp-json\/wp\/v2\/users\/1"}],"replies":[{"embeddable":true,"href":"https:\/\/bilijardai.lt\/lt\/wp-json\/wp\/v2\/comments?post=2974"}],"version-history":[{"count":0,"href":"https:\/\/bilijardai.lt\/lt\/wp-json\/wp\/v2\/pages\/2974\/revisions"}],"wp:attachment":[{"href":"https:\/\/bilijardai.lt\/lt\/wp-json\/wp\/v2\/media?parent=2974"}],"curies":[{"name":"wp","href":"https:\/\/api.w.org\/{rel}","templated":true}]}}