{"id":2973,"date":"2020-12-04T12:23:03","date_gmt":"2020-12-04T14:23:03","guid":{"rendered":"https:\/\/bilijardai.lt\/?page_id=2973"},"modified":"2020-12-04T12:23:03","modified_gmt":"2020-12-04T14:23:03","slug":"futuristiniu-biliardo-stalu-dizaino-sukurimas","status":"publish","type":"page","link":"https:\/\/bilijardai.lt\/lt\/futuristiniu-biliardo-stalu-dizaino-sukurimas\/","title":{"rendered":"Futuristini\u0173 biliardo stal\u0173 dizaino suk\u016brimas"},"content":{"rendered":"<div>\n<div>\n<div>\n<p>UAB &#8222;Bilijardai&#8221; stabiliai dirbanti \u017eaidimo stal\u0173 gamybos srityje, s\u0117kmingai \u012fgyvendina projekt\u0105 \u201eFuturistini\u0173 biliardo stalo dizain\u0173 suk\u016brimas\u201c (03.3.1-LVPA-K-838.01-0019).<\/p>\n<p>\u0160iuo metu u\u017esienio biliardo stal\u0173 rinkoje auga paklausa i\u0161skirtinio dizaino, futuristinio stiliaus stalams. \u0160iuo projektu siekiama sukurti i\u0161skirtinius biliardo stalo dizainus, kurie i\u0161siskirt\u0173 unikalia konstrukcija ir futuristiniu dizainu. Suk\u016brus \u0161iuos dizainus, b\u016bt\u0173 galima prad\u0117ti nauj\u0173 stal\u0173 gamyb\u0105. Planuojama, kad naujo dizaino stalai, kaip ir dauguma \u0161iuo metu pagamintos produkcijos, b\u016bt\u0173 eksportuojami \u012f u\u017esienio rinkas, kas didint\u0173 bendras regiono eksporto apimtis.<\/p>\n<p>Projekto \u201eFuturistini\u0173 biliardo stalo dizain\u0173 suk\u016brimas\u201c tikslas yra sukurti 5 i\u0161skirtinio stiliaus biliardo stal\u0173 dizainus, i\u0161 kuri\u0173 1 b\u016bt\u0173 pritaikytas asmenims ne\u012fgali\u0173j\u0173 ve\u017eim\u0117liuose. UAB \u201eBilijardai\u201c \u0161iuo metu kontroliuoja s\u0117kmingai vykstan\u010dius u\u017esakomuosius dizaino darbus (projekto biud\u017eetas: 14.852 eurai).<\/p>\n<p>Projektas yra i\u0161 dalies finansuojamas i\u0161 Europos regionin\u0117s pl\u0117tros fondo l\u0117\u0161\u0173: 8.465,61 eur\u0173 parama buvo gauta pagal 2014\u20132020 met\u0173 Europos S\u0105jungos fond\u0173 investicij\u0173 veiksm\u0173 programos 3 prioriteto \u201eSmulkiojo ir vidutinio verslo konkurencingumo skatinimas\u201c priemon\u0119 &#8222;Dizainas LT&#8221;, kuria yra skatinama Lietuvos \u012fmones investuoti \u012f gamini\u0173 (paslaug\u0173) dizaino sprendimus, siekiant padidinti \u012fmon\u0117s produkt\u0173 ar paslaug\u0173 patrauklum\u0105, o kartu ir paklaus\u0105 bei \u012fmon\u0117s produktyvum\u0105. Projekto \u012fgyvendinim\u0105 remia Lietuvos Respublika ir i\u0161 dalies finansuoja Europos S\u0105junga.<\/p>\n<p>Vykdomo projekto rezultatas \u2013 5 nauji dizainai, leis \u012fmonei \u012feiti \u012f nauj\u0105 esam\u0173 rink\u0173 ni\u0161\u0105 ir prad\u0117ti prekyb\u0105 auk\u0161tos prid\u0117tin\u0117s vert\u0117s produktais.<\/p>\n<p>Tikimasi, kad projekto veikl\u0173 rezultatas leis padidinti \u012fmon\u0117s apyvartos ir darbo na\u0161umo rodikli\u0173 augim\u0105. UAB &#8222;Bilijardai&#8221; savo l\u0117\u0161omis vykdys pardavim\u0173 veiksmus esamose rinkose taip siekdama efektyvinti \u012fmon\u0117s veikl\u0105 ir i\u0161likti konkurencinga.<\/p>\n<p>Daugiau informacijos:<\/p>\n<p>Ri\u010dardas Andriu\u0161kevi\u010dius<\/p>\n<p>Direktoriaus pavaduotojas<\/p>\n<p>Tel.: 8-698-18840<\/p>\n<p>Elektroninis pa\u0161tas: <a href=\"mailto:ricardas@bilijardai.lt\">ricardas@bilijardai.lt<\/a><\/p>\n<\/div>\n<\/div>\n<\/div>\n","protected":false},"excerpt":{"rendered":"<p>UAB &#8222;Bilijardai&#8221; stabiliai dirbanti \u017eaidimo stal\u0173 gamybos srityje, s\u0117kmingai \u012fgyvendina projekt\u0105 \u201eFuturistini\u0173 biliardo stalo dizain\u0173 suk\u016brimas\u201c (03.3.1-LVPA-K-838.01-0019). \u0160iuo metu u\u017esienio biliardo stal\u0173 rinkoje auga paklausa i\u0161skirtinio dizaino, futuristinio stiliaus stalams. \u0160iuo projektu siekiama sukurti i\u0161skirtinius biliardo stalo dizainus, kurie i\u0161siskirt\u0173 unikalia konstrukcija ir futuristiniu dizainu. Suk\u016brus \u0161iuos dizainus, b\u016bt\u0173 galima prad\u0117ti nauj\u0173 stal\u0173 gamyb\u0105. Planuojama, [&hellip;]<\/p>\n","protected":false},"author":1,"featured_media":0,"parent":0,"menu_order":0,"comment_status":"closed","ping_status":"closed","template":"","meta":{"_acf_changed":false,"footnotes":""},"class_list":["post-2973","page","type-page","status-publish","hentry"],"acf":[],"yoast_head":"<!-- This site is optimized with the Yoast SEO plugin v25.2 - https:\/\/yoast.com\/wordpress\/plugins\/seo\/ -->\n<title>Futuristini\u0173 biliardo stal\u0173 dizaino suk\u016brimas - Bilijardai<\/title>\n<meta name=\"robots\" content=\"index, follow, max-snippet:-1, max-image-preview:large, max-video-preview:-1\" \/>\n<link rel=\"canonical\" href=\"https:\/\/bilijardai.lt\/lt\/futuristiniu-biliardo-stalu-dizaino-sukurimas\/\" \/>\n<meta property=\"og:locale\" content=\"lt_LT\" \/>\n<meta property=\"og:type\" content=\"article\" \/>\n<meta property=\"og:title\" content=\"Futuristini\u0173 biliardo stal\u0173 dizaino suk\u016brimas - Bilijardai\" \/>\n<meta property=\"og:description\" content=\"UAB &#8222;Bilijardai&#8221; stabiliai dirbanti \u017eaidimo stal\u0173 gamybos srityje, s\u0117kmingai \u012fgyvendina projekt\u0105 \u201eFuturistini\u0173 biliardo stalo dizain\u0173 suk\u016brimas\u201c (03.3.1-LVPA-K-838.01-0019). \u0160iuo metu u\u017esienio biliardo stal\u0173 rinkoje auga paklausa i\u0161skirtinio dizaino, futuristinio stiliaus stalams. \u0160iuo projektu siekiama sukurti i\u0161skirtinius biliardo stalo dizainus, kurie i\u0161siskirt\u0173 unikalia konstrukcija ir futuristiniu dizainu. Suk\u016brus \u0161iuos dizainus, b\u016bt\u0173 galima prad\u0117ti nauj\u0173 stal\u0173 gamyb\u0105. Planuojama, [&hellip;]\" \/>\n<meta property=\"og:url\" content=\"https:\/\/bilijardai.lt\/lt\/futuristiniu-biliardo-stalu-dizaino-sukurimas\/\" \/>\n<meta property=\"og:site_name\" content=\"Bilijardai\" \/>\n<meta name=\"twitter:card\" content=\"summary_large_image\" \/>\n<meta name=\"twitter:label1\" content=\"Est. reading time\" \/>\n\t<meta name=\"twitter:data1\" content=\"1 minut\u0117\" \/>\n<script type=\"application\/ld+json\" class=\"yoast-schema-graph\">{\"@context\":\"https:\/\/schema.org\",\"@graph\":[{\"@type\":\"WebPage\",\"@id\":\"https:\/\/bilijardai.lt\/lt\/futuristiniu-biliardo-stalu-dizaino-sukurimas\/\",\"url\":\"https:\/\/bilijardai.lt\/lt\/futuristiniu-biliardo-stalu-dizaino-sukurimas\/\",\"name\":\"Futuristini\u0173 biliardo stal\u0173 dizaino suk\u016brimas - Bilijardai\",\"isPartOf\":{\"@id\":\"https:\/\/bilijardai.lt\/#website\"},\"datePublished\":\"2020-12-04T14:23:03+00:00\",\"inLanguage\":\"lt-LT\",\"potentialAction\":[{\"@type\":\"ReadAction\",\"target\":[\"https:\/\/bilijardai.lt\/lt\/futuristiniu-biliardo-stalu-dizaino-sukurimas\/\"]}]},{\"@type\":\"WebSite\",\"@id\":\"https:\/\/bilijardai.lt\/#website\",\"url\":\"https:\/\/bilijardai.lt\/\",\"name\":\"Bilijardai\",\"description\":\"Kol kas tik dar vienas WordPress tinklalapis\",\"potentialAction\":[{\"@type\":\"SearchAction\",\"target\":{\"@type\":\"EntryPoint\",\"urlTemplate\":\"https:\/\/bilijardai.lt\/?s={search_term_string}\"},\"query-input\":{\"@type\":\"PropertyValueSpecification\",\"valueRequired\":true,\"valueName\":\"search_term_string\"}}],\"inLanguage\":\"lt-LT\"}]}<\/script>\n<!-- \/ Yoast SEO plugin. -->","yoast_head_json":{"title":"Futuristini\u0173 biliardo stal\u0173 dizaino suk\u016brimas - Bilijardai","robots":{"index":"index","follow":"follow","max-snippet":"max-snippet:-1","max-image-preview":"max-image-preview:large","max-video-preview":"max-video-preview:-1"},"canonical":"https:\/\/bilijardai.lt\/lt\/futuristiniu-biliardo-stalu-dizaino-sukurimas\/","og_locale":"lt_LT","og_type":"article","og_title":"Futuristini\u0173 biliardo stal\u0173 dizaino suk\u016brimas - Bilijardai","og_description":"UAB &#8222;Bilijardai&#8221; stabiliai dirbanti \u017eaidimo stal\u0173 gamybos srityje, s\u0117kmingai \u012fgyvendina projekt\u0105 \u201eFuturistini\u0173 biliardo stalo dizain\u0173 suk\u016brimas\u201c (03.3.1-LVPA-K-838.01-0019). \u0160iuo metu u\u017esienio biliardo stal\u0173 rinkoje auga paklausa i\u0161skirtinio dizaino, futuristinio stiliaus stalams. \u0160iuo projektu siekiama sukurti i\u0161skirtinius biliardo stalo dizainus, kurie i\u0161siskirt\u0173 unikalia konstrukcija ir futuristiniu dizainu. Suk\u016brus \u0161iuos dizainus, b\u016bt\u0173 galima prad\u0117ti nauj\u0173 stal\u0173 gamyb\u0105. Planuojama, [&hellip;]","og_url":"https:\/\/bilijardai.lt\/lt\/futuristiniu-biliardo-stalu-dizaino-sukurimas\/","og_site_name":"Bilijardai","twitter_card":"summary_large_image","twitter_misc":{"Est. reading time":"1 minut\u0117"},"schema":{"@context":"https:\/\/schema.org","@graph":[{"@type":"WebPage","@id":"https:\/\/bilijardai.lt\/lt\/futuristiniu-biliardo-stalu-dizaino-sukurimas\/","url":"https:\/\/bilijardai.lt\/lt\/futuristiniu-biliardo-stalu-dizaino-sukurimas\/","name":"Futuristini\u0173 biliardo stal\u0173 dizaino suk\u016brimas - Bilijardai","isPartOf":{"@id":"https:\/\/bilijardai.lt\/#website"},"datePublished":"2020-12-04T14:23:03+00:00","inLanguage":"lt-LT","potentialAction":[{"@type":"ReadAction","target":["https:\/\/bilijardai.lt\/lt\/futuristiniu-biliardo-stalu-dizaino-sukurimas\/"]}]},{"@type":"WebSite","@id":"https:\/\/bilijardai.lt\/#website","url":"https:\/\/bilijardai.lt\/","name":"Bilijardai","description":"Kol kas tik dar vienas WordPress tinklalapis","potentialAction":[{"@type":"SearchAction","target":{"@type":"EntryPoint","urlTemplate":"https:\/\/bilijardai.lt\/?s={search_term_string}"},"query-input":{"@type":"PropertyValueSpecification","valueRequired":true,"valueName":"search_term_string"}}],"inLanguage":"lt-LT"}]}},"_links":{"self":[{"href":"https:\/\/bilijardai.lt\/lt\/wp-json\/wp\/v2\/pages\/2973","targetHints":{"allow":["GET"]}}],"collection":[{"href":"https:\/\/bilijardai.lt\/lt\/wp-json\/wp\/v2\/pages"}],"about":[{"href":"https:\/\/bilijardai.lt\/lt\/wp-json\/wp\/v2\/types\/page"}],"author":[{"embeddable":true,"href":"https:\/\/bilijardai.lt\/lt\/wp-json\/wp\/v2\/users\/1"}],"replies":[{"embeddable":true,"href":"https:\/\/bilijardai.lt\/lt\/wp-json\/wp\/v2\/comments?post=2973"}],"version-history":[{"count":0,"href":"https:\/\/bilijardai.lt\/lt\/wp-json\/wp\/v2\/pages\/2973\/revisions"}],"wp:attachment":[{"href":"https:\/\/bilijardai.lt\/lt\/wp-json\/wp\/v2\/media?parent=2973"}],"curies":[{"name":"wp","href":"https:\/\/api.w.org\/{rel}","templated":true}]}}