{"id":2972,"date":"2020-12-04T12:22:05","date_gmt":"2020-12-04T14:22:05","guid":{"rendered":"https:\/\/bilijardai.lt\/?page_id=2972"},"modified":"2020-12-04T12:22:05","modified_gmt":"2020-12-04T14:22:05","slug":"es-investicijos-pagal-priemone-dpt-pramonei-lt-paskatins-inovatyviu-produktu-gamyba","status":"publish","type":"page","link":"https:\/\/bilijardai.lt\/lt\/es-investicijos-pagal-priemone-dpt-pramonei-lt-paskatins-inovatyviu-produktu-gamyba\/","title":{"rendered":"ES investicijos pagal priemon\u0119 \u201eDPT pramonei LT+\u201c paskatins inovatyvi\u0173 produkt\u0173 gamyb\u0105"},"content":{"rendered":"<div>\n<div>\n<div>\n<p>UAB \u201eBilijardai\u201c, stabiliai dirbanti\u00a0biliardo stal\u0173 ir kit\u0173\u00a0\u017eaidimo stal\u0173 gamybos srityje, nuo 2017 m. lapkri\u010dio 1 d. \u012fgyvendina projekt\u0105 \u201eUAB \u201eBilijardai\u201c pa\u017eangios technologin\u0117s \u012frangos diegimas\u201c (03.3.1-LVPA-K-841-02-0037).<\/p>\n<p>\u0160iuo metu biliardo stal\u0173 rinkoje did\u0117ja\u00a0<span style=\"text-decoration: underline;\">sud\u0117ting\u0173 form\u0173, futuristinio stiliaus biliardo<\/span>\u00a0stal\u0173 paklausa. Tokie biliardo stalai turi palyginus didel\u0119 rinkos kain\u0105 ir yra laikomi auk\u0161tos prid\u0117tin\u0117s vert\u0117s produktais. \u0160iuo metu UAB \u201eBilijardai\u201c kuria tokio stiliaus dizainus siekiant prad\u0117ti auk\u0161tos prid\u0117tin\u0117s vert\u0117s produkt\u0173 gamyb\u0105 ir realizavim\u0105. D\u0117l \u0161iuose dizainuose naudojam\u0173 sud\u0117ting\u0173 plastini\u0173 form\u0173, dabartiniai UAB \u201eBilijardai\u201c \u012frenginiai n\u0117ra paj\u0117g\u016bs gaminti \u0161i\u0173 gamini\u0173. Tod\u0117l \u0161iuo projektu siekiama\u00a0<span style=\"text-decoration: underline;\">\u012fsigyti ir \u012fdiegti 5 a\u0161i\u0173 programuojam\u0105 apdirbimo centr\u0105, kuris bus paj\u0117gus gaminti auk\u0161tos prid\u0117tin\u0117s vert\u0117s gaminius pagal kuriamus dizainus ir prad\u0117ti \u0161ios \u012frangos eksploatavim\u0105 min\u0117t\u0173 gamini\u0173 gamyboje<\/span>.<\/p>\n<p>Projekto \u201eUAB \u201eBilijardai\u201c pa\u017eangios technologin\u0117s \u012frangos diegimas\u201c tikslas yra \u012fsirengti 5 a\u0161i\u0173 programuojam\u0105 apdirbimo centr\u0105 ir prad\u0117ti j\u012f eksploatuoti gaminant naujo futuristinio dizaino biliardo stalus.<\/p>\n<p>UAB \u201eBilijardai\u201c i\u0161 Europos regionin\u0117s pl\u0117tros fondo 68 273,52 eur\u0173 finansavim\u0105 gavo pa\u017eangiai \u012frangai diegti pagal 2014\u20132020 met\u0173 Europos S\u0105jungos fond\u0173 investicij\u0173 veiksm\u0173 programos 3 prioriteto \u201eSmulkiojo ir vidutinio verslo konkurencingumo skatinimas\u201c priemon\u0119 \u201eDPT pramonei LT+&#8221;, kuria yra skatinama tradicin\u0117s pramon\u0117s transformacija, diegiant svarbi\u0173 pramon\u0117s inovatyvumui ir visos ekonomikos augimui technologijas \u2013 DPT labai ma\u017e\u0173, ma\u017e\u0173 ir vidutini\u0173 \u012fmoni\u0173 gamybos procesuose. Projekto \u012fgyvendinim\u0105 remia Lietuvos Respublika ir i\u0161 dalies finansuoja Europos regionin\u0117s pl\u0117tros fondas.<\/p>\n<p>Vykdomo projekto rezultatas \u2013 \u012fsigytas ir \u012frengtas 5 a\u0161i\u0173 apdirbimo centras,\u00a0<span style=\"text-decoration: underline;\">leis \u012fmonei prad\u0117ti nauj\u0173 auk\u0161tos prid\u0117tin\u0117s vert\u0117s produkt\u0173 gamyb\u0105<\/span>.<\/p>\n<p>Tikimasi, kad projekto veikl\u0173 rezultatas leis padidinti \u012fmon\u0117s apyvartos ir darbo na\u0161umo rodikli\u0173 augim\u0105. UAB \u201eBilijardai\u201c savo l\u0117\u0161omis vykdys pardavim\u0173 veiksmus esamose rinkose taip siekdama efektyvinti \u012fmon\u0117s veikl\u0105 ir i\u0161likti konkurencinga.<\/p>\n<p>Daugiau informacijos:<\/p>\n<p>Ri\u010dardas Andriu\u0161kevi\u010dius<\/p>\n<p>Direktoriaus pavaduotojas<\/p>\n<p>Tel.: 8-698-18840<\/p>\n<p>Elektroninis pa\u0161tas: <a href=\"mailto:ricardas@bilijardai.lt\">ricardas@bilijardai.lt<\/a><\/p>\n<\/div>\n<\/div>\n<\/div>\n","protected":false},"excerpt":{"rendered":"<p>UAB \u201eBilijardai\u201c, stabiliai dirbanti\u00a0biliardo stal\u0173 ir kit\u0173\u00a0\u017eaidimo stal\u0173 gamybos srityje, nuo 2017 m. lapkri\u010dio 1 d. \u012fgyvendina projekt\u0105 \u201eUAB \u201eBilijardai\u201c pa\u017eangios technologin\u0117s \u012frangos diegimas\u201c (03.3.1-LVPA-K-841-02-0037). \u0160iuo metu biliardo stal\u0173 rinkoje did\u0117ja\u00a0sud\u0117ting\u0173 form\u0173, futuristinio stiliaus biliardo\u00a0stal\u0173 paklausa. Tokie biliardo stalai turi palyginus didel\u0119 rinkos kain\u0105 ir yra laikomi auk\u0161tos prid\u0117tin\u0117s vert\u0117s produktais. \u0160iuo metu UAB \u201eBilijardai\u201c [&hellip;]<\/p>\n","protected":false},"author":1,"featured_media":0,"parent":0,"menu_order":0,"comment_status":"closed","ping_status":"closed","template":"","meta":{"_acf_changed":false,"footnotes":""},"class_list":["post-2972","page","type-page","status-publish","hentry"],"acf":[],"yoast_head":"<!-- This site is optimized with the Yoast SEO plugin v25.2 - https:\/\/yoast.com\/wordpress\/plugins\/seo\/ -->\n<title>ES investicijos pagal priemon\u0119 \u201eDPT pramonei LT+\u201c paskatins inovatyvi\u0173 produkt\u0173 gamyb\u0105 - Bilijardai<\/title>\n<meta name=\"robots\" content=\"index, follow, max-snippet:-1, max-image-preview:large, max-video-preview:-1\" \/>\n<link rel=\"canonical\" href=\"https:\/\/bilijardai.lt\/lt\/es-investicijos-pagal-priemone-dpt-pramonei-lt-paskatins-inovatyviu-produktu-gamyba\/\" \/>\n<meta property=\"og:locale\" content=\"lt_LT\" \/>\n<meta property=\"og:type\" content=\"article\" \/>\n<meta property=\"og:title\" content=\"ES investicijos pagal priemon\u0119 \u201eDPT pramonei LT+\u201c paskatins inovatyvi\u0173 produkt\u0173 gamyb\u0105 - Bilijardai\" \/>\n<meta property=\"og:description\" content=\"UAB \u201eBilijardai\u201c, stabiliai dirbanti\u00a0biliardo stal\u0173 ir kit\u0173\u00a0\u017eaidimo stal\u0173 gamybos srityje, nuo 2017 m. lapkri\u010dio 1 d. \u012fgyvendina projekt\u0105 \u201eUAB \u201eBilijardai\u201c pa\u017eangios technologin\u0117s \u012frangos diegimas\u201c (03.3.1-LVPA-K-841-02-0037). \u0160iuo metu biliardo stal\u0173 rinkoje did\u0117ja\u00a0sud\u0117ting\u0173 form\u0173, futuristinio stiliaus biliardo\u00a0stal\u0173 paklausa. Tokie biliardo stalai turi palyginus didel\u0119 rinkos kain\u0105 ir yra laikomi auk\u0161tos prid\u0117tin\u0117s vert\u0117s produktais. \u0160iuo metu UAB \u201eBilijardai\u201c [&hellip;]\" \/>\n<meta property=\"og:url\" content=\"https:\/\/bilijardai.lt\/lt\/es-investicijos-pagal-priemone-dpt-pramonei-lt-paskatins-inovatyviu-produktu-gamyba\/\" \/>\n<meta property=\"og:site_name\" content=\"Bilijardai\" \/>\n<meta name=\"twitter:card\" content=\"summary_large_image\" \/>\n<meta name=\"twitter:label1\" content=\"Est. reading time\" \/>\n\t<meta name=\"twitter:data1\" content=\"2 minut\u0117s\" \/>\n<script type=\"application\/ld+json\" class=\"yoast-schema-graph\">{\"@context\":\"https:\/\/schema.org\",\"@graph\":[{\"@type\":\"WebPage\",\"@id\":\"https:\/\/bilijardai.lt\/lt\/es-investicijos-pagal-priemone-dpt-pramonei-lt-paskatins-inovatyviu-produktu-gamyba\/\",\"url\":\"https:\/\/bilijardai.lt\/lt\/es-investicijos-pagal-priemone-dpt-pramonei-lt-paskatins-inovatyviu-produktu-gamyba\/\",\"name\":\"ES investicijos pagal priemon\u0119 \u201eDPT pramonei LT+\u201c paskatins inovatyvi\u0173 produkt\u0173 gamyb\u0105 - Bilijardai\",\"isPartOf\":{\"@id\":\"https:\/\/bilijardai.lt\/#website\"},\"datePublished\":\"2020-12-04T14:22:05+00:00\",\"inLanguage\":\"lt-LT\",\"potentialAction\":[{\"@type\":\"ReadAction\",\"target\":[\"https:\/\/bilijardai.lt\/lt\/es-investicijos-pagal-priemone-dpt-pramonei-lt-paskatins-inovatyviu-produktu-gamyba\/\"]}]},{\"@type\":\"WebSite\",\"@id\":\"https:\/\/bilijardai.lt\/#website\",\"url\":\"https:\/\/bilijardai.lt\/\",\"name\":\"Bilijardai\",\"description\":\"Kol kas tik dar vienas WordPress tinklalapis\",\"potentialAction\":[{\"@type\":\"SearchAction\",\"target\":{\"@type\":\"EntryPoint\",\"urlTemplate\":\"https:\/\/bilijardai.lt\/?s={search_term_string}\"},\"query-input\":{\"@type\":\"PropertyValueSpecification\",\"valueRequired\":true,\"valueName\":\"search_term_string\"}}],\"inLanguage\":\"lt-LT\"}]}<\/script>\n<!-- \/ Yoast SEO plugin. -->","yoast_head_json":{"title":"ES investicijos pagal priemon\u0119 \u201eDPT pramonei LT+\u201c paskatins inovatyvi\u0173 produkt\u0173 gamyb\u0105 - Bilijardai","robots":{"index":"index","follow":"follow","max-snippet":"max-snippet:-1","max-image-preview":"max-image-preview:large","max-video-preview":"max-video-preview:-1"},"canonical":"https:\/\/bilijardai.lt\/lt\/es-investicijos-pagal-priemone-dpt-pramonei-lt-paskatins-inovatyviu-produktu-gamyba\/","og_locale":"lt_LT","og_type":"article","og_title":"ES investicijos pagal priemon\u0119 \u201eDPT pramonei LT+\u201c paskatins inovatyvi\u0173 produkt\u0173 gamyb\u0105 - Bilijardai","og_description":"UAB \u201eBilijardai\u201c, stabiliai dirbanti\u00a0biliardo stal\u0173 ir kit\u0173\u00a0\u017eaidimo stal\u0173 gamybos srityje, nuo 2017 m. lapkri\u010dio 1 d. \u012fgyvendina projekt\u0105 \u201eUAB \u201eBilijardai\u201c pa\u017eangios technologin\u0117s \u012frangos diegimas\u201c (03.3.1-LVPA-K-841-02-0037). \u0160iuo metu biliardo stal\u0173 rinkoje did\u0117ja\u00a0sud\u0117ting\u0173 form\u0173, futuristinio stiliaus biliardo\u00a0stal\u0173 paklausa. Tokie biliardo stalai turi palyginus didel\u0119 rinkos kain\u0105 ir yra laikomi auk\u0161tos prid\u0117tin\u0117s vert\u0117s produktais. \u0160iuo metu UAB \u201eBilijardai\u201c [&hellip;]","og_url":"https:\/\/bilijardai.lt\/lt\/es-investicijos-pagal-priemone-dpt-pramonei-lt-paskatins-inovatyviu-produktu-gamyba\/","og_site_name":"Bilijardai","twitter_card":"summary_large_image","twitter_misc":{"Est. reading time":"2 minut\u0117s"},"schema":{"@context":"https:\/\/schema.org","@graph":[{"@type":"WebPage","@id":"https:\/\/bilijardai.lt\/lt\/es-investicijos-pagal-priemone-dpt-pramonei-lt-paskatins-inovatyviu-produktu-gamyba\/","url":"https:\/\/bilijardai.lt\/lt\/es-investicijos-pagal-priemone-dpt-pramonei-lt-paskatins-inovatyviu-produktu-gamyba\/","name":"ES investicijos pagal priemon\u0119 \u201eDPT pramonei LT+\u201c paskatins inovatyvi\u0173 produkt\u0173 gamyb\u0105 - Bilijardai","isPartOf":{"@id":"https:\/\/bilijardai.lt\/#website"},"datePublished":"2020-12-04T14:22:05+00:00","inLanguage":"lt-LT","potentialAction":[{"@type":"ReadAction","target":["https:\/\/bilijardai.lt\/lt\/es-investicijos-pagal-priemone-dpt-pramonei-lt-paskatins-inovatyviu-produktu-gamyba\/"]}]},{"@type":"WebSite","@id":"https:\/\/bilijardai.lt\/#website","url":"https:\/\/bilijardai.lt\/","name":"Bilijardai","description":"Kol kas tik dar vienas WordPress tinklalapis","potentialAction":[{"@type":"SearchAction","target":{"@type":"EntryPoint","urlTemplate":"https:\/\/bilijardai.lt\/?s={search_term_string}"},"query-input":{"@type":"PropertyValueSpecification","valueRequired":true,"valueName":"search_term_string"}}],"inLanguage":"lt-LT"}]}},"_links":{"self":[{"href":"https:\/\/bilijardai.lt\/lt\/wp-json\/wp\/v2\/pages\/2972","targetHints":{"allow":["GET"]}}],"collection":[{"href":"https:\/\/bilijardai.lt\/lt\/wp-json\/wp\/v2\/pages"}],"about":[{"href":"https:\/\/bilijardai.lt\/lt\/wp-json\/wp\/v2\/types\/page"}],"author":[{"embeddable":true,"href":"https:\/\/bilijardai.lt\/lt\/wp-json\/wp\/v2\/users\/1"}],"replies":[{"embeddable":true,"href":"https:\/\/bilijardai.lt\/lt\/wp-json\/wp\/v2\/comments?post=2972"}],"version-history":[{"count":0,"href":"https:\/\/bilijardai.lt\/lt\/wp-json\/wp\/v2\/pages\/2972\/revisions"}],"wp:attachment":[{"href":"https:\/\/bilijardai.lt\/lt\/wp-json\/wp\/v2\/media?parent=2972"}],"curies":[{"name":"wp","href":"https:\/\/api.w.org\/{rel}","templated":true}]}}