{"id":2967,"date":"2020-12-04T09:16:04","date_gmt":"2020-12-04T11:16:04","guid":{"rendered":"https:\/\/bilijardai.lt\/?page_id=2967"},"modified":"2024-01-05T10:51:58","modified_gmt":"2024-01-05T12:51:58","slug":"es-finansuojami-projektai","status":"publish","type":"page","link":"https:\/\/bilijardai.lt\/lt\/es-finansuojami-projektai\/","title":{"rendered":"ES finansuojami projektai"},"content":{"rendered":"<p><img loading=\"lazy\" decoding=\"async\" class=\"size-medium wp-image-3068\" src=\"https:\/\/bilijardai.lt\/wp-content\/uploads\/2021\/02\/ESFIVP-I-2-300x138.jpg\" alt=\"\" width=\"300\" height=\"138\" srcset=\"https:\/\/bilijardai.lt\/wp-content\/uploads\/2021\/02\/ESFIVP-I-2-300x138.jpg 300w, https:\/\/bilijardai.lt\/wp-content\/uploads\/2021\/02\/ESFIVP-I-2-1024x469.jpg 1024w, https:\/\/bilijardai.lt\/wp-content\/uploads\/2021\/02\/ESFIVP-I-2-768x352.jpg 768w, https:\/\/bilijardai.lt\/wp-content\/uploads\/2021\/02\/ESFIVP-I-2-1200x550.jpg 1200w, https:\/\/bilijardai.lt\/wp-content\/uploads\/2021\/02\/ESFIVP-I-2.jpg 1418w\" sizes=\"auto, (max-width: 300px) 100vw, 300px\" \/><\/p>\n<p><a href=\"https:\/\/bilijardai.lt\/lt\/igyvendinamas-projektas-atsinaujinanciu-energijos-istekliu-diegimas-imoneje-uab-bilijardai\/\">\u012eGYVENDINAMAS PROJEKTAS \u201eATSINAUJINAN\u010cI\u0172 ENERGIJOS I\u0160TEKLI\u0172 DIEGIMAS \u012eMON\u0116JE UAB \u201eBILIJARDAI\u201c<\/a><\/p>\n<p><a href=\"https:\/\/bilijardai.lt\/lt\/priemones-naujos-galimybes-lt-pagalba-imone-pristate-savo-naujausia-produkcija-uzsienio-parodose\/\">Priemon\u0117s \u201eNaujos galimyb\u0117s LT\u201c pagalba \u012fmon\u0117 pristat\u0117 savo naujausi\u0105 produkcij\u0105 u\u017esienio parodose<\/a><\/p>\n<div>\n<div>\n<div>\n<p><a href=\"https:\/\/bilijardai.lt\/lt\/es-investicijos-pagal-priemone-dpt-pramonei-lt-paskatins-inovatyviu-produktu-gamyba\/\">ES investicijos pagal priemon\u0119 \u201eDPT pramonei LT+\u201c paskatins inovatyvi\u0173 produkt\u0173 gamyb\u0105<\/a><\/p>\n<div>\n<div>\n<div>\n<p><a href=\"https:\/\/bilijardai.lt\/lt\/futuristiniu-biliardo-stalu-dizaino-sukurimas\/\">Futuristini\u0173 biliardo stal\u0173 dizaino suk\u016brimas<\/a><\/p>\n<div>\n<div>\n<div>\n<p><a href=\"https:\/\/bilijardai.lt\/lt\/priemones-naujos-galimybes-lt-pagalba-imone-pristate-savo-naujausia-produkcija-uzsienio-parodose-2\/\">Priemon\u0117s \u201eNaujos galimyb\u0117s LT\u201c pagalba \u012fmon\u0117 pristat\u0117 savo naujausi\u0105 produkcij\u0105 u\u017esienio parodose<\/a><\/p>\n<\/div>\n<\/div>\n<\/div>\n<\/div>\n<\/div>\n<\/div>\n<\/div>\n<\/div>\n<\/div>\n","protected":false},"excerpt":{"rendered":"<p>\u012eGYVENDINAMAS PROJEKTAS \u201eATSINAUJINAN\u010cI\u0172 ENERGIJOS I\u0160TEKLI\u0172 DIEGIMAS \u012eMON\u0116JE UAB \u201eBILIJARDAI\u201c Priemon\u0117s \u201eNaujos galimyb\u0117s LT\u201c pagalba \u012fmon\u0117 pristat\u0117 savo naujausi\u0105 produkcij\u0105 u\u017esienio parodose ES investicijos pagal priemon\u0119 \u201eDPT pramonei LT+\u201c paskatins inovatyvi\u0173 produkt\u0173 gamyb\u0105 Futuristini\u0173 biliardo stal\u0173 dizaino suk\u016brimas Priemon\u0117s \u201eNaujos galimyb\u0117s LT\u201c pagalba \u012fmon\u0117 pristat\u0117 savo naujausi\u0105 produkcij\u0105 u\u017esienio parodose<\/p>\n","protected":false},"author":1,"featured_media":0,"parent":0,"menu_order":0,"comment_status":"closed","ping_status":"closed","template":"","meta":{"_acf_changed":false,"footnotes":""},"class_list":["post-2967","page","type-page","status-publish","hentry"],"acf":[],"yoast_head":"<!-- This site is optimized with the Yoast SEO plugin v25.2 - https:\/\/yoast.com\/wordpress\/plugins\/seo\/ -->\n<title>ES finansuojami projektai - Bilijardai<\/title>\n<meta name=\"robots\" content=\"index, follow, max-snippet:-1, max-image-preview:large, max-video-preview:-1\" \/>\n<link rel=\"canonical\" href=\"https:\/\/bilijardai.lt\/lt\/es-finansuojami-projektai\/\" \/>\n<meta property=\"og:locale\" content=\"lt_LT\" \/>\n<meta property=\"og:type\" content=\"article\" \/>\n<meta property=\"og:title\" content=\"ES finansuojami projektai - Bilijardai\" \/>\n<meta property=\"og:description\" content=\"\u012eGYVENDINAMAS PROJEKTAS \u201eATSINAUJINAN\u010cI\u0172 ENERGIJOS I\u0160TEKLI\u0172 DIEGIMAS \u012eMON\u0116JE UAB \u201eBILIJARDAI\u201c Priemon\u0117s \u201eNaujos galimyb\u0117s LT\u201c pagalba \u012fmon\u0117 pristat\u0117 savo naujausi\u0105 produkcij\u0105 u\u017esienio parodose ES investicijos pagal priemon\u0119 \u201eDPT pramonei LT+\u201c paskatins inovatyvi\u0173 produkt\u0173 gamyb\u0105 Futuristini\u0173 biliardo stal\u0173 dizaino suk\u016brimas Priemon\u0117s \u201eNaujos galimyb\u0117s LT\u201c pagalba \u012fmon\u0117 pristat\u0117 savo naujausi\u0105 produkcij\u0105 u\u017esienio parodose\" \/>\n<meta property=\"og:url\" content=\"https:\/\/bilijardai.lt\/lt\/es-finansuojami-projektai\/\" \/>\n<meta property=\"og:site_name\" content=\"Bilijardai\" \/>\n<meta property=\"article:modified_time\" content=\"2024-01-05T12:51:58+00:00\" \/>\n<meta property=\"og:image\" content=\"https:\/\/bilijardai.lt\/wp-content\/uploads\/2021\/02\/ESFIVP-I-2-300x138.jpg\" \/>\n<meta name=\"twitter:card\" content=\"summary_large_image\" \/>\n<meta name=\"twitter:label1\" content=\"Est. reading time\" \/>\n\t<meta name=\"twitter:data1\" content=\"1 minut\u0117\" \/>\n<script type=\"application\/ld+json\" class=\"yoast-schema-graph\">{\"@context\":\"https:\/\/schema.org\",\"@graph\":[{\"@type\":\"WebPage\",\"@id\":\"https:\/\/bilijardai.lt\/lt\/es-finansuojami-projektai\/\",\"url\":\"https:\/\/bilijardai.lt\/lt\/es-finansuojami-projektai\/\",\"name\":\"ES finansuojami projektai - Bilijardai\",\"isPartOf\":{\"@id\":\"https:\/\/bilijardai.lt\/#website\"},\"primaryImageOfPage\":{\"@id\":\"https:\/\/bilijardai.lt\/lt\/es-finansuojami-projektai\/#primaryimage\"},\"image\":{\"@id\":\"https:\/\/bilijardai.lt\/lt\/es-finansuojami-projektai\/#primaryimage\"},\"thumbnailUrl\":\"https:\/\/bilijardai.lt\/wp-content\/uploads\/2021\/02\/ESFIVP-I-2-300x138.jpg\",\"datePublished\":\"2020-12-04T11:16:04+00:00\",\"dateModified\":\"2024-01-05T12:51:58+00:00\",\"inLanguage\":\"lt-LT\",\"potentialAction\":[{\"@type\":\"ReadAction\",\"target\":[\"https:\/\/bilijardai.lt\/lt\/es-finansuojami-projektai\/\"]}]},{\"@type\":\"ImageObject\",\"inLanguage\":\"lt-LT\",\"@id\":\"https:\/\/bilijardai.lt\/lt\/es-finansuojami-projektai\/#primaryimage\",\"url\":\"https:\/\/bilijardai.lt\/wp-content\/uploads\/2021\/02\/ESFIVP-I-2-300x138.jpg\",\"contentUrl\":\"https:\/\/bilijardai.lt\/wp-content\/uploads\/2021\/02\/ESFIVP-I-2-300x138.jpg\"},{\"@type\":\"WebSite\",\"@id\":\"https:\/\/bilijardai.lt\/#website\",\"url\":\"https:\/\/bilijardai.lt\/\",\"name\":\"Bilijardai\",\"description\":\"Kol kas tik dar vienas WordPress tinklalapis\",\"potentialAction\":[{\"@type\":\"SearchAction\",\"target\":{\"@type\":\"EntryPoint\",\"urlTemplate\":\"https:\/\/bilijardai.lt\/?s={search_term_string}\"},\"query-input\":{\"@type\":\"PropertyValueSpecification\",\"valueRequired\":true,\"valueName\":\"search_term_string\"}}],\"inLanguage\":\"lt-LT\"}]}<\/script>\n<!-- \/ Yoast SEO plugin. -->","yoast_head_json":{"title":"ES finansuojami projektai - Bilijardai","robots":{"index":"index","follow":"follow","max-snippet":"max-snippet:-1","max-image-preview":"max-image-preview:large","max-video-preview":"max-video-preview:-1"},"canonical":"https:\/\/bilijardai.lt\/lt\/es-finansuojami-projektai\/","og_locale":"lt_LT","og_type":"article","og_title":"ES finansuojami projektai - Bilijardai","og_description":"\u012eGYVENDINAMAS PROJEKTAS \u201eATSINAUJINAN\u010cI\u0172 ENERGIJOS I\u0160TEKLI\u0172 DIEGIMAS \u012eMON\u0116JE UAB \u201eBILIJARDAI\u201c Priemon\u0117s \u201eNaujos galimyb\u0117s LT\u201c pagalba \u012fmon\u0117 pristat\u0117 savo naujausi\u0105 produkcij\u0105 u\u017esienio parodose ES investicijos pagal priemon\u0119 \u201eDPT pramonei LT+\u201c paskatins inovatyvi\u0173 produkt\u0173 gamyb\u0105 Futuristini\u0173 biliardo stal\u0173 dizaino suk\u016brimas Priemon\u0117s \u201eNaujos galimyb\u0117s LT\u201c pagalba \u012fmon\u0117 pristat\u0117 savo naujausi\u0105 produkcij\u0105 u\u017esienio parodose","og_url":"https:\/\/bilijardai.lt\/lt\/es-finansuojami-projektai\/","og_site_name":"Bilijardai","article_modified_time":"2024-01-05T12:51:58+00:00","og_image":[{"url":"https:\/\/bilijardai.lt\/wp-content\/uploads\/2021\/02\/ESFIVP-I-2-300x138.jpg","type":"","width":"","height":""}],"twitter_card":"summary_large_image","twitter_misc":{"Est. reading time":"1 minut\u0117"},"schema":{"@context":"https:\/\/schema.org","@graph":[{"@type":"WebPage","@id":"https:\/\/bilijardai.lt\/lt\/es-finansuojami-projektai\/","url":"https:\/\/bilijardai.lt\/lt\/es-finansuojami-projektai\/","name":"ES finansuojami projektai - Bilijardai","isPartOf":{"@id":"https:\/\/bilijardai.lt\/#website"},"primaryImageOfPage":{"@id":"https:\/\/bilijardai.lt\/lt\/es-finansuojami-projektai\/#primaryimage"},"image":{"@id":"https:\/\/bilijardai.lt\/lt\/es-finansuojami-projektai\/#primaryimage"},"thumbnailUrl":"https:\/\/bilijardai.lt\/wp-content\/uploads\/2021\/02\/ESFIVP-I-2-300x138.jpg","datePublished":"2020-12-04T11:16:04+00:00","dateModified":"2024-01-05T12:51:58+00:00","inLanguage":"lt-LT","potentialAction":[{"@type":"ReadAction","target":["https:\/\/bilijardai.lt\/lt\/es-finansuojami-projektai\/"]}]},{"@type":"ImageObject","inLanguage":"lt-LT","@id":"https:\/\/bilijardai.lt\/lt\/es-finansuojami-projektai\/#primaryimage","url":"https:\/\/bilijardai.lt\/wp-content\/uploads\/2021\/02\/ESFIVP-I-2-300x138.jpg","contentUrl":"https:\/\/bilijardai.lt\/wp-content\/uploads\/2021\/02\/ESFIVP-I-2-300x138.jpg"},{"@type":"WebSite","@id":"https:\/\/bilijardai.lt\/#website","url":"https:\/\/bilijardai.lt\/","name":"Bilijardai","description":"Kol kas tik dar vienas WordPress tinklalapis","potentialAction":[{"@type":"SearchAction","target":{"@type":"EntryPoint","urlTemplate":"https:\/\/bilijardai.lt\/?s={search_term_string}"},"query-input":{"@type":"PropertyValueSpecification","valueRequired":true,"valueName":"search_term_string"}}],"inLanguage":"lt-LT"}]}},"_links":{"self":[{"href":"https:\/\/bilijardai.lt\/lt\/wp-json\/wp\/v2\/pages\/2967","targetHints":{"allow":["GET"]}}],"collection":[{"href":"https:\/\/bilijardai.lt\/lt\/wp-json\/wp\/v2\/pages"}],"about":[{"href":"https:\/\/bilijardai.lt\/lt\/wp-json\/wp\/v2\/types\/page"}],"author":[{"embeddable":true,"href":"https:\/\/bilijardai.lt\/lt\/wp-json\/wp\/v2\/users\/1"}],"replies":[{"embeddable":true,"href":"https:\/\/bilijardai.lt\/lt\/wp-json\/wp\/v2\/comments?post=2967"}],"version-history":[{"count":0,"href":"https:\/\/bilijardai.lt\/lt\/wp-json\/wp\/v2\/pages\/2967\/revisions"}],"wp:attachment":[{"href":"https:\/\/bilijardai.lt\/lt\/wp-json\/wp\/v2\/media?parent=2967"}],"curies":[{"name":"wp","href":"https:\/\/api.w.org\/{rel}","templated":true}]}}