{"id":2626,"date":"2020-10-21T09:55:28","date_gmt":"2020-10-21T11:55:28","guid":{"rendered":"https:\/\/bilijardai.lt\/hometest\/"},"modified":"2020-11-27T03:54:17","modified_gmt":"2020-11-27T05:54:17","slug":"titulinistest","status":"publish","type":"page","link":"https:\/\/bilijardai.lt\/lt\/","title":{"rendered":"Titulinistest"},"content":{"rendered":"","protected":false},"excerpt":{"rendered":"","protected":false},"author":1,"featured_media":0,"parent":0,"menu_order":28,"comment_status":"closed","ping_status":"closed","template":"page-home.php","meta":{"_acf_changed":false,"footnotes":""},"class_list":["post-2626","page","type-page","status-publish","hentry"],"acf":[],"yoast_head":"<!-- This site is optimized with the Yoast SEO plugin v25.2 - https:\/\/yoast.com\/wordpress\/plugins\/seo\/ -->\n<title>Bilijardo stalai | Pulo stalai | \u017daidim\u0173 stalai | Biliardo piet\u0173 stalai<\/title>\n<meta name=\"description\" content=\"Gaminame kokybi\u0161kus biliardo stalus (biliardo-piet\u0173 stalai, pulo, snukerio, karambolio) bei \u017eaidim\u0173 stalus skirtus oro rituliui, pokeriui, stalo futbolui.\" \/>\n<meta name=\"robots\" content=\"index, follow, max-snippet:-1, max-image-preview:large, max-video-preview:-1\" \/>\n<link rel=\"canonical\" href=\"https:\/\/bilijardai.lt\/lt\/\" \/>\n<meta property=\"og:locale\" content=\"lt_LT\" \/>\n<meta property=\"og:type\" content=\"article\" \/>\n<meta property=\"og:title\" content=\"Bilijardo stalai | Pulo stalai | \u017daidim\u0173 stalai | Biliardo piet\u0173 stalai\" \/>\n<meta property=\"og:description\" content=\"Gaminame kokybi\u0161kus biliardo stalus (biliardo-piet\u0173 stalai, pulo, snukerio, karambolio) bei \u017eaidim\u0173 stalus skirtus oro rituliui, pokeriui, stalo futbolui.\" \/>\n<meta property=\"og:url\" content=\"https:\/\/bilijardai.lt\/lt\/\" \/>\n<meta property=\"og:site_name\" content=\"Bilijardai\" \/>\n<meta property=\"article:modified_time\" content=\"2020-11-27T05:54:17+00:00\" \/>\n<meta name=\"twitter:card\" content=\"summary_large_image\" \/>\n<script type=\"application\/ld+json\" class=\"yoast-schema-graph\">{\"@context\":\"https:\/\/schema.org\",\"@graph\":[{\"@type\":\"WebPage\",\"@id\":\"https:\/\/bilijardai.lt\/lt\/\",\"url\":\"https:\/\/bilijardai.lt\/lt\/\",\"name\":\"Bilijardo stalai | Pulo stalai | \u017daidim\u0173 stalai | Biliardo piet\u0173 stalai\",\"isPartOf\":{\"@id\":\"https:\/\/bilijardai.lt\/#website\"},\"datePublished\":\"2020-10-21T11:55:28+00:00\",\"dateModified\":\"2020-11-27T05:54:17+00:00\",\"description\":\"Gaminame kokybi\u0161kus biliardo stalus (biliardo-piet\u0173 stalai, pulo, snukerio, karambolio) bei \u017eaidim\u0173 stalus skirtus oro rituliui, pokeriui, stalo futbolui.\",\"inLanguage\":\"lt-LT\",\"potentialAction\":[{\"@type\":\"ReadAction\",\"target\":[\"https:\/\/bilijardai.lt\/lt\/\"]}]},{\"@type\":\"WebSite\",\"@id\":\"https:\/\/bilijardai.lt\/#website\",\"url\":\"https:\/\/bilijardai.lt\/\",\"name\":\"Bilijardai\",\"description\":\"Kol kas tik dar vienas WordPress tinklalapis\",\"potentialAction\":[{\"@type\":\"SearchAction\",\"target\":{\"@type\":\"EntryPoint\",\"urlTemplate\":\"https:\/\/bilijardai.lt\/?s={search_term_string}\"},\"query-input\":{\"@type\":\"PropertyValueSpecification\",\"valueRequired\":true,\"valueName\":\"search_term_string\"}}],\"inLanguage\":\"lt-LT\"}]}<\/script>\n<!-- \/ Yoast SEO plugin. -->","yoast_head_json":{"title":"Bilijardo stalai | Pulo stalai | \u017daidim\u0173 stalai | Biliardo piet\u0173 stalai","description":"Gaminame kokybi\u0161kus biliardo stalus (biliardo-piet\u0173 stalai, pulo, snukerio, karambolio) bei \u017eaidim\u0173 stalus skirtus oro rituliui, pokeriui, stalo futbolui.","robots":{"index":"index","follow":"follow","max-snippet":"max-snippet:-1","max-image-preview":"max-image-preview:large","max-video-preview":"max-video-preview:-1"},"canonical":"https:\/\/bilijardai.lt\/lt\/","og_locale":"lt_LT","og_type":"article","og_title":"Bilijardo stalai | Pulo stalai | \u017daidim\u0173 stalai | Biliardo piet\u0173 stalai","og_description":"Gaminame kokybi\u0161kus biliardo stalus (biliardo-piet\u0173 stalai, pulo, snukerio, karambolio) bei \u017eaidim\u0173 stalus skirtus oro rituliui, pokeriui, stalo futbolui.","og_url":"https:\/\/bilijardai.lt\/lt\/","og_site_name":"Bilijardai","article_modified_time":"2020-11-27T05:54:17+00:00","twitter_card":"summary_large_image","schema":{"@context":"https:\/\/schema.org","@graph":[{"@type":"WebPage","@id":"https:\/\/bilijardai.lt\/lt\/","url":"https:\/\/bilijardai.lt\/lt\/","name":"Bilijardo stalai | Pulo stalai | \u017daidim\u0173 stalai | Biliardo piet\u0173 stalai","isPartOf":{"@id":"https:\/\/bilijardai.lt\/#website"},"datePublished":"2020-10-21T11:55:28+00:00","dateModified":"2020-11-27T05:54:17+00:00","description":"Gaminame kokybi\u0161kus biliardo stalus (biliardo-piet\u0173 stalai, pulo, snukerio, karambolio) bei \u017eaidim\u0173 stalus skirtus oro rituliui, pokeriui, stalo futbolui.","inLanguage":"lt-LT","potentialAction":[{"@type":"ReadAction","target":["https:\/\/bilijardai.lt\/lt\/"]}]},{"@type":"WebSite","@id":"https:\/\/bilijardai.lt\/#website","url":"https:\/\/bilijardai.lt\/","name":"Bilijardai","description":"Kol kas tik dar vienas WordPress tinklalapis","potentialAction":[{"@type":"SearchAction","target":{"@type":"EntryPoint","urlTemplate":"https:\/\/bilijardai.lt\/?s={search_term_string}"},"query-input":{"@type":"PropertyValueSpecification","valueRequired":true,"valueName":"search_term_string"}}],"inLanguage":"lt-LT"}]}},"_links":{"self":[{"href":"https:\/\/bilijardai.lt\/lt\/wp-json\/wp\/v2\/pages\/2626","targetHints":{"allow":["GET"]}}],"collection":[{"href":"https:\/\/bilijardai.lt\/lt\/wp-json\/wp\/v2\/pages"}],"about":[{"href":"https:\/\/bilijardai.lt\/lt\/wp-json\/wp\/v2\/types\/page"}],"author":[{"embeddable":true,"href":"https:\/\/bilijardai.lt\/lt\/wp-json\/wp\/v2\/users\/1"}],"replies":[{"embeddable":true,"href":"https:\/\/bilijardai.lt\/lt\/wp-json\/wp\/v2\/comments?post=2626"}],"version-history":[{"count":0,"href":"https:\/\/bilijardai.lt\/lt\/wp-json\/wp\/v2\/pages\/2626\/revisions"}],"wp:attachment":[{"href":"https:\/\/bilijardai.lt\/lt\/wp-json\/wp\/v2\/media?parent=2626"}],"curies":[{"name":"wp","href":"https:\/\/api.w.org\/{rel}","templated":true}]}}