{"id":2591,"date":"2020-09-18T03:06:18","date_gmt":"2020-09-18T05:06:18","guid":{"rendered":"https:\/\/bilijardai.lt\/about-us\/"},"modified":"2020-11-20T10:44:34","modified_gmt":"2020-11-20T12:44:34","slug":"apie-mus","status":"publish","type":"page","link":"https:\/\/bilijardai.lt\/lt\/apie-mus\/","title":{"rendered":"Apie \u012fmon\u0119"},"content":{"rendered":"<p style=\"text-align: justify;\">UAB \u201eBilijardai\u201c biliardo stal\u0173 gamintojas.<\/p>\n<p style=\"text-align: justify;\">Didel\u0119 patirt\u012f turintis \u012fmon\u0117s kolektyvas (nuo 1988m) gamina biliardo (pulo, snukerio, rusi\u0161ko biliardo), stalo teniso, oro ritulio stalus ir biliardo inventori\u0173. \u012emon\u0117je, kurios gamybinis plotas 2900m<sup>2<\/sup> dirba 30 dirban\u010di\u0173j\u0173, kurie per metus pagamina apie 1000 originalaus dizaino biliardo stal\u0173.<\/p>\n<p style=\"text-align: justify;\">Mes \u012fsik\u016br\u0119 geografiniame Europos centre. Bendradarbiaudami su verslo partneriais i\u0161 Ryt\u0173 ir Vakar\u0173 \u0161ali\u0173, mes per\u0117m\u0117me j\u0173 geriausi\u0105 praktik\u0105.<\/p>\n<p style=\"text-align: justify;\">M\u016bs\u0173 \u012fmon\u0117 \u012fdieg\u0117 pasaulyje labiausiai paplitusi\u0105 kokyb\u0117s vadybos sistem\u0105 ISO 9001, kuri u\u017etikrina visapusi\u0161k\u0105 aptarnavim\u0105, pradedant u\u017esakymo pri\u0117mimu ir baigiant biliardo stalo pristatymu.<\/p>\n<p style=\"text-align: justify;\">Mes r\u016bpinam\u0117s, kad m\u016bs\u0173 gaminami biliardo stalai tur\u0117t\u0173 ateit\u012f.<\/p>\n<p style=\"text-align: justify;\"><strong>PRIPA\u017dINIMAS<\/strong><\/p>\n<p style=\"text-align: justify;\">M\u016bs\u0173 gaminiai turi puikius \u012fvertinimus: pirmoji &#8211; antroji vieta \u201eBCA Las Vegas 1999\u201c (JAV), prizas parodoje \u201eLietuvi\u0161ki baldai 97\u201c ir kt.<\/p>\n<p style=\"text-align: justify;\">Tarptautin\u0117s var\u017eybos \u012fvyk\u0119 ant m\u016bs\u0173 biliardo stal\u0173: \u201eEuro Tour\u201c \u201eBrunswick Lithuanian Open\u201c (Kaunas, 2000 m. rugs\u0117jo m\u0117n.); Antrasis Rusijos piramid\u0117s pasaulio \u010dempionatas (2001 m. liepos m\u0117n. Vilnius), 5-asis Europos piramid\u0117s \u010dempionatas (Kaunas, 2006).<\/p>\n<p style=\"text-align: justify;\">\n","protected":false},"excerpt":{"rendered":"<p>UAB \u201eBilijardai\u201c biliardo stal\u0173 gamintojas. Didel\u0119 patirt\u012f turintis \u012fmon\u0117s kolektyvas (nuo 1988m) gamina biliardo (pulo, snukerio, rusi\u0161ko biliardo), stalo teniso, oro ritulio stalus ir biliardo inventori\u0173. \u012emon\u0117je, kurios gamybinis plotas 2900m2 dirba 30 dirban\u010di\u0173j\u0173, kurie per metus pagamina apie 1000 originalaus dizaino biliardo stal\u0173. Mes \u012fsik\u016br\u0119 geografiniame Europos centre. Bendradarbiaudami su verslo partneriais i\u0161 Ryt\u0173 [&hellip;]<\/p>\n","protected":false},"author":1,"featured_media":0,"parent":0,"menu_order":2,"comment_status":"closed","ping_status":"closed","template":"about-page.php","meta":{"_acf_changed":false,"footnotes":""},"class_list":["post-2591","page","type-page","status-publish","hentry"],"acf":[],"yoast_head":"<!-- This site is optimized with the Yoast SEO plugin v25.2 - https:\/\/yoast.com\/wordpress\/plugins\/seo\/ -->\n<title>Apie \u012fmon\u0119 - Bilijardai<\/title>\n<meta name=\"robots\" content=\"index, follow, max-snippet:-1, max-image-preview:large, max-video-preview:-1\" \/>\n<link rel=\"canonical\" href=\"https:\/\/bilijardai.lt\/lt\/apie-mus\/\" \/>\n<meta property=\"og:locale\" content=\"lt_LT\" \/>\n<meta property=\"og:type\" content=\"article\" \/>\n<meta property=\"og:title\" content=\"Apie \u012fmon\u0119 - Bilijardai\" \/>\n<meta property=\"og:description\" content=\"UAB \u201eBilijardai\u201c biliardo stal\u0173 gamintojas. Didel\u0119 patirt\u012f turintis \u012fmon\u0117s kolektyvas (nuo 1988m) gamina biliardo (pulo, snukerio, rusi\u0161ko biliardo), stalo teniso, oro ritulio stalus ir biliardo inventori\u0173. \u012emon\u0117je, kurios gamybinis plotas 2900m2 dirba 30 dirban\u010di\u0173j\u0173, kurie per metus pagamina apie 1000 originalaus dizaino biliardo stal\u0173. Mes \u012fsik\u016br\u0119 geografiniame Europos centre. Bendradarbiaudami su verslo partneriais i\u0161 Ryt\u0173 [&hellip;]\" \/>\n<meta property=\"og:url\" content=\"https:\/\/bilijardai.lt\/lt\/apie-mus\/\" \/>\n<meta property=\"og:site_name\" content=\"Bilijardai\" \/>\n<meta property=\"article:modified_time\" content=\"2020-11-20T12:44:34+00:00\" \/>\n<meta name=\"twitter:card\" content=\"summary_large_image\" \/>\n<meta name=\"twitter:label1\" content=\"Est. reading time\" \/>\n\t<meta name=\"twitter:data1\" content=\"1 minut\u0117\" \/>\n<script type=\"application\/ld+json\" class=\"yoast-schema-graph\">{\"@context\":\"https:\/\/schema.org\",\"@graph\":[{\"@type\":\"WebPage\",\"@id\":\"https:\/\/bilijardai.lt\/lt\/apie-mus\/\",\"url\":\"https:\/\/bilijardai.lt\/lt\/apie-mus\/\",\"name\":\"Apie \u012fmon\u0119 - Bilijardai\",\"isPartOf\":{\"@id\":\"https:\/\/bilijardai.lt\/#website\"},\"datePublished\":\"2020-09-18T05:06:18+00:00\",\"dateModified\":\"2020-11-20T12:44:34+00:00\",\"inLanguage\":\"lt-LT\",\"potentialAction\":[{\"@type\":\"ReadAction\",\"target\":[\"https:\/\/bilijardai.lt\/lt\/apie-mus\/\"]}]},{\"@type\":\"WebSite\",\"@id\":\"https:\/\/bilijardai.lt\/#website\",\"url\":\"https:\/\/bilijardai.lt\/\",\"name\":\"Bilijardai\",\"description\":\"Kol kas tik dar vienas WordPress tinklalapis\",\"potentialAction\":[{\"@type\":\"SearchAction\",\"target\":{\"@type\":\"EntryPoint\",\"urlTemplate\":\"https:\/\/bilijardai.lt\/?s={search_term_string}\"},\"query-input\":{\"@type\":\"PropertyValueSpecification\",\"valueRequired\":true,\"valueName\":\"search_term_string\"}}],\"inLanguage\":\"lt-LT\"}]}<\/script>\n<!-- \/ Yoast SEO plugin. -->","yoast_head_json":{"title":"Apie \u012fmon\u0119 - Bilijardai","robots":{"index":"index","follow":"follow","max-snippet":"max-snippet:-1","max-image-preview":"max-image-preview:large","max-video-preview":"max-video-preview:-1"},"canonical":"https:\/\/bilijardai.lt\/lt\/apie-mus\/","og_locale":"lt_LT","og_type":"article","og_title":"Apie \u012fmon\u0119 - Bilijardai","og_description":"UAB \u201eBilijardai\u201c biliardo stal\u0173 gamintojas. Didel\u0119 patirt\u012f turintis \u012fmon\u0117s kolektyvas (nuo 1988m) gamina biliardo (pulo, snukerio, rusi\u0161ko biliardo), stalo teniso, oro ritulio stalus ir biliardo inventori\u0173. \u012emon\u0117je, kurios gamybinis plotas 2900m2 dirba 30 dirban\u010di\u0173j\u0173, kurie per metus pagamina apie 1000 originalaus dizaino biliardo stal\u0173. Mes \u012fsik\u016br\u0119 geografiniame Europos centre. Bendradarbiaudami su verslo partneriais i\u0161 Ryt\u0173 [&hellip;]","og_url":"https:\/\/bilijardai.lt\/lt\/apie-mus\/","og_site_name":"Bilijardai","article_modified_time":"2020-11-20T12:44:34+00:00","twitter_card":"summary_large_image","twitter_misc":{"Est. reading time":"1 minut\u0117"},"schema":{"@context":"https:\/\/schema.org","@graph":[{"@type":"WebPage","@id":"https:\/\/bilijardai.lt\/lt\/apie-mus\/","url":"https:\/\/bilijardai.lt\/lt\/apie-mus\/","name":"Apie \u012fmon\u0119 - Bilijardai","isPartOf":{"@id":"https:\/\/bilijardai.lt\/#website"},"datePublished":"2020-09-18T05:06:18+00:00","dateModified":"2020-11-20T12:44:34+00:00","inLanguage":"lt-LT","potentialAction":[{"@type":"ReadAction","target":["https:\/\/bilijardai.lt\/lt\/apie-mus\/"]}]},{"@type":"WebSite","@id":"https:\/\/bilijardai.lt\/#website","url":"https:\/\/bilijardai.lt\/","name":"Bilijardai","description":"Kol kas tik dar vienas WordPress tinklalapis","potentialAction":[{"@type":"SearchAction","target":{"@type":"EntryPoint","urlTemplate":"https:\/\/bilijardai.lt\/?s={search_term_string}"},"query-input":{"@type":"PropertyValueSpecification","valueRequired":true,"valueName":"search_term_string"}}],"inLanguage":"lt-LT"}]}},"_links":{"self":[{"href":"https:\/\/bilijardai.lt\/lt\/wp-json\/wp\/v2\/pages\/2591","targetHints":{"allow":["GET"]}}],"collection":[{"href":"https:\/\/bilijardai.lt\/lt\/wp-json\/wp\/v2\/pages"}],"about":[{"href":"https:\/\/bilijardai.lt\/lt\/wp-json\/wp\/v2\/types\/page"}],"author":[{"embeddable":true,"href":"https:\/\/bilijardai.lt\/lt\/wp-json\/wp\/v2\/users\/1"}],"replies":[{"embeddable":true,"href":"https:\/\/bilijardai.lt\/lt\/wp-json\/wp\/v2\/comments?post=2591"}],"version-history":[{"count":0,"href":"https:\/\/bilijardai.lt\/lt\/wp-json\/wp\/v2\/pages\/2591\/revisions"}],"wp:attachment":[{"href":"https:\/\/bilijardai.lt\/lt\/wp-json\/wp\/v2\/media?parent=2591"}],"curies":[{"name":"wp","href":"https:\/\/api.w.org\/{rel}","templated":true}]}}