{"id":2588,"date":"2020-09-25T04:36:35","date_gmt":"2020-09-25T06:36:35","guid":{"rendered":"https:\/\/bilijardai.lt\/product-warranty\/"},"modified":"2025-10-03T02:55:40","modified_gmt":"2025-10-03T04:55:40","slug":"produkto-kokybes-garantija","status":"publish","type":"page","link":"https:\/\/bilijardai.lt\/lt\/produkto-kokybes-garantija\/","title":{"rendered":"Produkto kokyb\u0117s garantija"},"content":{"rendered":"<p style=\"text-align: justify;\">Biliardo stalus gaminame nuo 1988 met\u0173. Nepasitenkindami gaminam\u0173 stal\u0173 asortimentu ir kokybe, 1994 metais \u012fk\u016br\u0117me atskir\u0105 biliardo stal\u0173 gamybos \u012fmon\u0119.<\/p>\n<p style=\"text-align: justify;\"><strong>Mes r\u016bpinam\u0117s, kad m\u016bs\u0173 gaminami biliardo stalai tur\u0117t\u0173 ateit\u012f.<\/strong><\/p>\n<p style=\"text-align: justify;\">UAB \u201cBilijardai\u201d suteikia nenutr\u016bkstan\u010di\u0105 garantijas \u0161iems produktams: rusi\u0161kos piramid\u0117s, pulo, angli\u0161ko pulo, snukerio ir karambolio biliardo stalams. Biliardo stal\u0173 modeliams Provijus Eko, Dino M \u00a0 ir kitiems gaminiams suteikiama vieneri\u0173 met\u0173 garantija. Lauko stalams suteikiame vien\u0173 met\u0173 garantij\u0105, jeigu gaminiai yra apsaugomi nuo ilgalaikio s\u0105ly\u010dio su vandeniu (tai galima pasiekti u\u017edengiant specialiu u\u017edangalu).Oro ritulio stalui &#8222;Tornado&#8221; suteikiam dviej\u0173 met\u0173 garantija.<\/p>\n<p style=\"text-align: justify;\">Garantinis aptarnavimas u\u017etikrina med\u017eiag\u0173\/\u017ealiav\u0173 defekt\u0173 bei gamybos metu atsiradusi\u0173 defekt\u0173 pa\u0161alinim\u0105 (esant susid\u0117v\u0117jimui ar suply\u0161imui garantinis aptarnavimas neatliekamas). Mes pataisysime arba pakeisime bet kuri\u0105 i\u0161 dali\u0173, jeigu tik bus \u012frodyta, kad ji yra defektuota. Garantinis aptarnavimas nebus atliekamas produktams, kurie buvo parduoti arba naudoti komerciniais tikslais. Garantinio aptarnavimo nuostatos apra\u0161ytos \u017eemiau:<\/p>\n<ul style=\"text-align: justify;\">\n<li>Garantija n\u0117ra perleid\u017eiama ir taikoma tik \u012fsigijusiems i\u0161 gamintojo arba i\u0161 gamintojo \u012fgalioto atstovo.<\/li>\n<li>Garantinis aptarnavimas netaikomas: audiniui, ki\u0161en\u0117ms (imtinai suried\u0117jimo sistemos odines bei med\u017eiagines dalis), bort\u0173 gumai, suol\u0173 bei k\u0117d\u017ei\u0173 apmu\u0161alams ir stalo futbolo fig\u016br\u0117l\u0117ms. Jeigu produkto montavim\u0105, servis\u0105 atliko ne UAB \u201cBilijardai\u201d arba \u012fgaliotas atstovas, garantinis aptarnavimas nebus atliekamas.<\/li>\n<li>Lauko stalams, eksploatuojamiems tiesioginiame saul\u0117s ar lietaus poveikyje, b\u016btina kasmet atnaujinti apdail\u0105 padengiant dviem sluoksniais lauko s\u0105lygoms skirtos terasin\u0117s alyvos.<\/li>\n<li>Garantinis aptarnavimas netaikomasner\u016bdijan\u010dio plieno detal\u0117ms, jeigu buvo pa\u017eeistos \u017eemiau esan\u010dios &#8222;Ner\u016bdijan\u010dio plieno prie\u017ei\u016bros taisykl\u0117s&#8221;.<\/li>\n<li>Draud\u017eiama PVC padengt\u0173 ir lakuot\u0173 detali\u0173 pavir\u0161i\u0173 \u012fkaitinti vir\u0161 40 laipsni\u0173 celcijaus.<\/li>\n<li>Stalvir\u0161i\u0173 dviej\u0173 dali\u0173 sujungimo linijoje dali\u0173 leistinas dali\u0173 kra\u0161t\u0173 prasislinkimas iki 1 mm.<\/li>\n<li>Organinio stiklo detal\u0117s turi b\u016bti valomos \u0161velniu dr\u0117gnu skudur\u0117liu be joki\u0173 chemini\u0173 med\u017eiag\u0173.Pa\u017eeidus \u0161\u012f reikalavim\u0105, garantiniai \u012fsipareigojimai netaikomi.<\/li>\n<li>Organinio stiklo detal\u0117ms ir LED lemput\u0117ms garantija 13 m\u0117nesi\u0173, nuo m\u016bs\u0173 s\u0105skaitos i\u0161ra\u0161ymo dienos (Metai garantija + papildomas m\u0117nuo, atstovui pateikti produkt\u0105 galutiniam vartotojui).<\/li>\n<li>Stal\u0173 pak\u0117limo mechanizmo dujin\u0117ms spyruokl\u0117ms garantija 13 m\u0117nesi\u0173, nuo m\u016bs\u0173 s\u0105skaitos i\u0161ra\u0161ymo dienos (Metai garantija + papildomas m\u0117nuo, atstovui pateikti produkt\u0105 galutiniam vartotojui). \u0160i\u0173 spyruokli\u0173 pak\u0117limo j\u0117ga priklauso nuo aplinkos temperat\u016bros (\u017ei\u016br\u0117ti gamintojo diagram\u0105).<\/li>\n<li>Stal\u0173 judan\u010di\u0173 dali\u0173 fiksavimo magnetams garantija 24 m\u0117nesiai, nuo m\u016bs\u0173 s\u0105skaitos i\u0161ra\u0161ymo dienos.<\/li>\n<li>Maitinimo \u0161altiniams, akumuliatoriams bei j\u0173 \u012fkrovimo \u012frenginiams ir kitiems komplektuojamiems elektros prietaisams, taikoma j\u0173 gamintoj\u0173 nurodyta garantija.<\/li>\n<li>Garantinio laikotarpio metu kreiptis reikia tik \u012f UAB \u201cBilijardai\u201d arba gamintojo \u012fgaliot\u0105 atstov\u0105.<\/li>\n<li>Gr\u0105\u017einamos dalys tur\u0117s b\u016bti pristatomos aptartomis transportavimo s\u0105lygomis tiesiai pas gamintoj\u0105. Jeigu nustatysime, kad dalys i\u0161 ties\u0173 yra brokuotos, jos bus suremontuotos arba pakeistos ir gr\u0105\u017eintos i\u0161 anksto apmokant dalis pristatan\u010diam ve\u017e\u0117jui. Defektuot\u0173 dali\u0173 gabenimo ka\u0161tai bus apmok\u0117ti UAB \u201cBilijardai\u201d arba \u012fgalioto atstovo. Jeigu pretenzijos d\u0117l brokuot\u0173 dali\u0173 bus pareik\u0161tos daugiau nei po vieneri\u0173 met\u0173 nuo preki\u0173 \u012fsigijimo, gabenimo ka\u0161tus tur\u0117s apmok\u0117ti pats savininkas.<\/li>\n<li>Pakeist\u0173 detali\u0173 spalva arba tekst\u016bra gali neatitikti likusi\u0173 gaminio detali\u0173 spalvos, nes: spalvos blunka nuo saul\u0117s, m\u016bs\u0173 tiek\u0117jai tobulina apdailos med\u017eiag\u0173 recept\u016bras, o dekoratyvini\u0173 plok\u0161\u010di\u0173 tiek\u0117jai kei\u010dia plok\u0161\u010di\u0173 spalvas ir tekst\u016bras.<\/li>\n<li>Defektuot\u0173 dali\u0173 remontas ar j\u0173 pakeitimas bus atliekamas suteikiant visas garantijas produktui. Garantinio laikotarpio metu nebus kei\u010diamas visas stalas, o tik brokuotos rusi\u0161kos piramid\u0117s, pulo, angli\u0161ko pulo, snukerio ar karambolio stal\u0173 detal\u0117s.<\/li>\n<li>M\u016bs\u0173 produkcija gaminama Europoje.<\/li>\n<\/ul>\n<p><strong>STALVIR\u0160I\u0172 EKSPLOTAVIMO REIKALAVIMAI<\/strong><\/p>\n<p>Stalvir\u0161iai, kaip ir kitos detal\u0117s pagamintos i\u0161 medienos med\u017eiag\u0173, kei\u010dia savo dr\u0117gnum\u0105 priklausomai nuo aplinkos dr\u0117gnumo ir temperat\u016bros.<\/p>\n<p>Jeigu viena pus\u0117 bus dr\u0117kinama, o kita \u0161ildoma, tai dr\u0117kinamos pus\u0117s matmenys padid\u0117s, o \u0161ildomos suma\u017e\u0117s ir d\u0117l dideli\u0173 matmen\u0173 stalvir\u0161is i\u0161links dr\u0117gnojoje pus\u0117je suformuodamas i\u0161sigaubim\u0105, o \u0161ildomoje \u012fdubim\u0105.<\/p>\n<p><img loading=\"lazy\" decoding=\"async\" class=\"size-medium wp-image-3457 alignleft\" src=\"https:\/\/bilijardai.lt\/wp-content\/uploads\/2024\/01\/kreive-LT-300x115.jpg\" alt=\"\" width=\"300\" height=\"115\" srcset=\"https:\/\/bilijardai.lt\/wp-content\/uploads\/2024\/01\/kreive-LT-300x115.jpg 300w, https:\/\/bilijardai.lt\/wp-content\/uploads\/2024\/01\/kreive-LT.jpg 649w\" sizes=\"auto, (max-width: 300px) 100vw, 300px\" \/><\/p>\n<p>&nbsp;<\/p>\n<p>&nbsp;<\/p>\n<p>&nbsp;<\/p>\n<p>&nbsp;<\/p>\n<p>Tokios situacijos susidaro:<\/p>\n<ul>\n<li>Kai stalvir\u0161is ilgai laikomas prie dr\u0117gnos sienos, o kit\u0105 jo plok\u0161tum\u0105 veikia saul\u0117s spinduliai arba \u0161ildymo sezono metu i\u0161saus\u0117j\u0119s oras. <u>Kad to i\u0161vengti, reikt\u0173 da\u017eniau keisti stalvir\u0161io pad\u0117t\u012f<\/u>.<\/li>\n<li>Kai prasid\u0117jus \u0161ildymo sezonui stalvir\u0161is ilgai yra pad\u0117tas ant biliardo stalo, kurio akmuo prie\u0161 tai buvo \u012fdr\u0117k\u0119s, o oras prasid\u0117jus \u0161ildymo sezonui labai i\u0161saus\u0117ja (neretai iki 20% dr\u0117gnumo). <u>To i\u0161vengsime ilgai nelaikydami stalvir\u0161io ant stalo, kol akmens dr\u0117gnumas susilygins su aplinkos dr\u0117gnumu.<\/u><\/li>\n<\/ul>\n<p><strong>Tod\u0117l reikia u\u017etikrinti stalvir\u0161io naudojim\u0105 tokiose s\u0105lygose, kad ilguoju laikotarpiu abi plok\u0161tumos b\u016bt\u0173 veikiamos pana\u0161aus dr\u0117gnumo aplinkos!!! U\u017ed\u0117jus ant biliardo stalo b\u016btina po stalvir\u0161iu pad\u0117ti skersin\u012f, taip kaip yra parodyta surinkimo instrukcijoje<\/strong><strong>!!!<\/strong><\/p>\n<p><em>Jeigu stalvir\u0161is jau i\u0161linko, tai reikt\u0173 pabandyti stalvir\u0161\u012f patalpinti \u012f atvirk\u0161tines s\u0105lygas, kuriose dr\u0117gnasis pavir\u0161ius bus d\u017eiovinamas, o sausasis dr\u0117kinamas.<\/em><\/p>\n<p style=\"text-align: justify;\">Kad galiot\u0173 garantija, b\u016btina nurodyti teising\u0105 stalo individual\u0173 numer\u012f. Nepateikus teisingo numerio, garantiniai \u012fsipareigojimai nebus vykdomi.<\/p>\n<p style=\"text-align: justify;\">Mes nesuteikiame \u012fgaliojimo kitiems asmenims prisiimti atsakomyb\u0119 u\u017e m\u016bs\u0173 gaminamus produktus. \u0160is garantinis aptarnavimas n\u0117ra taikomas jeigu produkt\u0173 pa\u017eeidimai atsirado d\u0117l nelaimingo atsitikimo, mechanini\u0173 pa\u017eeidim\u0173, netinkamo naudojimo, potvynio, \u017eem\u0117s dreb\u0117jimo, gaisro ar kito tiesiogin\u0117s ugnies poveikio bei kit\u0173 katastrof\u0173.<\/p>\n<p style=\"text-align: justify;\"><strong>Matiniai arba su dekoru stikliniai stalvir\u0161iai i\u0161 matin\u0117s pus\u0117s yra padengti ClearShield apsaugine danga.<\/strong><\/p>\n<p style=\"text-align: justify;\">ClearShield pavir\u0161i\u0173 yra visada daug lengviau valyti nei paprast\u0105 matin\u012f stikl\u0105.<\/p>\n<p style=\"text-align: justify;\">\u0160i\u0173 pavir\u0161i\u0173 valymui rekomenduojame naudoti Clean-All valiklius, kuri\u0173 galite \u012fsigyti i\u0161 atstovo Lietuvoje: <a href=\"http:\/\/www.skaidru.lt\/lt\/maintenance\">http:\/\/www.skaidru.lt\/lt\/maintenance<\/a><\/p>\n<p style=\"text-align: justify;\">Kaip alternatyva gal\u0117t\u0173 b\u016bti bet kuris kitas vandens pagrindo valiklis, kurio sud\u0117tyje n\u0117ra ypatingai \u0161armini\u0173 ar r\u016bg\u0161tini\u0173 med\u017eiag\u0173.<\/p>\n<p style=\"text-align: justify;\"><strong>STIKLAS NEGALI B\u016aTI \u0161vei\u010diamas abrazyvin\u0117mis priemon\u0117mis, arba valomas stipriais \u0161arminiais ar r\u016bg\u0161tiniais valikliais !!!<\/strong><\/p>\n<p style=\"text-align: justify;\">Matiniai arba su dekoru stikliniai stalvir\u0161iai i\u0161 matin\u0117s pus\u0117s yra padengti ClearShield apsaugine danga.<\/p>\n<p style=\"text-align: justify;\">ClearShield pavir\u0161i\u0173 yra visada daug lengviau valyti nei paprast\u0105 matin\u012f stikl\u0105.<\/p>\n<p style=\"text-align: justify;\">\u0160i\u0173 pavir\u0161i\u0173 valymui rekomenduojame naudoti Clean-All valiklius, kuri\u0173 galite \u012fsigyti i\u0161 atstovo Lietuvoje: http:\/\/www.skaidru.lt\/lt\/maintenance<\/p>\n<p style=\"text-align: justify;\">Kaip alternatyva gal\u0117t\u0173 b\u016bti bet kuris kitas vandens pagrindo valiklis, kurio sud\u0117tyje n\u0117ra ypatingai \u0161armini\u0173 ar r\u016bg\u0161tini\u0173 med\u017eiag\u0173.<\/p>\n<p style=\"text-align: justify;\"><strong>STIKLAS NEGALI B\u016aTI \u0161vei\u010diamas abrazyvin\u0117mis priemon\u0117mis, arba valomas stipriais \u0161arminiais ar r\u016bg\u0161tiniais valikliais !!!<\/strong><\/p>\n<p style=\"text-align: justify;\"><strong>Dujini\u0173 spyruokli\u0173 pak\u0117limo j\u0117gos diagrama<\/strong><\/p>\n<p style=\"text-align: justify;\">Mes parinkom optimali\u0105 stalo pak\u0117limui reikaling\u0105 j\u0117g\u0105 prie 20 C, tod\u0117l esant patalpoje \u017eemesnei temperat\u016brai, stal\u0105 pakelti bus sunkiau, o esant dideliam kar\u0161\u010diui, spyruokl\u0117 gali per stipriai kelti stal\u0105:<\/p>\n<p style=\"text-align: justify;\"><img loading=\"lazy\" decoding=\"async\" class=\"alignnone size-full wp-image-2218\" src=\"https:\/\/bilijardai.lt\/wp-content\/uploads\/2020\/09\/Billiard_table_Pronto_Vision_LIFT_Diagram.jpg\" alt=\"\" width=\"781\" height=\"416\" srcset=\"https:\/\/bilijardai.lt\/wp-content\/uploads\/2020\/09\/Billiard_table_Pronto_Vision_LIFT_Diagram.jpg 781w, https:\/\/bilijardai.lt\/wp-content\/uploads\/2020\/09\/Billiard_table_Pronto_Vision_LIFT_Diagram-300x160.jpg 300w, https:\/\/bilijardai.lt\/wp-content\/uploads\/2020\/09\/Billiard_table_Pronto_Vision_LIFT_Diagram-768x409.jpg 768w\" sizes=\"auto, (max-width: 781px) 100vw, 781px\" \/><\/p>\n<p style=\"text-align: justify;\"><strong>Ner\u016bdijan\u010dio plieno prie\u017ei\u016bros taisykl\u0117s:<\/strong><\/p>\n<p style=\"text-align: justify;\"><strong>PIRMINIS VALYMAS<\/strong><\/p>\n<p style=\"text-align: justify;\">Pirminis valymas atliekamas prie\u0161 pradedant naudoti ner\u016bdijan\u010dius pavir\u0161ius. Jeigu ner\u016bdijan\u010dio plieno pavir\u0161iai buvo tinkamai apsaugoti, u\u017etenka paprasto pavir\u0161iaus nu\u0161luostymo. Adhezin\u0117 plastikin\u0117 pl\u0117vel\u0117, kuri dengia pavir\u0161i\u0173 gamybos, transportavimo ir montavimo metu, apsaugo pavir\u0161ius nuo mechanini\u0173 ir chemini\u0173 pa\u017eeidim\u0173. Ta\u010diau nuo ilgo saul\u0117s ultravioletini\u0173 spinduli\u0173 poveikio plastikin\u0117 pl\u0117vel\u0117 kei\u010dia savybes ir klijai sukimba su pavir\u0161iumi, tod\u0117l jos p\u0117dsakai gali b\u016bti sunkiai nuvalomi. Apsaugin\u0117 plastikin\u0117 pl\u0117vel\u0117 turi b\u016bti pa\u0161alinama i\u0161karto, kai ji nebereikalinga.<\/p>\n<p style=\"text-align: justify;\"><strong>VALYMO PRIEMON\u0116S<\/strong><\/p>\n<p style=\"text-align: justify;\">Valymas turi b\u016bti atliekamas tekst\u016bros kryptimi. Geriausiai naudoti pur\u0161kiamus valiklius, kurie palengvina valym\u0105, tolygiai u\u017epur\u0161kiant plon\u0105 valiklio sluoksn\u012f. \u0160ie valikliai pa\u0161alina pir\u0161t\u0173 antspaudus ir kitus nedidelius ne\u0161varumus ir suma\u017eina j\u0173 tolimesnio atsiradimo galimyb\u0119.<\/p>\n<p style=\"text-align: justify;\">Sunkiau nusivalan\u010dioms \u017eym\u0117ms valyti, reikia naudoti specializuotus ner\u016bdijan\u010dio plieno valiklius, skirtus pa\u0161alinti kalki\u0173 nuos\u0117doms bei r\u016bdims. J\u0173 galima gauti specializuotose \u012fmon\u0117se, prekiaujan\u010diose pavir\u0161i\u0173 prie\u017ei\u016bros reikmenimis. Po valymo b\u016btina pa\u0161alinti valymo priemoni\u0173 liku\u010dius g\u0117lu arba distiliuotu vandeniu ir nusausinti, idant i\u0161vengti vandens nutek\u0117jimo \u017eymi\u0173, ypa\u010d jei vanduo buvo kietas.<\/p>\n<p style=\"text-align: justify;\">Pir\u0161t\u0173 antspaud\u0173 \u017eym\u0117s labiausiai matomos ant veidrodinio \u0161lifavimo pavir\u0161i\u0173. Jos gali b\u016bti pa\u0161alinamos naudojant muiluot\u0105 vanden\u012f arba speciali\u0105 valymo priemon\u0119 bei mink\u0161to audeklo med\u017eiagas. Po valymo pavir\u0161i\u0173 patartina nupoliruoti, naudojant saus\u0105 med\u017eiag\u0105.<\/p>\n<p style=\"text-align: justify;\"><strong>D\u0116MI\u0172 VALYMAS<\/strong><\/p>\n<p style=\"text-align: justify;\">Reikia\u00a0vengti ne\u0161varum\u0173 atsiradimo, pirmiausia apsaugant ner\u016bdijan\u010dio plieno gaminius ir laikant juos u\u017edengtus bei montuojant tik po to, kai kiti darbai, galintys sukelti ne\u0161varum\u0173 atsiradim\u0105, jau atlikti. Alyvos, aliejaus ir purvo \u017eym\u0117s pa\u0161alinamos, naudojant alkoholio, metilo spiritu ir izopropileno alkoholio pagrindu pagamintus valiklius arba acetoniniais tirpikliais. \u0160ie produktai nesukelia ner\u016bdijan\u010dio plieno korozijos.<\/p>\n<p style=\"text-align: justify;\">Da\u017e\u0173 \u017eym\u0117s apdorojamos su kalkiniais arba tirpiklio pagrindo valymo priemon\u0117mis. Naudojant specializuotus valiklius, priemon\u0117 u\u017epur\u0161kiama, paliekama kelioms minut\u0117ms ir gerai nuplaunama vandeniu. Prie\u0161 pradedant valym\u0105, b\u016btina \u012fsitikinti, kad gamintojo pateikta valymo priemoni\u0173 sveikatos ir darbo saugos informacija yra visi\u0161kai suprantama. Kilus abejon\u0117ms, kreipkit\u0117s \u012f valymo priemoni\u0173 ar ner\u016bdijan\u010dio plieno gamini\u0173 gamintoj\u0173 atstovus.<\/p>\n<p style=\"text-align: justify;\"><strong>DRAUD\u017dIAMOS NAUDOTI VALYMO PRIEMON\u0116S<\/strong><\/p>\n<p style=\"text-align: justify;\">Ner\u016bdijan\u010dio plieno pavir\u0161ius draud\u017eiama valyti priemon\u0117mis, turin\u010diomis hidrochloridin\u0117s r\u016bg\u0161ties, chlorid\u0173. \u0160veitimo milteliai taip pat negali b\u016bti naudojami, kadangi \u0161ios priemon\u0117s turi abrazyvini\u0173 daleli\u0173 ir gali palikti \u012fbr\u0117\u017eimus pavir\u0161iuose. Jeigu \u0161ie produktai jau buvo panaudoti valant ner\u016bdijan\u010dio plieno pavir\u0161i\u0173 d\u0117mes, juos reikia nuplauti g\u0117lu vandeniu bei nuvalyti specialiomis priemon\u0117mis, pa\u0161alinan\u010diomis susidariusius oksidus ir kitus junginius.<\/p>\n<p style=\"text-align: justify;\">Anglingo plieno pagrind\u0105 turin\u010dios med\u017eiagos, pvz., plieniniai \u0161epe\u010diai, padai, tinkleliai, negali b\u016bti naudojami ner\u016bdijan\u010diam plienui valyti, nes jos gali plieno pavir\u0161iuje palikti gele\u017eies daleli\u0173, kurios b\u0117gant laikui bei veikiant atmosferos dr\u0117gmei gali tapti ta\u0161kin\u0117s korozijos \u017eidiniais. Peili\u0173 ar kiet\u0173 grem\u017etuk\u0173 naudojimo valymui turi b\u016bti vengiama, nes taip galima subrai\u017eyti pavir\u0161ius.<\/p>\n","protected":false},"excerpt":{"rendered":"<p>Biliardo stalus gaminame nuo 1988 met\u0173. Nepasitenkindami gaminam\u0173 stal\u0173 asortimentu ir kokybe, 1994 metais \u012fk\u016br\u0117me atskir\u0105 biliardo stal\u0173 gamybos \u012fmon\u0119. Mes r\u016bpinam\u0117s, kad m\u016bs\u0173 gaminami biliardo stalai tur\u0117t\u0173 ateit\u012f. UAB \u201cBilijardai\u201d suteikia nenutr\u016bkstan\u010di\u0105 garantijas \u0161iems produktams: rusi\u0161kos piramid\u0117s, pulo, angli\u0161ko pulo, snukerio ir karambolio biliardo stalams. Biliardo stal\u0173 modeliams Provijus Eko, Dino M \u00a0 ir [&hellip;]<\/p>\n","protected":false},"author":1,"featured_media":0,"parent":0,"menu_order":22,"comment_status":"closed","ping_status":"closed","template":"","meta":{"_acf_changed":false,"footnotes":""},"class_list":["post-2588","page","type-page","status-publish","hentry"],"acf":[],"yoast_head":"<!-- This site is optimized with the Yoast SEO plugin v25.2 - https:\/\/yoast.com\/wordpress\/plugins\/seo\/ -->\n<title>Produkto kokyb\u0117s garantija - Bilijardai<\/title>\n<meta name=\"robots\" content=\"index, follow, max-snippet:-1, max-image-preview:large, max-video-preview:-1\" \/>\n<link rel=\"canonical\" href=\"https:\/\/bilijardai.lt\/lt\/produkto-kokybes-garantija\/\" \/>\n<meta property=\"og:locale\" content=\"lt_LT\" \/>\n<meta property=\"og:type\" content=\"article\" \/>\n<meta property=\"og:title\" content=\"Produkto kokyb\u0117s garantija - Bilijardai\" \/>\n<meta property=\"og:description\" content=\"Biliardo stalus gaminame nuo 1988 met\u0173. Nepasitenkindami gaminam\u0173 stal\u0173 asortimentu ir kokybe, 1994 metais \u012fk\u016br\u0117me atskir\u0105 biliardo stal\u0173 gamybos \u012fmon\u0119. Mes r\u016bpinam\u0117s, kad m\u016bs\u0173 gaminami biliardo stalai tur\u0117t\u0173 ateit\u012f. UAB \u201cBilijardai\u201d suteikia nenutr\u016bkstan\u010di\u0105 garantijas \u0161iems produktams: rusi\u0161kos piramid\u0117s, pulo, angli\u0161ko pulo, snukerio ir karambolio biliardo stalams. Biliardo stal\u0173 modeliams Provijus Eko, Dino M \u00a0 ir [&hellip;]\" \/>\n<meta property=\"og:url\" content=\"https:\/\/bilijardai.lt\/lt\/produkto-kokybes-garantija\/\" \/>\n<meta property=\"og:site_name\" content=\"Bilijardai\" \/>\n<meta property=\"article:modified_time\" content=\"2025-10-03T04:55:40+00:00\" \/>\n<meta property=\"og:image\" content=\"https:\/\/bilijardai.lt\/wp-content\/uploads\/2024\/01\/kreive-LT.jpg\" \/>\n\t<meta property=\"og:image:width\" content=\"649\" \/>\n\t<meta property=\"og:image:height\" content=\"248\" \/>\n\t<meta property=\"og:image:type\" content=\"image\/jpeg\" \/>\n<meta name=\"twitter:card\" content=\"summary_large_image\" \/>\n<meta name=\"twitter:label1\" content=\"Est. reading time\" \/>\n\t<meta name=\"twitter:data1\" content=\"7 minut\u0117s\" \/>\n<script type=\"application\/ld+json\" class=\"yoast-schema-graph\">{\"@context\":\"https:\/\/schema.org\",\"@graph\":[{\"@type\":\"WebPage\",\"@id\":\"https:\/\/bilijardai.lt\/lt\/produkto-kokybes-garantija\/\",\"url\":\"https:\/\/bilijardai.lt\/lt\/produkto-kokybes-garantija\/\",\"name\":\"Produkto kokyb\u0117s garantija - Bilijardai\",\"isPartOf\":{\"@id\":\"https:\/\/bilijardai.lt\/#website\"},\"primaryImageOfPage\":{\"@id\":\"https:\/\/bilijardai.lt\/lt\/produkto-kokybes-garantija\/#primaryimage\"},\"image\":{\"@id\":\"https:\/\/bilijardai.lt\/lt\/produkto-kokybes-garantija\/#primaryimage\"},\"thumbnailUrl\":\"https:\/\/bilijardai.lt\/wp-content\/uploads\/2024\/01\/kreive-LT-300x115.jpg\",\"datePublished\":\"2020-09-25T06:36:35+00:00\",\"dateModified\":\"2025-10-03T04:55:40+00:00\",\"inLanguage\":\"lt-LT\",\"potentialAction\":[{\"@type\":\"ReadAction\",\"target\":[\"https:\/\/bilijardai.lt\/lt\/produkto-kokybes-garantija\/\"]}]},{\"@type\":\"ImageObject\",\"inLanguage\":\"lt-LT\",\"@id\":\"https:\/\/bilijardai.lt\/lt\/produkto-kokybes-garantija\/#primaryimage\",\"url\":\"https:\/\/bilijardai.lt\/wp-content\/uploads\/2024\/01\/kreive-LT-300x115.jpg\",\"contentUrl\":\"https:\/\/bilijardai.lt\/wp-content\/uploads\/2024\/01\/kreive-LT-300x115.jpg\"},{\"@type\":\"WebSite\",\"@id\":\"https:\/\/bilijardai.lt\/#website\",\"url\":\"https:\/\/bilijardai.lt\/\",\"name\":\"Bilijardai\",\"description\":\"Kol kas tik dar vienas WordPress tinklalapis\",\"potentialAction\":[{\"@type\":\"SearchAction\",\"target\":{\"@type\":\"EntryPoint\",\"urlTemplate\":\"https:\/\/bilijardai.lt\/?s={search_term_string}\"},\"query-input\":{\"@type\":\"PropertyValueSpecification\",\"valueRequired\":true,\"valueName\":\"search_term_string\"}}],\"inLanguage\":\"lt-LT\"}]}<\/script>\n<!-- \/ Yoast SEO plugin. -->","yoast_head_json":{"title":"Produkto kokyb\u0117s garantija - Bilijardai","robots":{"index":"index","follow":"follow","max-snippet":"max-snippet:-1","max-image-preview":"max-image-preview:large","max-video-preview":"max-video-preview:-1"},"canonical":"https:\/\/bilijardai.lt\/lt\/produkto-kokybes-garantija\/","og_locale":"lt_LT","og_type":"article","og_title":"Produkto kokyb\u0117s garantija - Bilijardai","og_description":"Biliardo stalus gaminame nuo 1988 met\u0173. Nepasitenkindami gaminam\u0173 stal\u0173 asortimentu ir kokybe, 1994 metais \u012fk\u016br\u0117me atskir\u0105 biliardo stal\u0173 gamybos \u012fmon\u0119. Mes r\u016bpinam\u0117s, kad m\u016bs\u0173 gaminami biliardo stalai tur\u0117t\u0173 ateit\u012f. UAB \u201cBilijardai\u201d suteikia nenutr\u016bkstan\u010di\u0105 garantijas \u0161iems produktams: rusi\u0161kos piramid\u0117s, pulo, angli\u0161ko pulo, snukerio ir karambolio biliardo stalams. Biliardo stal\u0173 modeliams Provijus Eko, Dino M \u00a0 ir [&hellip;]","og_url":"https:\/\/bilijardai.lt\/lt\/produkto-kokybes-garantija\/","og_site_name":"Bilijardai","article_modified_time":"2025-10-03T04:55:40+00:00","og_image":[{"width":649,"height":248,"url":"https:\/\/bilijardai.lt\/wp-content\/uploads\/2024\/01\/kreive-LT.jpg","type":"image\/jpeg"}],"twitter_card":"summary_large_image","twitter_misc":{"Est. reading time":"7 minut\u0117s"},"schema":{"@context":"https:\/\/schema.org","@graph":[{"@type":"WebPage","@id":"https:\/\/bilijardai.lt\/lt\/produkto-kokybes-garantija\/","url":"https:\/\/bilijardai.lt\/lt\/produkto-kokybes-garantija\/","name":"Produkto kokyb\u0117s garantija - Bilijardai","isPartOf":{"@id":"https:\/\/bilijardai.lt\/#website"},"primaryImageOfPage":{"@id":"https:\/\/bilijardai.lt\/lt\/produkto-kokybes-garantija\/#primaryimage"},"image":{"@id":"https:\/\/bilijardai.lt\/lt\/produkto-kokybes-garantija\/#primaryimage"},"thumbnailUrl":"https:\/\/bilijardai.lt\/wp-content\/uploads\/2024\/01\/kreive-LT-300x115.jpg","datePublished":"2020-09-25T06:36:35+00:00","dateModified":"2025-10-03T04:55:40+00:00","inLanguage":"lt-LT","potentialAction":[{"@type":"ReadAction","target":["https:\/\/bilijardai.lt\/lt\/produkto-kokybes-garantija\/"]}]},{"@type":"ImageObject","inLanguage":"lt-LT","@id":"https:\/\/bilijardai.lt\/lt\/produkto-kokybes-garantija\/#primaryimage","url":"https:\/\/bilijardai.lt\/wp-content\/uploads\/2024\/01\/kreive-LT-300x115.jpg","contentUrl":"https:\/\/bilijardai.lt\/wp-content\/uploads\/2024\/01\/kreive-LT-300x115.jpg"},{"@type":"WebSite","@id":"https:\/\/bilijardai.lt\/#website","url":"https:\/\/bilijardai.lt\/","name":"Bilijardai","description":"Kol kas tik dar vienas WordPress tinklalapis","potentialAction":[{"@type":"SearchAction","target":{"@type":"EntryPoint","urlTemplate":"https:\/\/bilijardai.lt\/?s={search_term_string}"},"query-input":{"@type":"PropertyValueSpecification","valueRequired":true,"valueName":"search_term_string"}}],"inLanguage":"lt-LT"}]}},"_links":{"self":[{"href":"https:\/\/bilijardai.lt\/lt\/wp-json\/wp\/v2\/pages\/2588","targetHints":{"allow":["GET"]}}],"collection":[{"href":"https:\/\/bilijardai.lt\/lt\/wp-json\/wp\/v2\/pages"}],"about":[{"href":"https:\/\/bilijardai.lt\/lt\/wp-json\/wp\/v2\/types\/page"}],"author":[{"embeddable":true,"href":"https:\/\/bilijardai.lt\/lt\/wp-json\/wp\/v2\/users\/1"}],"replies":[{"embeddable":true,"href":"https:\/\/bilijardai.lt\/lt\/wp-json\/wp\/v2\/comments?post=2588"}],"version-history":[{"count":0,"href":"https:\/\/bilijardai.lt\/lt\/wp-json\/wp\/v2\/pages\/2588\/revisions"}],"wp:attachment":[{"href":"https:\/\/bilijardai.lt\/lt\/wp-json\/wp\/v2\/media?parent=2588"}],"curies":[{"name":"wp","href":"https:\/\/api.w.org\/{rel}","templated":true}]}}