{"id":2585,"date":"2020-09-25T04:31:17","date_gmt":"2020-09-25T06:31:17","guid":{"rendered":"https:\/\/bilijardai.lt\/quality\/"},"modified":"2020-11-20T10:53:50","modified_gmt":"2020-11-20T12:53:50","slug":"kokybe","status":"publish","type":"page","link":"https:\/\/bilijardai.lt\/lt\/kokybe\/","title":{"rendered":"Kokyb\u0117"},"content":{"rendered":"<p style=\"text-align: justify;\"><strong>MAKSIMALUS BORT\u0172 STANDUMAS:<\/strong><\/p>\n<p style=\"text-align: justify;\">Vis\u0173 dyd\u017ei\u0173 biliardo stal\u0173 bortai yra pritvirtinti kiaurai per akmens aik\u0161tel\u0119 specialiais m\u016bs\u0173 suprojektuotais sujungimais (Ap, Ar, As), kurie u\u017etikrina didel\u0119 borto prispaudimo j\u0117g\u0105.<\/p>\n<p style=\"text-align: justify;\">Priklausomai nuo biliardo dyd\u017eio, viename borte sujungim\u0173:<\/p>\n<p style=\"text-align: justify;\">7ft-5ft biliarduose \u2013 po 3,<\/p>\n<p style=\"text-align: justify;\">9ft-8ft biliarduose &#8211; po 4,<\/p>\n<p style=\"text-align: justify;\">10ft biliarduose &#8211; po 5,<\/p>\n<p style=\"text-align: justify;\">12ft biliarduose &#8211; po 6.<\/p>\n<p><img loading=\"lazy\" decoding=\"async\" class=\"alignnone wp-image-2203 size-full\" src=\"https:\/\/bilijardai.lt\/wp-content\/uploads\/2020\/09\/bortai_2.jpg\" alt=\"\" width=\"659\" height=\"403\" srcset=\"https:\/\/bilijardai.lt\/wp-content\/uploads\/2020\/09\/bortai_2.jpg 659w, https:\/\/bilijardai.lt\/wp-content\/uploads\/2020\/09\/bortai_2-300x183.jpg 300w\" sizes=\"auto, (max-width: 659px) 100vw, 659px\" \/><\/p>\n<p style=\"text-align: justify;\">Kad \u017eaidimo metu neatsipalaiduot\u0173 sujungimas, dedama speciali dviej\u0173 pover\u017eli\u0173 sistema :\u201cpraplatinta\u201d (2) + \u201cspyruoklin\u0117\u201d(3) pover\u017el\u0117.<\/p>\n<p style=\"text-align: justify;\">Taip pat visuose biliardo stal\u0173 bortuose yra i\u0161ima audinio tvirtinimui (1). Taip u\u017etikrinama, kad bortas tiksliai priglust\u0173 prie akmens.<\/p>\n<p><img loading=\"lazy\" decoding=\"async\" class=\"alignnone size-full wp-image-2200\" src=\"https:\/\/bilijardai.lt\/wp-content\/uploads\/2020\/09\/bortai_1.jpg\" alt=\"\" width=\"635\" height=\"270\" srcset=\"https:\/\/bilijardai.lt\/wp-content\/uploads\/2020\/09\/bortai_1.jpg 635w, https:\/\/bilijardai.lt\/wp-content\/uploads\/2020\/09\/bortai_1-300x128.jpg 300w\" sizes=\"auto, (max-width: 635px) 100vw, 635px\" \/><\/p>\n<p style=\"text-align: justify;\">Br\u0117\u017einiuose C parodyta kaip bus veikiamas biliardo stalo bortas rutulio sm\u016bgio metu:<\/p>\n<p style=\"text-align: justify;\">M\u016bs\u0173 konstrukcijoje rutulio sm\u016bgio j\u0117ga F tvirtinim\u0105 veiks per 74 milimetr\u0173 pet\u012f , o tvirtinant \u012f akmens kra\u0161t\u0105 F veiks per 137 mm pet\u012f. F*137 \/F *74 =1,85 matom ,kad m\u016bs\u0173 konstrukcija bus beveik du kart atsparesn\u0117.<\/p>\n<p style=\"text-align: justify;\"><strong>\u201cHIGH QUALITY\u201d BORT\u0172 GUMA:<\/strong><\/p>\n<p style=\"text-align: justify;\">Mes labai atsakingai renkam\u0117s tiek\u0117jus ir specialaus stendo pagalba tikrinam bort\u0173 gum\u0105. Specialaus testo pagalba atrenkame Auk\u0161\u010diausios kokyb\u0117s biliardo gum\u0105, kuri priklausomai nuo sm\u016bgio j\u0117gos tolygiai kei\u010dia at\u0161okimo kamp\u0105:<\/p>\n<p><img loading=\"lazy\" decoding=\"async\" class=\"alignnone size-full wp-image-2212\" src=\"https:\/\/bilijardai.lt\/wp-content\/uploads\/2020\/09\/gumos_bandymas.gif\" alt=\"\" width=\"429\" height=\"243\" \/><\/p>\n<p style=\"text-align: justify;\">Jeigu biliardo rutulio at\u0161okimo kampas kinta netolygiai, \u017eaisdami nuo borto j\u016bs negal\u0117site \u012fvertinti kur at\u0161oks j\u016bs\u0173 rutulys.<\/p>\n<p style=\"text-align: justify;\"><strong>PROFESIONALUS BILIARDO AKMUO:<\/strong><\/p>\n<p style=\"text-align: justify;\">M\u016bs\u0173 biliardo stalai komplektuojami tiktai \u201cPROFESIONAL BILLIARD SLATE\u201d nat\u016bralaus skal\u016bno biliardo stalo plok\u0161t\u0117mis.<\/p>\n<p><img loading=\"lazy\" decoding=\"async\" class=\"alignnone size-full wp-image-2209\" src=\"https:\/\/bilijardai.lt\/wp-content\/uploads\/2020\/09\/slate.gif\" alt=\"\" width=\"640\" height=\"373\" \/><\/p>\n<p style=\"text-align: justify;\">\u0160is produktas yra suprojektuotas Europoje, \u012fvertinant visus biliardo \u017eaidimo ir ilgaam\u017ei\u0161kumo niuansus ir tinka visiems m\u016bs\u0173 gaminamiems modeliams.<\/p>\n<p style=\"text-align: justify;\">Kiekvienas komplektas 100 procent\u0173 patikrinamas m\u016bs\u0173 \u012fmon\u0117je ir jam suteikiamas individualus numeris.<\/p>\n<p style=\"text-align: justify;\"><strong>\u201cQUICK FITTING SLATE\u201d SISTEMA:<\/strong><\/p>\n<p style=\"text-align: justify;\">M\u016bs\u0173 biliardo stal\u0173 r\u0117m\u0173 konstrukcija padaryta taip, kad akmens tvirtinimo var\u017etai nepatenka \u012f rutulio ried\u0117jimo zon\u0105, tod\u0117l pritvirtinus akmen\u012f, tvirtinimo viet\u0173 nereikia glaistyti:<\/p>\n<p><img loading=\"lazy\" decoding=\"async\" class=\"alignnone size-full wp-image-2206\" src=\"https:\/\/bilijardai.lt\/wp-content\/uploads\/2020\/09\/bortas_3.gif\" alt=\"\" width=\"640\" height=\"411\" \/><\/p>\n<p style=\"text-align: justify;\">Tod\u0117l pagreit\u0117ja biliardo surinkimo ir i\u0161ardymo darbai, pavir\u0161iaus kokyb\u0117 nepriklauso nuo glaistymo kokyb\u0117s ir prireikus permontuoti biliardo stal\u0105, nenuken\u010dia akmens kokyb\u0117.<\/p>\n<p style=\"text-align: justify;\"><strong>GAMINI\u0172 SAVYB\u0116S:<\/strong><\/p>\n<p style=\"text-align: justify;\">Priklausomai nuo j\u016bs\u0173 pasirinkto biliardo modelio, gali b\u016bti naudojamos \u012fvairios med\u017eiagos, bet visur naudojami tokie pat patikimi konstrukciniai sprendimai ir visi jie (kiek tai leid\u017eia stalo dydis) atitinka biliardo federacij\u0173 keliamus reikalavimus:<\/p>\n<ul>\n<li style=\"text-align: justify;\">Pulas &#8211; EPBF, BCA, WPA federacij\u0173 reikalavimus;<\/li>\n<li style=\"text-align: justify;\">Rusi\u0161kas biliardas &#8211; ECP ir ICP federacij\u0173 reikalavimus;<\/li>\n<li style=\"text-align: justify;\">Snukeris &#8211; WSA federacijos reikalavimus;<\/li>\n<li style=\"text-align: justify;\">Angli\u0161kas pulas &#8211; BAPTO ir BACTA federacij\u0173 reikalavimus;<\/li>\n<li style=\"text-align: justify;\">Karambolis &#8211; UMB federacijos reikalavimus.<\/li>\n<\/ul>\n","protected":false},"excerpt":{"rendered":"<p>MAKSIMALUS BORT\u0172 STANDUMAS: Vis\u0173 dyd\u017ei\u0173 biliardo stal\u0173 bortai yra pritvirtinti kiaurai per akmens aik\u0161tel\u0119 specialiais m\u016bs\u0173 suprojektuotais sujungimais (Ap, Ar, As), kurie u\u017etikrina didel\u0119 borto prispaudimo j\u0117g\u0105. Priklausomai nuo biliardo dyd\u017eio, viename borte sujungim\u0173: 7ft-5ft biliarduose \u2013 po 3, 9ft-8ft biliarduose &#8211; po 4, 10ft biliarduose &#8211; po 5, 12ft biliarduose &#8211; po 6. Kad [&hellip;]<\/p>\n","protected":false},"author":1,"featured_media":0,"parent":0,"menu_order":25,"comment_status":"closed","ping_status":"closed","template":"","meta":{"_acf_changed":false,"footnotes":""},"class_list":["post-2585","page","type-page","status-publish","hentry"],"acf":[],"yoast_head":"<!-- This site is optimized with the Yoast SEO plugin v25.2 - https:\/\/yoast.com\/wordpress\/plugins\/seo\/ -->\n<title>Kokyb\u0117 - Bilijardai<\/title>\n<meta name=\"robots\" content=\"index, follow, max-snippet:-1, max-image-preview:large, max-video-preview:-1\" \/>\n<link rel=\"canonical\" href=\"https:\/\/bilijardai.lt\/lt\/kokybe\/\" \/>\n<meta property=\"og:locale\" content=\"lt_LT\" \/>\n<meta property=\"og:type\" content=\"article\" \/>\n<meta property=\"og:title\" content=\"Kokyb\u0117 - Bilijardai\" \/>\n<meta property=\"og:description\" content=\"MAKSIMALUS BORT\u0172 STANDUMAS: Vis\u0173 dyd\u017ei\u0173 biliardo stal\u0173 bortai yra pritvirtinti kiaurai per akmens aik\u0161tel\u0119 specialiais m\u016bs\u0173 suprojektuotais sujungimais (Ap, Ar, As), kurie u\u017etikrina didel\u0119 borto prispaudimo j\u0117g\u0105. Priklausomai nuo biliardo dyd\u017eio, viename borte sujungim\u0173: 7ft-5ft biliarduose \u2013 po 3, 9ft-8ft biliarduose &#8211; po 4, 10ft biliarduose &#8211; po 5, 12ft biliarduose &#8211; po 6. Kad [&hellip;]\" \/>\n<meta property=\"og:url\" content=\"https:\/\/bilijardai.lt\/lt\/kokybe\/\" \/>\n<meta property=\"og:site_name\" content=\"Bilijardai\" \/>\n<meta property=\"article:modified_time\" content=\"2020-11-20T12:53:50+00:00\" \/>\n<meta property=\"og:image\" content=\"https:\/\/bilijardai.lt\/wp-content\/uploads\/2020\/09\/bortai_2.jpg\" \/>\n<meta name=\"twitter:card\" content=\"summary_large_image\" \/>\n<meta name=\"twitter:label1\" content=\"Est. reading time\" \/>\n\t<meta name=\"twitter:data1\" content=\"2 minut\u0117s\" \/>\n<script type=\"application\/ld+json\" class=\"yoast-schema-graph\">{\"@context\":\"https:\/\/schema.org\",\"@graph\":[{\"@type\":\"WebPage\",\"@id\":\"https:\/\/bilijardai.lt\/lt\/kokybe\/\",\"url\":\"https:\/\/bilijardai.lt\/lt\/kokybe\/\",\"name\":\"Kokyb\u0117 - Bilijardai\",\"isPartOf\":{\"@id\":\"https:\/\/bilijardai.lt\/#website\"},\"primaryImageOfPage\":{\"@id\":\"https:\/\/bilijardai.lt\/lt\/kokybe\/#primaryimage\"},\"image\":{\"@id\":\"https:\/\/bilijardai.lt\/lt\/kokybe\/#primaryimage\"},\"thumbnailUrl\":\"https:\/\/bilijardai.lt\/wp-content\/uploads\/2020\/09\/bortai_2.jpg\",\"datePublished\":\"2020-09-25T06:31:17+00:00\",\"dateModified\":\"2020-11-20T12:53:50+00:00\",\"inLanguage\":\"lt-LT\",\"potentialAction\":[{\"@type\":\"ReadAction\",\"target\":[\"https:\/\/bilijardai.lt\/lt\/kokybe\/\"]}]},{\"@type\":\"ImageObject\",\"inLanguage\":\"lt-LT\",\"@id\":\"https:\/\/bilijardai.lt\/lt\/kokybe\/#primaryimage\",\"url\":\"https:\/\/bilijardai.lt\/wp-content\/uploads\/2020\/09\/bortai_2.jpg\",\"contentUrl\":\"https:\/\/bilijardai.lt\/wp-content\/uploads\/2020\/09\/bortai_2.jpg\"},{\"@type\":\"WebSite\",\"@id\":\"https:\/\/bilijardai.lt\/#website\",\"url\":\"https:\/\/bilijardai.lt\/\",\"name\":\"Bilijardai\",\"description\":\"Kol kas tik dar vienas WordPress tinklalapis\",\"potentialAction\":[{\"@type\":\"SearchAction\",\"target\":{\"@type\":\"EntryPoint\",\"urlTemplate\":\"https:\/\/bilijardai.lt\/?s={search_term_string}\"},\"query-input\":{\"@type\":\"PropertyValueSpecification\",\"valueRequired\":true,\"valueName\":\"search_term_string\"}}],\"inLanguage\":\"lt-LT\"}]}<\/script>\n<!-- \/ Yoast SEO plugin. -->","yoast_head_json":{"title":"Kokyb\u0117 - Bilijardai","robots":{"index":"index","follow":"follow","max-snippet":"max-snippet:-1","max-image-preview":"max-image-preview:large","max-video-preview":"max-video-preview:-1"},"canonical":"https:\/\/bilijardai.lt\/lt\/kokybe\/","og_locale":"lt_LT","og_type":"article","og_title":"Kokyb\u0117 - Bilijardai","og_description":"MAKSIMALUS BORT\u0172 STANDUMAS: Vis\u0173 dyd\u017ei\u0173 biliardo stal\u0173 bortai yra pritvirtinti kiaurai per akmens aik\u0161tel\u0119 specialiais m\u016bs\u0173 suprojektuotais sujungimais (Ap, Ar, As), kurie u\u017etikrina didel\u0119 borto prispaudimo j\u0117g\u0105. Priklausomai nuo biliardo dyd\u017eio, viename borte sujungim\u0173: 7ft-5ft biliarduose \u2013 po 3, 9ft-8ft biliarduose &#8211; po 4, 10ft biliarduose &#8211; po 5, 12ft biliarduose &#8211; po 6. Kad [&hellip;]","og_url":"https:\/\/bilijardai.lt\/lt\/kokybe\/","og_site_name":"Bilijardai","article_modified_time":"2020-11-20T12:53:50+00:00","og_image":[{"url":"https:\/\/bilijardai.lt\/wp-content\/uploads\/2020\/09\/bortai_2.jpg","type":"","width":"","height":""}],"twitter_card":"summary_large_image","twitter_misc":{"Est. reading time":"2 minut\u0117s"},"schema":{"@context":"https:\/\/schema.org","@graph":[{"@type":"WebPage","@id":"https:\/\/bilijardai.lt\/lt\/kokybe\/","url":"https:\/\/bilijardai.lt\/lt\/kokybe\/","name":"Kokyb\u0117 - Bilijardai","isPartOf":{"@id":"https:\/\/bilijardai.lt\/#website"},"primaryImageOfPage":{"@id":"https:\/\/bilijardai.lt\/lt\/kokybe\/#primaryimage"},"image":{"@id":"https:\/\/bilijardai.lt\/lt\/kokybe\/#primaryimage"},"thumbnailUrl":"https:\/\/bilijardai.lt\/wp-content\/uploads\/2020\/09\/bortai_2.jpg","datePublished":"2020-09-25T06:31:17+00:00","dateModified":"2020-11-20T12:53:50+00:00","inLanguage":"lt-LT","potentialAction":[{"@type":"ReadAction","target":["https:\/\/bilijardai.lt\/lt\/kokybe\/"]}]},{"@type":"ImageObject","inLanguage":"lt-LT","@id":"https:\/\/bilijardai.lt\/lt\/kokybe\/#primaryimage","url":"https:\/\/bilijardai.lt\/wp-content\/uploads\/2020\/09\/bortai_2.jpg","contentUrl":"https:\/\/bilijardai.lt\/wp-content\/uploads\/2020\/09\/bortai_2.jpg"},{"@type":"WebSite","@id":"https:\/\/bilijardai.lt\/#website","url":"https:\/\/bilijardai.lt\/","name":"Bilijardai","description":"Kol kas tik dar vienas WordPress tinklalapis","potentialAction":[{"@type":"SearchAction","target":{"@type":"EntryPoint","urlTemplate":"https:\/\/bilijardai.lt\/?s={search_term_string}"},"query-input":{"@type":"PropertyValueSpecification","valueRequired":true,"valueName":"search_term_string"}}],"inLanguage":"lt-LT"}]}},"_links":{"self":[{"href":"https:\/\/bilijardai.lt\/lt\/wp-json\/wp\/v2\/pages\/2585","targetHints":{"allow":["GET"]}}],"collection":[{"href":"https:\/\/bilijardai.lt\/lt\/wp-json\/wp\/v2\/pages"}],"about":[{"href":"https:\/\/bilijardai.lt\/lt\/wp-json\/wp\/v2\/types\/page"}],"author":[{"embeddable":true,"href":"https:\/\/bilijardai.lt\/lt\/wp-json\/wp\/v2\/users\/1"}],"replies":[{"embeddable":true,"href":"https:\/\/bilijardai.lt\/lt\/wp-json\/wp\/v2\/comments?post=2585"}],"version-history":[{"count":0,"href":"https:\/\/bilijardai.lt\/lt\/wp-json\/wp\/v2\/pages\/2585\/revisions"}],"wp:attachment":[{"href":"https:\/\/bilijardai.lt\/lt\/wp-json\/wp\/v2\/media?parent=2585"}],"curies":[{"name":"wp","href":"https:\/\/api.w.org\/{rel}","templated":true}]}}