{"id":2582,"date":"2020-09-24T06:17:41","date_gmt":"2020-09-24T08:17:41","guid":{"rendered":"https:\/\/bilijardai.lt\/range-of-colors\/"},"modified":"2020-10-22T03:32:58","modified_gmt":"2020-10-22T05:32:58","slug":"spalvu-palete","status":"publish","type":"page","link":"https:\/\/bilijardai.lt\/lt\/spalvu-palete\/","title":{"rendered":"Spalv\u0173 palet\u0117"},"content":{"rendered":"<p>Fotografijose spalvos \u0105\u017euolo medienos, pasirinkus uos\u012f arba ber\u017e\u0105 jos \u0161iek tiek skirsis.<\/p>\n<p>Spalva No.0\u00a0Nat\u016brali spalva,\u00a0BER\u017dUI NEGALIMA<\/p>\n\n\t\t<style type=\"text\/css\">\n\t\t\t#gallery-1 {\n\t\t\t\tmargin: auto;\n\t\t\t}\n\t\t\t#gallery-1 .gallery-item {\n\t\t\t\tfloat: left;\n\t\t\t\tmargin-top: 10px;\n\t\t\t\ttext-align: center;\n\t\t\t\twidth: 25%;\n\t\t\t}\n\t\t\t#gallery-1 img {\n\t\t\t\tborder: 2px solid #cfcfcf;\n\t\t\t}\n\t\t\t#gallery-1 .gallery-caption {\n\t\t\t\tmargin-left: 0;\n\t\t\t}\n\t\t\t\/* see gallery_shortcode() in wp-includes\/media.php *\/\n\t\t<\/style>\n\t\t<div id='gallery-1' class='gallery galleryid-2582 gallery-columns-4 gallery-size-large'><dl class='gallery-item'>\n\t\t\t<dt class='gallery-icon landscape'>\n\t\t\t\t<img loading=\"lazy\" decoding=\"async\" width=\"152\" height=\"151\" src=\"https:\/\/bilijardai.lt\/wp-content\/uploads\/2020\/09\/A0.png\" class=\"attachment-large size-large\" alt=\"\" aria-describedby=\"gallery-1-1956\" srcset=\"https:\/\/bilijardai.lt\/wp-content\/uploads\/2020\/09\/A0.png 152w, https:\/\/bilijardai.lt\/wp-content\/uploads\/2020\/09\/A0-150x150.png 150w\" sizes=\"auto, (max-width: 152px) 100vw, 152px\" \/>\n\t\t\t<\/dt>\n\t\t\t\t<dd class='wp-caption-text gallery-caption' id='gallery-1-1956'>\n\t\t\t\tNo. 0\n\t\t\t\t<\/dd><\/dl><dl class='gallery-item'>\n\t\t\t<dt class='gallery-icon landscape'>\n\t\t\t\t<img loading=\"lazy\" decoding=\"async\" width=\"152\" height=\"151\" src=\"https:\/\/bilijardai.lt\/wp-content\/uploads\/2020\/09\/A1.png\" class=\"attachment-large size-large\" alt=\"\" aria-describedby=\"gallery-1-1947\" srcset=\"https:\/\/bilijardai.lt\/wp-content\/uploads\/2020\/09\/A1.png 152w, https:\/\/bilijardai.lt\/wp-content\/uploads\/2020\/09\/A1-150x150.png 150w\" sizes=\"auto, (max-width: 152px) 100vw, 152px\" \/>\n\t\t\t<\/dt>\n\t\t\t\t<dd class='wp-caption-text gallery-caption' id='gallery-1-1947'>\n\t\t\t\tNo. 1\n\t\t\t\t<\/dd><\/dl><dl class='gallery-item'>\n\t\t\t<dt class='gallery-icon landscape'>\n\t\t\t\t<img loading=\"lazy\" decoding=\"async\" width=\"152\" height=\"151\" src=\"https:\/\/bilijardai.lt\/wp-content\/uploads\/2020\/09\/A2.jpg\" class=\"attachment-large size-large\" alt=\"\" aria-describedby=\"gallery-1-1982\" srcset=\"https:\/\/bilijardai.lt\/wp-content\/uploads\/2020\/09\/A2.jpg 152w, https:\/\/bilijardai.lt\/wp-content\/uploads\/2020\/09\/A2-150x150.jpg 150w\" sizes=\"auto, (max-width: 152px) 100vw, 152px\" \/>\n\t\t\t<\/dt>\n\t\t\t\t<dd class='wp-caption-text gallery-caption' id='gallery-1-1982'>\n\t\t\t\tNo. 2\n\t\t\t\t<\/dd><\/dl><dl class='gallery-item'>\n\t\t\t<dt class='gallery-icon landscape'>\n\t\t\t\t<img loading=\"lazy\" decoding=\"async\" width=\"152\" height=\"151\" src=\"https:\/\/bilijardai.lt\/wp-content\/uploads\/2020\/09\/A3.jpg\" class=\"attachment-large size-large\" alt=\"\" aria-describedby=\"gallery-1-1985\" srcset=\"https:\/\/bilijardai.lt\/wp-content\/uploads\/2020\/09\/A3.jpg 152w, https:\/\/bilijardai.lt\/wp-content\/uploads\/2020\/09\/A3-150x150.jpg 150w\" sizes=\"auto, (max-width: 152px) 100vw, 152px\" \/>\n\t\t\t<\/dt>\n\t\t\t\t<dd class='wp-caption-text gallery-caption' id='gallery-1-1985'>\n\t\t\t\tNo.3\n\t\t\t\t<\/dd><\/dl><br style=\"clear: both\" \/>\n\t\t<\/div>\n\n\n\t\t<style type=\"text\/css\">\n\t\t\t#gallery-2 {\n\t\t\t\tmargin: auto;\n\t\t\t}\n\t\t\t#gallery-2 .gallery-item {\n\t\t\t\tfloat: left;\n\t\t\t\tmargin-top: 10px;\n\t\t\t\ttext-align: center;\n\t\t\t\twidth: 25%;\n\t\t\t}\n\t\t\t#gallery-2 img {\n\t\t\t\tborder: 2px solid #cfcfcf;\n\t\t\t}\n\t\t\t#gallery-2 .gallery-caption {\n\t\t\t\tmargin-left: 0;\n\t\t\t}\n\t\t\t\/* see gallery_shortcode() in wp-includes\/media.php *\/\n\t\t<\/style>\n\t\t<div id='gallery-2' class='gallery galleryid-2582 gallery-columns-4 gallery-size-large'><dl class='gallery-item'>\n\t\t\t<dt class='gallery-icon landscape'>\n\t\t\t\t<img loading=\"lazy\" decoding=\"async\" width=\"152\" height=\"151\" src=\"https:\/\/bilijardai.lt\/wp-content\/uploads\/2020\/09\/A4.png\" class=\"attachment-large size-large\" alt=\"\" aria-describedby=\"gallery-2-1950\" srcset=\"https:\/\/bilijardai.lt\/wp-content\/uploads\/2020\/09\/A4.png 152w, https:\/\/bilijardai.lt\/wp-content\/uploads\/2020\/09\/A4-150x150.png 150w\" sizes=\"auto, (max-width: 152px) 100vw, 152px\" \/>\n\t\t\t<\/dt>\n\t\t\t\t<dd class='wp-caption-text gallery-caption' id='gallery-2-1950'>\n\t\t\t\tNo. 4\n\t\t\t\t<\/dd><\/dl><dl class='gallery-item'>\n\t\t\t<dt class='gallery-icon landscape'>\n\t\t\t\t<img loading=\"lazy\" decoding=\"async\" width=\"152\" height=\"151\" src=\"https:\/\/bilijardai.lt\/wp-content\/uploads\/2020\/09\/A5.png\" class=\"attachment-large size-large\" alt=\"\" aria-describedby=\"gallery-2-1953\" srcset=\"https:\/\/bilijardai.lt\/wp-content\/uploads\/2020\/09\/A5.png 152w, https:\/\/bilijardai.lt\/wp-content\/uploads\/2020\/09\/A5-150x150.png 150w\" sizes=\"auto, (max-width: 152px) 100vw, 152px\" \/>\n\t\t\t<\/dt>\n\t\t\t\t<dd class='wp-caption-text gallery-caption' id='gallery-2-1953'>\n\t\t\t\tNo. 5\n\t\t\t\t<\/dd><\/dl><dl class='gallery-item'>\n\t\t\t<dt class='gallery-icon landscape'>\n\t\t\t\t<img loading=\"lazy\" decoding=\"async\" width=\"152\" height=\"151\" src=\"https:\/\/bilijardai.lt\/wp-content\/uploads\/2020\/09\/A6.jpg\" class=\"attachment-large size-large\" alt=\"\" aria-describedby=\"gallery-2-1988\" srcset=\"https:\/\/bilijardai.lt\/wp-content\/uploads\/2020\/09\/A6.jpg 152w, https:\/\/bilijardai.lt\/wp-content\/uploads\/2020\/09\/A6-150x150.jpg 150w\" sizes=\"auto, (max-width: 152px) 100vw, 152px\" \/>\n\t\t\t<\/dt>\n\t\t\t\t<dd class='wp-caption-text gallery-caption' id='gallery-2-1988'>\n\t\t\t\tNo. 6\n\t\t\t\t<\/dd><\/dl><dl class='gallery-item'>\n\t\t\t<dt class='gallery-icon landscape'>\n\t\t\t\t<img loading=\"lazy\" decoding=\"async\" width=\"150\" height=\"150\" src=\"https:\/\/bilijardai.lt\/wp-content\/uploads\/2020\/09\/A7.jpg\" class=\"attachment-large size-large\" alt=\"\" aria-describedby=\"gallery-2-1970\" \/>\n\t\t\t<\/dt>\n\t\t\t\t<dd class='wp-caption-text gallery-caption' id='gallery-2-1970'>\n\t\t\t\tNo. 7\n\t\t\t\t<\/dd><\/dl><br style=\"clear: both\" \/>\n\t\t<\/div>\n\n\n\t\t<style type=\"text\/css\">\n\t\t\t#gallery-3 {\n\t\t\t\tmargin: auto;\n\t\t\t}\n\t\t\t#gallery-3 .gallery-item {\n\t\t\t\tfloat: left;\n\t\t\t\tmargin-top: 10px;\n\t\t\t\ttext-align: center;\n\t\t\t\twidth: 25%;\n\t\t\t}\n\t\t\t#gallery-3 img {\n\t\t\t\tborder: 2px solid #cfcfcf;\n\t\t\t}\n\t\t\t#gallery-3 .gallery-caption {\n\t\t\t\tmargin-left: 0;\n\t\t\t}\n\t\t\t\/* see gallery_shortcode() in wp-includes\/media.php *\/\n\t\t<\/style>\n\t\t<div id='gallery-3' class='gallery galleryid-2582 gallery-columns-4 gallery-size-large'><dl class='gallery-item'>\n\t\t\t<dt class='gallery-icon landscape'>\n\t\t\t\t<img loading=\"lazy\" decoding=\"async\" width=\"152\" height=\"151\" src=\"https:\/\/bilijardai.lt\/wp-content\/uploads\/2020\/09\/A8.jpg\" class=\"attachment-large size-large\" alt=\"\" aria-describedby=\"gallery-3-1973\" srcset=\"https:\/\/bilijardai.lt\/wp-content\/uploads\/2020\/09\/A8.jpg 152w, https:\/\/bilijardai.lt\/wp-content\/uploads\/2020\/09\/A8-150x150.jpg 150w\" sizes=\"auto, (max-width: 152px) 100vw, 152px\" \/>\n\t\t\t<\/dt>\n\t\t\t\t<dd class='wp-caption-text gallery-caption' id='gallery-3-1973'>\n\t\t\t\tNo. 8\n\t\t\t\t<\/dd><\/dl><dl class='gallery-item'>\n\t\t\t<dt class='gallery-icon landscape'>\n\t\t\t\t<img loading=\"lazy\" decoding=\"async\" width=\"152\" height=\"151\" src=\"https:\/\/bilijardai.lt\/wp-content\/uploads\/2020\/09\/A9.png\" class=\"attachment-large size-large\" alt=\"\" aria-describedby=\"gallery-3-1938\" srcset=\"https:\/\/bilijardai.lt\/wp-content\/uploads\/2020\/09\/A9.png 152w, https:\/\/bilijardai.lt\/wp-content\/uploads\/2020\/09\/A9-150x150.png 150w\" sizes=\"auto, (max-width: 152px) 100vw, 152px\" \/>\n\t\t\t<\/dt>\n\t\t\t\t<dd class='wp-caption-text gallery-caption' id='gallery-3-1938'>\n\t\t\t\tNo. 9\n\t\t\t\t<\/dd><\/dl><dl class='gallery-item'>\n\t\t\t<dt class='gallery-icon landscape'>\n\t\t\t\t<img loading=\"lazy\" decoding=\"async\" width=\"152\" height=\"151\" src=\"https:\/\/bilijardai.lt\/wp-content\/uploads\/2020\/09\/A10.png\" class=\"attachment-large size-large\" alt=\"\" aria-describedby=\"gallery-3-1941\" srcset=\"https:\/\/bilijardai.lt\/wp-content\/uploads\/2020\/09\/A10.png 152w, https:\/\/bilijardai.lt\/wp-content\/uploads\/2020\/09\/A10-150x150.png 150w\" sizes=\"auto, (max-width: 152px) 100vw, 152px\" \/>\n\t\t\t<\/dt>\n\t\t\t\t<dd class='wp-caption-text gallery-caption' id='gallery-3-1941'>\n\t\t\t\tNo. 10\n\t\t\t\t<\/dd><\/dl><dl class='gallery-item'>\n\t\t\t<dt class='gallery-icon landscape'>\n\t\t\t\t<img loading=\"lazy\" decoding=\"async\" width=\"152\" height=\"151\" src=\"https:\/\/bilijardai.lt\/wp-content\/uploads\/2020\/09\/A11.jpg\" class=\"attachment-large size-large\" alt=\"\" aria-describedby=\"gallery-3-1976\" srcset=\"https:\/\/bilijardai.lt\/wp-content\/uploads\/2020\/09\/A11.jpg 152w, https:\/\/bilijardai.lt\/wp-content\/uploads\/2020\/09\/A11-150x150.jpg 150w\" sizes=\"auto, (max-width: 152px) 100vw, 152px\" \/>\n\t\t\t<\/dt>\n\t\t\t\t<dd class='wp-caption-text gallery-caption' id='gallery-3-1976'>\n\t\t\t\tNo. 11\n\t\t\t\t<\/dd><\/dl><br style=\"clear: both\" \/>\n\t\t<\/div>\n\n\n\t\t<style type=\"text\/css\">\n\t\t\t#gallery-4 {\n\t\t\t\tmargin: auto;\n\t\t\t}\n\t\t\t#gallery-4 .gallery-item {\n\t\t\t\tfloat: left;\n\t\t\t\tmargin-top: 10px;\n\t\t\t\ttext-align: center;\n\t\t\t\twidth: 25%;\n\t\t\t}\n\t\t\t#gallery-4 img {\n\t\t\t\tborder: 2px solid #cfcfcf;\n\t\t\t}\n\t\t\t#gallery-4 .gallery-caption {\n\t\t\t\tmargin-left: 0;\n\t\t\t}\n\t\t\t\/* see gallery_shortcode() in wp-includes\/media.php *\/\n\t\t<\/style>\n\t\t<div id='gallery-4' class='gallery galleryid-2582 gallery-columns-4 gallery-size-large'><dl class='gallery-item'>\n\t\t\t<dt class='gallery-icon landscape'>\n\t\t\t\t<img loading=\"lazy\" decoding=\"async\" width=\"152\" height=\"151\" src=\"https:\/\/bilijardai.lt\/wp-content\/uploads\/2020\/09\/A12.jpg\" class=\"attachment-large size-large\" alt=\"\" aria-describedby=\"gallery-4-1961\" srcset=\"https:\/\/bilijardai.lt\/wp-content\/uploads\/2020\/09\/A12.jpg 152w, https:\/\/bilijardai.lt\/wp-content\/uploads\/2020\/09\/A12-150x150.jpg 150w\" sizes=\"auto, (max-width: 152px) 100vw, 152px\" \/>\n\t\t\t<\/dt>\n\t\t\t\t<dd class='wp-caption-text gallery-caption' id='gallery-4-1961'>\n\t\t\t\tNo. 12\n\t\t\t\t<\/dd><\/dl><dl class='gallery-item'>\n\t\t\t<dt class='gallery-icon landscape'>\n\t\t\t\t<img loading=\"lazy\" decoding=\"async\" width=\"152\" height=\"151\" src=\"https:\/\/bilijardai.lt\/wp-content\/uploads\/2020\/09\/A13.jpg\" class=\"attachment-large size-large\" alt=\"\" aria-describedby=\"gallery-4-1964\" srcset=\"https:\/\/bilijardai.lt\/wp-content\/uploads\/2020\/09\/A13.jpg 152w, https:\/\/bilijardai.lt\/wp-content\/uploads\/2020\/09\/A13-150x150.jpg 150w\" sizes=\"auto, (max-width: 152px) 100vw, 152px\" \/>\n\t\t\t<\/dt>\n\t\t\t\t<dd class='wp-caption-text gallery-caption' id='gallery-4-1964'>\n\t\t\t\tNo. 13\n\t\t\t\t<\/dd><\/dl><dl class='gallery-item'>\n\t\t\t<dt class='gallery-icon landscape'>\n\t\t\t\t<img loading=\"lazy\" decoding=\"async\" width=\"155\" height=\"155\" src=\"https:\/\/bilijardai.lt\/wp-content\/uploads\/2020\/09\/14-min.jpg\" class=\"attachment-large size-large\" alt=\"\" aria-describedby=\"gallery-4-1935\" srcset=\"https:\/\/bilijardai.lt\/wp-content\/uploads\/2020\/09\/14-min.jpg 155w, https:\/\/bilijardai.lt\/wp-content\/uploads\/2020\/09\/14-min-150x150.jpg 150w\" sizes=\"auto, (max-width: 155px) 100vw, 155px\" \/>\n\t\t\t<\/dt>\n\t\t\t\t<dd class='wp-caption-text gallery-caption' id='gallery-4-1935'>\n\t\t\t\tNo. 14\n\t\t\t\t<\/dd><\/dl><dl class='gallery-item'>\n\t\t\t<dt class='gallery-icon landscape'>\n\t\t\t\t<img loading=\"lazy\" decoding=\"async\" width=\"152\" height=\"151\" src=\"https:\/\/bilijardai.lt\/wp-content\/uploads\/2020\/09\/AP1.png\" class=\"attachment-large size-large\" alt=\"\" aria-describedby=\"gallery-4-1944\" srcset=\"https:\/\/bilijardai.lt\/wp-content\/uploads\/2020\/09\/AP1.png 152w, https:\/\/bilijardai.lt\/wp-content\/uploads\/2020\/09\/AP1-150x150.png 150w\" sizes=\"auto, (max-width: 152px) 100vw, 152px\" \/>\n\t\t\t<\/dt>\n\t\t\t\t<dd class='wp-caption-text gallery-caption' id='gallery-4-1944'>\n\t\t\t\tNo. P1\n\t\t\t\t<\/dd><\/dl><br style=\"clear: both\" \/>\n\t\t<\/div>\n\n\n\t\t<style type=\"text\/css\">\n\t\t\t#gallery-5 {\n\t\t\t\tmargin: auto;\n\t\t\t}\n\t\t\t#gallery-5 .gallery-item {\n\t\t\t\tfloat: left;\n\t\t\t\tmargin-top: 10px;\n\t\t\t\ttext-align: center;\n\t\t\t\twidth: 25%;\n\t\t\t}\n\t\t\t#gallery-5 img {\n\t\t\t\tborder: 2px solid #cfcfcf;\n\t\t\t}\n\t\t\t#gallery-5 .gallery-caption {\n\t\t\t\tmargin-left: 0;\n\t\t\t}\n\t\t\t\/* see gallery_shortcode() in wp-includes\/media.php *\/\n\t\t<\/style>\n\t\t<div id='gallery-5' class='gallery galleryid-2582 gallery-columns-4 gallery-size-medium'><dl class='gallery-item'>\n\t\t\t<dt class='gallery-icon landscape'>\n\t\t\t\t<img loading=\"lazy\" decoding=\"async\" width=\"152\" height=\"151\" src=\"https:\/\/bilijardai.lt\/wp-content\/uploads\/2020\/09\/AP2.jpg\" class=\"attachment-medium size-medium\" alt=\"\" aria-describedby=\"gallery-5-1967\" srcset=\"https:\/\/bilijardai.lt\/wp-content\/uploads\/2020\/09\/AP2.jpg 152w, https:\/\/bilijardai.lt\/wp-content\/uploads\/2020\/09\/AP2-150x150.jpg 150w\" sizes=\"auto, (max-width: 152px) 100vw, 152px\" \/>\n\t\t\t<\/dt>\n\t\t\t\t<dd class='wp-caption-text gallery-caption' id='gallery-5-1967'>\n\t\t\t\tNo. P2\n\t\t\t\t<\/dd><\/dl><dl class='gallery-item'>\n\t\t\t<dt class='gallery-icon landscape'>\n\t\t\t\t<img loading=\"lazy\" decoding=\"async\" width=\"151\" height=\"151\" src=\"https:\/\/bilijardai.lt\/wp-content\/uploads\/2020\/09\/E4-1.jpg\" class=\"attachment-medium size-medium\" alt=\"\" aria-describedby=\"gallery-5-2082\" \/>\n\t\t\t<\/dt>\n\t\t\t\t<dd class='wp-caption-text gallery-caption' id='gallery-5-2082'>\n\t\t\t\tNo. E4\n\t\t\t\t<\/dd><\/dl><dl class='gallery-item'>\n\t\t\t<dt class='gallery-icon landscape'>\n\t\t\t\t<img loading=\"lazy\" decoding=\"async\" width=\"151\" height=\"151\" src=\"https:\/\/bilijardai.lt\/wp-content\/uploads\/2020\/09\/E8-1.jpg\" class=\"attachment-medium size-medium\" alt=\"\" aria-describedby=\"gallery-5-2085\" \/>\n\t\t\t<\/dt>\n\t\t\t\t<dd class='wp-caption-text gallery-caption' id='gallery-5-2085'>\n\t\t\t\tNo. E8\n\t\t\t\t<\/dd><\/dl>\n\t\t\t<br style='clear: both' \/>\n\t\t<\/div>\n\n","protected":false},"excerpt":{"rendered":"<p>Fotografijose spalvos \u0105\u017euolo medienos, pasirinkus uos\u012f arba ber\u017e\u0105 jos \u0161iek tiek skirsis. Spalva No.0\u00a0Nat\u016brali spalva,\u00a0BER\u017dUI NEGALIMA<\/p>\n","protected":false},"author":1,"featured_media":0,"parent":0,"menu_order":26,"comment_status":"closed","ping_status":"closed","template":"","meta":{"_acf_changed":false,"footnotes":""},"class_list":["post-2582","page","type-page","status-publish","hentry"],"acf":[],"yoast_head":"<!-- This site is optimized with the Yoast SEO plugin v25.2 - https:\/\/yoast.com\/wordpress\/plugins\/seo\/ -->\n<title>Spalv\u0173 palet\u0117 - Bilijardai<\/title>\n<meta name=\"robots\" content=\"index, follow, max-snippet:-1, max-image-preview:large, max-video-preview:-1\" \/>\n<link rel=\"canonical\" href=\"https:\/\/bilijardai.lt\/lt\/spalvu-palete\/\" \/>\n<meta property=\"og:locale\" content=\"lt_LT\" \/>\n<meta property=\"og:type\" content=\"article\" \/>\n<meta property=\"og:title\" content=\"Spalv\u0173 palet\u0117 - Bilijardai\" \/>\n<meta property=\"og:description\" content=\"Fotografijose spalvos \u0105\u017euolo medienos, pasirinkus uos\u012f arba ber\u017e\u0105 jos \u0161iek tiek skirsis. Spalva No.0\u00a0Nat\u016brali spalva,\u00a0BER\u017dUI NEGALIMA\" \/>\n<meta property=\"og:url\" content=\"https:\/\/bilijardai.lt\/lt\/spalvu-palete\/\" \/>\n<meta property=\"og:site_name\" content=\"Bilijardai\" \/>\n<meta property=\"article:modified_time\" content=\"2020-10-22T05:32:58+00:00\" \/>\n<meta property=\"og:image\" content=\"https:\/\/bilijardai.lt\/wp-content\/uploads\/2020\/09\/A0.png\" \/>\n<meta name=\"twitter:card\" content=\"summary_large_image\" \/>\n<script type=\"application\/ld+json\" class=\"yoast-schema-graph\">{\"@context\":\"https:\/\/schema.org\",\"@graph\":[{\"@type\":\"WebPage\",\"@id\":\"https:\/\/bilijardai.lt\/lt\/spalvu-palete\/\",\"url\":\"https:\/\/bilijardai.lt\/lt\/spalvu-palete\/\",\"name\":\"Spalv\u0173 palet\u0117 - Bilijardai\",\"isPartOf\":{\"@id\":\"https:\/\/bilijardai.lt\/#website\"},\"datePublished\":\"2020-09-24T08:17:41+00:00\",\"dateModified\":\"2020-10-22T05:32:58+00:00\",\"inLanguage\":\"lt-LT\",\"potentialAction\":[{\"@type\":\"ReadAction\",\"target\":[\"https:\/\/bilijardai.lt\/lt\/spalvu-palete\/\"]}]},{\"@type\":\"WebSite\",\"@id\":\"https:\/\/bilijardai.lt\/#website\",\"url\":\"https:\/\/bilijardai.lt\/\",\"name\":\"Bilijardai\",\"description\":\"Kol kas tik dar vienas WordPress tinklalapis\",\"potentialAction\":[{\"@type\":\"SearchAction\",\"target\":{\"@type\":\"EntryPoint\",\"urlTemplate\":\"https:\/\/bilijardai.lt\/?s={search_term_string}\"},\"query-input\":{\"@type\":\"PropertyValueSpecification\",\"valueRequired\":true,\"valueName\":\"search_term_string\"}}],\"inLanguage\":\"lt-LT\"}]}<\/script>\n<!-- \/ Yoast SEO plugin. -->","yoast_head_json":{"title":"Spalv\u0173 palet\u0117 - Bilijardai","robots":{"index":"index","follow":"follow","max-snippet":"max-snippet:-1","max-image-preview":"max-image-preview:large","max-video-preview":"max-video-preview:-1"},"canonical":"https:\/\/bilijardai.lt\/lt\/spalvu-palete\/","og_locale":"lt_LT","og_type":"article","og_title":"Spalv\u0173 palet\u0117 - Bilijardai","og_description":"Fotografijose spalvos \u0105\u017euolo medienos, pasirinkus uos\u012f arba ber\u017e\u0105 jos \u0161iek tiek skirsis. Spalva No.0\u00a0Nat\u016brali spalva,\u00a0BER\u017dUI NEGALIMA","og_url":"https:\/\/bilijardai.lt\/lt\/spalvu-palete\/","og_site_name":"Bilijardai","article_modified_time":"2020-10-22T05:32:58+00:00","og_image":[{"url":"https:\/\/bilijardai.lt\/wp-content\/uploads\/2020\/09\/A0.png","type":"","width":"","height":""}],"twitter_card":"summary_large_image","schema":{"@context":"https:\/\/schema.org","@graph":[{"@type":"WebPage","@id":"https:\/\/bilijardai.lt\/lt\/spalvu-palete\/","url":"https:\/\/bilijardai.lt\/lt\/spalvu-palete\/","name":"Spalv\u0173 palet\u0117 - Bilijardai","isPartOf":{"@id":"https:\/\/bilijardai.lt\/#website"},"datePublished":"2020-09-24T08:17:41+00:00","dateModified":"2020-10-22T05:32:58+00:00","inLanguage":"lt-LT","potentialAction":[{"@type":"ReadAction","target":["https:\/\/bilijardai.lt\/lt\/spalvu-palete\/"]}]},{"@type":"WebSite","@id":"https:\/\/bilijardai.lt\/#website","url":"https:\/\/bilijardai.lt\/","name":"Bilijardai","description":"Kol kas tik dar vienas WordPress tinklalapis","potentialAction":[{"@type":"SearchAction","target":{"@type":"EntryPoint","urlTemplate":"https:\/\/bilijardai.lt\/?s={search_term_string}"},"query-input":{"@type":"PropertyValueSpecification","valueRequired":true,"valueName":"search_term_string"}}],"inLanguage":"lt-LT"}]}},"_links":{"self":[{"href":"https:\/\/bilijardai.lt\/lt\/wp-json\/wp\/v2\/pages\/2582","targetHints":{"allow":["GET"]}}],"collection":[{"href":"https:\/\/bilijardai.lt\/lt\/wp-json\/wp\/v2\/pages"}],"about":[{"href":"https:\/\/bilijardai.lt\/lt\/wp-json\/wp\/v2\/types\/page"}],"author":[{"embeddable":true,"href":"https:\/\/bilijardai.lt\/lt\/wp-json\/wp\/v2\/users\/1"}],"replies":[{"embeddable":true,"href":"https:\/\/bilijardai.lt\/lt\/wp-json\/wp\/v2\/comments?post=2582"}],"version-history":[{"count":0,"href":"https:\/\/bilijardai.lt\/lt\/wp-json\/wp\/v2\/pages\/2582\/revisions"}],"wp:attachment":[{"href":"https:\/\/bilijardai.lt\/lt\/wp-json\/wp\/v2\/media?parent=2582"}],"curies":[{"name":"wp","href":"https:\/\/api.w.org\/{rel}","templated":true}]}}