{"id":2579,"date":"2020-09-25T03:10:51","date_gmt":"2020-09-25T05:10:51","guid":{"rendered":"https:\/\/bilijardai.lt\/colors-for-laminated-wooden-plate\/"},"modified":"2020-10-22T03:28:36","modified_gmt":"2020-10-22T05:28:36","slug":"lmdp-spalvos","status":"publish","type":"page","link":"https:\/\/bilijardai.lt\/lt\/lmdp-spalvos\/","title":{"rendered":"LMDP spalvos"},"content":{"rendered":"\n\t\t<style type=\"text\/css\">\n\t\t\t#gallery-1 {\n\t\t\t\tmargin: auto;\n\t\t\t}\n\t\t\t#gallery-1 .gallery-item {\n\t\t\t\tfloat: left;\n\t\t\t\tmargin-top: 10px;\n\t\t\t\ttext-align: center;\n\t\t\t\twidth: 25%;\n\t\t\t}\n\t\t\t#gallery-1 img {\n\t\t\t\tborder: 2px solid #cfcfcf;\n\t\t\t}\n\t\t\t#gallery-1 .gallery-caption {\n\t\t\t\tmargin-left: 0;\n\t\t\t}\n\t\t\t\/* see gallery_shortcode() in wp-includes\/media.php *\/\n\t\t<\/style>\n\t\t<div id='gallery-1' class='gallery galleryid-2579 gallery-columns-4 gallery-size-medium'><dl class='gallery-item'>\n\t\t\t<dt class='gallery-icon landscape'>\n\t\t\t\t<img loading=\"lazy\" decoding=\"async\" width=\"300\" height=\"300\" src=\"https:\/\/bilijardai.lt\/wp-content\/uploads\/2020\/09\/L10-300x300.jpg\" class=\"attachment-medium size-medium\" alt=\"\" aria-describedby=\"gallery-1-2022\" srcset=\"https:\/\/bilijardai.lt\/wp-content\/uploads\/2020\/09\/L10-300x300.jpg 300w, https:\/\/bilijardai.lt\/wp-content\/uploads\/2020\/09\/L10-150x150.jpg 150w, https:\/\/bilijardai.lt\/wp-content\/uploads\/2020\/09\/L10.jpg 399w\" sizes=\"auto, (max-width: 300px) 100vw, 300px\" \/>\n\t\t\t<\/dt>\n\t\t\t\t<dd class='wp-caption-text gallery-caption' id='gallery-1-2022'>\n\t\t\t\tL10 Rudo rie\u0161uto imitacija\n\t\t\t\t<\/dd><\/dl><dl class='gallery-item'>\n\t\t\t<dt class='gallery-icon portrait'>\n\t\t\t\t<img loading=\"lazy\" decoding=\"async\" width=\"294\" height=\"300\" src=\"https:\/\/bilijardai.lt\/wp-content\/uploads\/2020\/09\/L11-294x300.jpg\" class=\"attachment-medium size-medium\" alt=\"\" aria-describedby=\"gallery-1-2025\" srcset=\"https:\/\/bilijardai.lt\/wp-content\/uploads\/2020\/09\/L11-294x300.jpg 294w, https:\/\/bilijardai.lt\/wp-content\/uploads\/2020\/09\/L11.jpg 369w\" sizes=\"auto, (max-width: 294px) 100vw, 294px\" \/>\n\t\t\t<\/dt>\n\t\t\t\t<dd class='wp-caption-text gallery-caption' id='gallery-1-2025'>\n\t\t\t\tL11 \u0160viesaus raudonmed\u017eio imitacija\n\t\t\t\t<\/dd><\/dl><dl class='gallery-item'>\n\t\t\t<dt class='gallery-icon landscape'>\n\t\t\t\t<img loading=\"lazy\" decoding=\"async\" width=\"300\" height=\"300\" src=\"https:\/\/bilijardai.lt\/wp-content\/uploads\/2020\/09\/L12-300x300.jpg\" class=\"attachment-medium size-medium\" alt=\"\" aria-describedby=\"gallery-1-2049\" srcset=\"https:\/\/bilijardai.lt\/wp-content\/uploads\/2020\/09\/L12-300x300.jpg 300w, https:\/\/bilijardai.lt\/wp-content\/uploads\/2020\/09\/L12-150x150.jpg 150w, https:\/\/bilijardai.lt\/wp-content\/uploads\/2020\/09\/L12.jpg 401w\" sizes=\"auto, (max-width: 300px) 100vw, 300px\" \/>\n\t\t\t<\/dt>\n\t\t\t\t<dd class='wp-caption-text gallery-caption' id='gallery-1-2049'>\n\t\t\t\tL12 Alksnio imitacija\n\t\t\t\t<\/dd><\/dl><dl class='gallery-item'>\n\t\t\t<dt class='gallery-icon portrait'>\n\t\t\t\t<img loading=\"lazy\" decoding=\"async\" width=\"298\" height=\"300\" src=\"https:\/\/bilijardai.lt\/wp-content\/uploads\/2020\/09\/L13-298x300.jpg\" class=\"attachment-medium size-medium\" alt=\"\" aria-describedby=\"gallery-1-2052\" srcset=\"https:\/\/bilijardai.lt\/wp-content\/uploads\/2020\/09\/L13-298x300.jpg 298w, https:\/\/bilijardai.lt\/wp-content\/uploads\/2020\/09\/L13-150x150.jpg 150w, https:\/\/bilijardai.lt\/wp-content\/uploads\/2020\/09\/L13.jpg 373w\" sizes=\"auto, (max-width: 298px) 100vw, 298px\" \/>\n\t\t\t<\/dt>\n\t\t\t\t<dd class='wp-caption-text gallery-caption' id='gallery-1-2052'>\n\t\t\t\tL13 Juodo \u0105\u017euolo imitacija\n\t\t\t\t<\/dd><\/dl><br style=\"clear: both\" \/>\n\t\t<\/div>\n\n\n\t\t<style type=\"text\/css\">\n\t\t\t#gallery-2 {\n\t\t\t\tmargin: auto;\n\t\t\t}\n\t\t\t#gallery-2 .gallery-item {\n\t\t\t\tfloat: left;\n\t\t\t\tmargin-top: 10px;\n\t\t\t\ttext-align: center;\n\t\t\t\twidth: 25%;\n\t\t\t}\n\t\t\t#gallery-2 img {\n\t\t\t\tborder: 2px solid #cfcfcf;\n\t\t\t}\n\t\t\t#gallery-2 .gallery-caption {\n\t\t\t\tmargin-left: 0;\n\t\t\t}\n\t\t\t\/* see gallery_shortcode() in wp-includes\/media.php *\/\n\t\t<\/style>\n\t\t<div id='gallery-2' class='gallery galleryid-2579 gallery-columns-4 gallery-size-medium'><dl class='gallery-item'>\n\t\t\t<dt class='gallery-icon landscape'>\n\t\t\t\t<img loading=\"lazy\" decoding=\"async\" width=\"300\" height=\"300\" src=\"https:\/\/bilijardai.lt\/wp-content\/uploads\/2020\/09\/L14-300x300.png\" class=\"attachment-medium size-medium\" alt=\"\" aria-describedby=\"gallery-2-2067\" srcset=\"https:\/\/bilijardai.lt\/wp-content\/uploads\/2020\/09\/L14-300x300.png 300w, https:\/\/bilijardai.lt\/wp-content\/uploads\/2020\/09\/L14-150x150.png 150w, https:\/\/bilijardai.lt\/wp-content\/uploads\/2020\/09\/L14.png 375w\" sizes=\"auto, (max-width: 300px) 100vw, 300px\" \/>\n\t\t\t<\/dt>\n\t\t\t\t<dd class='wp-caption-text gallery-caption' id='gallery-2-2067'>\n\t\t\t\tL14 Raudonmed\u017eio imitacija\n\t\t\t\t<\/dd><\/dl><dl class='gallery-item'>\n\t\t\t<dt class='gallery-icon portrait'>\n\t\t\t\t<img loading=\"lazy\" decoding=\"async\" width=\"294\" height=\"300\" src=\"https:\/\/bilijardai.lt\/wp-content\/uploads\/2020\/09\/L15-294x300.png\" class=\"attachment-medium size-medium\" alt=\"\" aria-describedby=\"gallery-2-2010\" srcset=\"https:\/\/bilijardai.lt\/wp-content\/uploads\/2020\/09\/L15-294x300.png 294w, https:\/\/bilijardai.lt\/wp-content\/uploads\/2020\/09\/L15.png 367w\" sizes=\"auto, (max-width: 294px) 100vw, 294px\" \/>\n\t\t\t<\/dt>\n\t\t\t\t<dd class='wp-caption-text gallery-caption' id='gallery-2-2010'>\n\t\t\t\tL15 \u0160viesaus \u0105\u017euolo imitacija\n\t\t\t\t<\/dd><\/dl><dl class='gallery-item'>\n\t\t\t<dt class='gallery-icon portrait'>\n\t\t\t\t<img loading=\"lazy\" decoding=\"async\" width=\"298\" height=\"300\" src=\"https:\/\/bilijardai.lt\/wp-content\/uploads\/2020\/09\/L16-298x300.jpg\" class=\"attachment-medium size-medium\" alt=\"\" aria-describedby=\"gallery-2-2013\" srcset=\"https:\/\/bilijardai.lt\/wp-content\/uploads\/2020\/09\/L16-298x300.jpg 298w, https:\/\/bilijardai.lt\/wp-content\/uploads\/2020\/09\/L16-150x150.jpg 150w, https:\/\/bilijardai.lt\/wp-content\/uploads\/2020\/09\/L16.jpg 373w\" sizes=\"auto, (max-width: 298px) 100vw, 298px\" \/>\n\t\t\t<\/dt>\n\t\t\t\t<dd class='wp-caption-text gallery-caption' id='gallery-2-2013'>\n\t\t\t\tL16 Balta su \u012fspausta tekst\u016bra\n\t\t\t\t<\/dd><\/dl><dl class='gallery-item'>\n\t\t\t<dt class='gallery-icon landscape'>\n\t\t\t\t<img loading=\"lazy\" decoding=\"async\" width=\"300\" height=\"300\" src=\"https:\/\/bilijardai.lt\/wp-content\/uploads\/2020\/09\/L17-300x300.png\" class=\"attachment-medium size-medium\" alt=\"\" aria-describedby=\"gallery-2-2055\" srcset=\"https:\/\/bilijardai.lt\/wp-content\/uploads\/2020\/09\/L17-300x300.png 300w, https:\/\/bilijardai.lt\/wp-content\/uploads\/2020\/09\/L17-150x150.png 150w, https:\/\/bilijardai.lt\/wp-content\/uploads\/2020\/09\/L17.png 400w\" sizes=\"auto, (max-width: 300px) 100vw, 300px\" \/>\n\t\t\t<\/dt>\n\t\t\t\t<dd class='wp-caption-text gallery-caption' id='gallery-2-2055'>\n\t\t\t\tL17 Venge tamsiai ruda\n\t\t\t\t<\/dd><\/dl><br style=\"clear: both\" \/>\n\t\t<\/div>\n\n\n\t\t<style type=\"text\/css\">\n\t\t\t#gallery-3 {\n\t\t\t\tmargin: auto;\n\t\t\t}\n\t\t\t#gallery-3 .gallery-item {\n\t\t\t\tfloat: left;\n\t\t\t\tmargin-top: 10px;\n\t\t\t\ttext-align: center;\n\t\t\t\twidth: 25%;\n\t\t\t}\n\t\t\t#gallery-3 img {\n\t\t\t\tborder: 2px solid #cfcfcf;\n\t\t\t}\n\t\t\t#gallery-3 .gallery-caption {\n\t\t\t\tmargin-left: 0;\n\t\t\t}\n\t\t\t\/* see gallery_shortcode() in wp-includes\/media.php *\/\n\t\t<\/style>\n\t\t<div id='gallery-3' class='gallery galleryid-2579 gallery-columns-4 gallery-size-medium'><dl class='gallery-item'>\n\t\t\t<dt class='gallery-icon landscape'>\n\t\t\t\t<img loading=\"lazy\" decoding=\"async\" width=\"300\" height=\"300\" src=\"https:\/\/bilijardai.lt\/wp-content\/uploads\/2020\/09\/L18-300x300.jpg\" class=\"attachment-medium size-medium\" alt=\"\" aria-describedby=\"gallery-3-2040\" srcset=\"https:\/\/bilijardai.lt\/wp-content\/uploads\/2020\/09\/L18-300x300.jpg 300w, https:\/\/bilijardai.lt\/wp-content\/uploads\/2020\/09\/L18-150x150.jpg 150w, https:\/\/bilijardai.lt\/wp-content\/uploads\/2020\/09\/L18.jpg 400w\" sizes=\"auto, (max-width: 300px) 100vw, 300px\" \/>\n\t\t\t<\/dt>\n\t\t\t\t<dd class='wp-caption-text gallery-caption' id='gallery-3-2040'>\n\t\t\t\tL18 Rudo vy\u0161nios imitacija\n\t\t\t\t<\/dd><\/dl><dl class='gallery-item'>\n\t\t\t<dt class='gallery-icon portrait'>\n\t\t\t\t<img loading=\"lazy\" decoding=\"async\" width=\"298\" height=\"300\" src=\"https:\/\/bilijardai.lt\/wp-content\/uploads\/2020\/09\/L19-298x300.jpg\" class=\"attachment-medium size-medium\" alt=\"\" aria-describedby=\"gallery-3-2058\" srcset=\"https:\/\/bilijardai.lt\/wp-content\/uploads\/2020\/09\/L19-298x300.jpg 298w, https:\/\/bilijardai.lt\/wp-content\/uploads\/2020\/09\/L19-150x150.jpg 150w, https:\/\/bilijardai.lt\/wp-content\/uploads\/2020\/09\/L19.jpg 373w\" sizes=\"auto, (max-width: 298px) 100vw, 298px\" \/>\n\t\t\t<\/dt>\n\t\t\t\t<dd class='wp-caption-text gallery-caption' id='gallery-3-2058'>\n\t\t\t\tL19 Juoda blizgi\n\t\t\t\t<\/dd><\/dl><dl class='gallery-item'>\n\t\t\t<dt class='gallery-icon portrait'>\n\t\t\t\t<img loading=\"lazy\" decoding=\"async\" width=\"300\" height=\"300\" src=\"https:\/\/bilijardai.lt\/wp-content\/uploads\/2020\/09\/L20-300x300.jpg\" class=\"attachment-medium size-medium\" alt=\"\" aria-describedby=\"gallery-3-2016\" srcset=\"https:\/\/bilijardai.lt\/wp-content\/uploads\/2020\/09\/L20-300x300.jpg 300w, https:\/\/bilijardai.lt\/wp-content\/uploads\/2020\/09\/L20-150x150.jpg 150w\" sizes=\"auto, (max-width: 300px) 100vw, 300px\" \/>\n\t\t\t<\/dt>\n\t\t\t\t<dd class='wp-caption-text gallery-caption' id='gallery-3-2016'>\n\t\t\t\tL20 Metalo spalvos\n\t\t\t\t<\/dd><\/dl><dl class='gallery-item'>\n\t\t\t<dt class='gallery-icon portrait'>\n\t\t\t\t<img loading=\"lazy\" decoding=\"async\" width=\"298\" height=\"300\" src=\"https:\/\/bilijardai.lt\/wp-content\/uploads\/2020\/09\/L21-298x300.jpg\" class=\"attachment-medium size-medium\" alt=\"\" aria-describedby=\"gallery-3-2019\" srcset=\"https:\/\/bilijardai.lt\/wp-content\/uploads\/2020\/09\/L21-298x300.jpg 298w, https:\/\/bilijardai.lt\/wp-content\/uploads\/2020\/09\/L21-150x150.jpg 150w, https:\/\/bilijardai.lt\/wp-content\/uploads\/2020\/09\/L21.jpg 373w\" sizes=\"auto, (max-width: 298px) 100vw, 298px\" \/>\n\t\t\t<\/dt>\n\t\t\t\t<dd class='wp-caption-text gallery-caption' id='gallery-3-2019'>\n\t\t\t\tL21 Balta blizgi\n\t\t\t\t<\/dd><\/dl><br style=\"clear: both\" \/>\n\t\t<\/div>\n\n\n\t\t<style type=\"text\/css\">\n\t\t\t#gallery-4 {\n\t\t\t\tmargin: auto;\n\t\t\t}\n\t\t\t#gallery-4 .gallery-item {\n\t\t\t\tfloat: left;\n\t\t\t\tmargin-top: 10px;\n\t\t\t\ttext-align: center;\n\t\t\t\twidth: 25%;\n\t\t\t}\n\t\t\t#gallery-4 img {\n\t\t\t\tborder: 2px solid #cfcfcf;\n\t\t\t}\n\t\t\t#gallery-4 .gallery-caption {\n\t\t\t\tmargin-left: 0;\n\t\t\t}\n\t\t\t\/* see gallery_shortcode() in wp-includes\/media.php *\/\n\t\t<\/style>\n\t\t<div id='gallery-4' class='gallery galleryid-2579 gallery-columns-4 gallery-size-medium'><dl class='gallery-item'>\n\t\t\t<dt class='gallery-icon landscape'>\n\t\t\t\t<img loading=\"lazy\" decoding=\"async\" width=\"300\" height=\"300\" src=\"https:\/\/bilijardai.lt\/wp-content\/uploads\/2020\/09\/L22-300x300.jpg\" class=\"attachment-medium size-medium\" alt=\"\" aria-describedby=\"gallery-4-2043\" srcset=\"https:\/\/bilijardai.lt\/wp-content\/uploads\/2020\/09\/L22-300x300.jpg 300w, https:\/\/bilijardai.lt\/wp-content\/uploads\/2020\/09\/L22-150x150.jpg 150w, https:\/\/bilijardai.lt\/wp-content\/uploads\/2020\/09\/L22.jpg 400w\" sizes=\"auto, (max-width: 300px) 100vw, 300px\" \/>\n\t\t\t<\/dt>\n\t\t\t\t<dd class='wp-caption-text gallery-caption' id='gallery-4-2043'>\n\t\t\t\tL22 Baltai pilka su gilia tekst\u016bra\n\t\t\t\t<\/dd><\/dl><dl class='gallery-item'>\n\t\t\t<dt class='gallery-icon portrait'>\n\t\t\t\t<img loading=\"lazy\" decoding=\"async\" width=\"300\" height=\"300\" src=\"https:\/\/bilijardai.lt\/wp-content\/uploads\/2020\/09\/L23-300x300.jpg\" class=\"attachment-medium size-medium\" alt=\"\" aria-describedby=\"gallery-4-2046\" srcset=\"https:\/\/bilijardai.lt\/wp-content\/uploads\/2020\/09\/L23-300x300.jpg 300w, https:\/\/bilijardai.lt\/wp-content\/uploads\/2020\/09\/L23-150x150.jpg 150w, https:\/\/bilijardai.lt\/wp-content\/uploads\/2020\/09\/L23.jpg 400w\" sizes=\"auto, (max-width: 300px) 100vw, 300px\" \/>\n\t\t\t<\/dt>\n\t\t\t\t<dd class='wp-caption-text gallery-caption' id='gallery-4-2046'>\n\t\t\t\tL23 \u0160viesaus rie\u0161uto imitacija\n\t\t\t\t<\/dd><\/dl><dl class='gallery-item'>\n\t\t\t<dt class='gallery-icon landscape'>\n\t\t\t\t<img loading=\"lazy\" decoding=\"async\" width=\"300\" height=\"300\" src=\"https:\/\/bilijardai.lt\/wp-content\/uploads\/2020\/09\/L24-300x300.jpg\" class=\"attachment-medium size-medium\" alt=\"\" aria-describedby=\"gallery-4-2061\" srcset=\"https:\/\/bilijardai.lt\/wp-content\/uploads\/2020\/09\/L24-300x300.jpg 300w, https:\/\/bilijardai.lt\/wp-content\/uploads\/2020\/09\/L24-150x150.jpg 150w, https:\/\/bilijardai.lt\/wp-content\/uploads\/2020\/09\/L24.jpg 400w\" sizes=\"auto, (max-width: 300px) 100vw, 300px\" \/>\n\t\t\t<\/dt>\n\t\t\t\t<dd class='wp-caption-text gallery-caption' id='gallery-4-2061'>\n\t\t\t\tL24 \u0160viesaus \u0105\u017euolo imitacija\n\t\t\t\t<\/dd><\/dl><dl class='gallery-item'>\n\t\t\t<dt class='gallery-icon landscape'>\n\t\t\t\t<img loading=\"lazy\" decoding=\"async\" width=\"300\" height=\"294\" src=\"https:\/\/bilijardai.lt\/wp-content\/uploads\/2020\/09\/L25-300x294.jpg\" class=\"attachment-medium size-medium\" alt=\"\" aria-describedby=\"gallery-4-2031\" srcset=\"https:\/\/bilijardai.lt\/wp-content\/uploads\/2020\/09\/L25-300x294.jpg 300w, https:\/\/bilijardai.lt\/wp-content\/uploads\/2020\/09\/L25.jpg 383w\" sizes=\"auto, (max-width: 300px) 100vw, 300px\" \/>\n\t\t\t<\/dt>\n\t\t\t\t<dd class='wp-caption-text gallery-caption' id='gallery-4-2031'>\n\t\t\t\tL25 Kriau\u0161\u0117s imitacija\n\t\t\t\t<\/dd><\/dl><br style=\"clear: both\" \/>\n\t\t<\/div>\n\n\n\t\t<style type=\"text\/css\">\n\t\t\t#gallery-5 {\n\t\t\t\tmargin: auto;\n\t\t\t}\n\t\t\t#gallery-5 .gallery-item {\n\t\t\t\tfloat: left;\n\t\t\t\tmargin-top: 10px;\n\t\t\t\ttext-align: center;\n\t\t\t\twidth: 25%;\n\t\t\t}\n\t\t\t#gallery-5 img {\n\t\t\t\tborder: 2px solid #cfcfcf;\n\t\t\t}\n\t\t\t#gallery-5 .gallery-caption {\n\t\t\t\tmargin-left: 0;\n\t\t\t}\n\t\t\t\/* see gallery_shortcode() in wp-includes\/media.php *\/\n\t\t<\/style>\n\t\t<div id='gallery-5' class='gallery galleryid-2579 gallery-columns-4 gallery-size-medium'><dl class='gallery-item'>\n\t\t\t<dt class='gallery-icon landscape'>\n\t\t\t\t<img loading=\"lazy\" decoding=\"async\" width=\"300\" height=\"300\" src=\"https:\/\/bilijardai.lt\/wp-content\/uploads\/2020\/09\/L26-300x300.png\" class=\"attachment-medium size-medium\" alt=\"\" aria-describedby=\"gallery-5-2034\" srcset=\"https:\/\/bilijardai.lt\/wp-content\/uploads\/2020\/09\/L26-300x300.png 300w, https:\/\/bilijardai.lt\/wp-content\/uploads\/2020\/09\/L26-150x150.png 150w, https:\/\/bilijardai.lt\/wp-content\/uploads\/2020\/09\/L26.png 397w\" sizes=\"auto, (max-width: 300px) 100vw, 300px\" \/>\n\t\t\t<\/dt>\n\t\t\t\t<dd class='wp-caption-text gallery-caption' id='gallery-5-2034'>\n\t\t\t\tL26 Vy\u0161nios imitacija\n\t\t\t\t<\/dd><\/dl><dl class='gallery-item'>\n\t\t\t<dt class='gallery-icon landscape'>\n\t\t\t\t<img loading=\"lazy\" decoding=\"async\" width=\"300\" height=\"300\" src=\"https:\/\/bilijardai.lt\/wp-content\/uploads\/2020\/09\/L27-300x300.jpg\" class=\"attachment-medium size-medium\" alt=\"\" aria-describedby=\"gallery-5-2064\" srcset=\"https:\/\/bilijardai.lt\/wp-content\/uploads\/2020\/09\/L27-300x300.jpg 300w, https:\/\/bilijardai.lt\/wp-content\/uploads\/2020\/09\/L27-150x150.jpg 150w, https:\/\/bilijardai.lt\/wp-content\/uploads\/2020\/09\/L27.jpg 400w\" sizes=\"auto, (max-width: 300px) 100vw, 300px\" \/>\n\t\t\t<\/dt>\n\t\t\t\t<dd class='wp-caption-text gallery-caption' id='gallery-5-2064'>\n\t\t\t\tL27 Ruda tekstil\u0117s imitacija\n\t\t\t\t<\/dd><\/dl><dl class='gallery-item'>\n\t\t\t<dt class='gallery-icon landscape'>\n\t\t\t\t<img loading=\"lazy\" decoding=\"async\" width=\"300\" height=\"300\" src=\"https:\/\/bilijardai.lt\/wp-content\/uploads\/2020\/09\/L28-300x300.jpg\" class=\"attachment-medium size-medium\" alt=\"\" aria-describedby=\"gallery-5-1998\" srcset=\"https:\/\/bilijardai.lt\/wp-content\/uploads\/2020\/09\/L28-300x300.jpg 300w, https:\/\/bilijardai.lt\/wp-content\/uploads\/2020\/09\/L28-150x150.jpg 150w, https:\/\/bilijardai.lt\/wp-content\/uploads\/2020\/09\/L28.jpg 400w\" sizes=\"auto, (max-width: 300px) 100vw, 300px\" \/>\n\t\t\t<\/dt>\n\t\t\t\t<dd class='wp-caption-text gallery-caption' id='gallery-5-1998'>\n\t\t\t\tL28 Tamsaus klevo imitacija\n\t\t\t\t<\/dd><\/dl><dl class='gallery-item'>\n\t\t\t<dt class='gallery-icon landscape'>\n\t\t\t\t<img loading=\"lazy\" decoding=\"async\" width=\"300\" height=\"300\" src=\"https:\/\/bilijardai.lt\/wp-content\/uploads\/2020\/09\/L29-300x300.jpg\" class=\"attachment-medium size-medium\" alt=\"\" aria-describedby=\"gallery-5-2001\" srcset=\"https:\/\/bilijardai.lt\/wp-content\/uploads\/2020\/09\/L29-300x300.jpg 300w, https:\/\/bilijardai.lt\/wp-content\/uploads\/2020\/09\/L29-150x150.jpg 150w, https:\/\/bilijardai.lt\/wp-content\/uploads\/2020\/09\/L29.jpg 357w\" sizes=\"auto, (max-width: 300px) 100vw, 300px\" \/>\n\t\t\t<\/dt>\n\t\t\t\t<dd class='wp-caption-text gallery-caption' id='gallery-5-2001'>\n\t\t\t\tL29 Ruda su gilia tekst\u016bra\n\t\t\t\t<\/dd><\/dl><br style=\"clear: both\" \/>\n\t\t<\/div>\n\n\n\t\t<style type=\"text\/css\">\n\t\t\t#gallery-6 {\n\t\t\t\tmargin: auto;\n\t\t\t}\n\t\t\t#gallery-6 .gallery-item {\n\t\t\t\tfloat: left;\n\t\t\t\tmargin-top: 10px;\n\t\t\t\ttext-align: center;\n\t\t\t\twidth: 25%;\n\t\t\t}\n\t\t\t#gallery-6 img {\n\t\t\t\tborder: 2px solid #cfcfcf;\n\t\t\t}\n\t\t\t#gallery-6 .gallery-caption {\n\t\t\t\tmargin-left: 0;\n\t\t\t}\n\t\t\t\/* see gallery_shortcode() in wp-includes\/media.php *\/\n\t\t<\/style>\n\t\t<div id='gallery-6' class='gallery galleryid-2579 gallery-columns-4 gallery-size-medium'><dl class='gallery-item'>\n\t\t\t<dt class='gallery-icon landscape'>\n\t\t\t\t<img loading=\"lazy\" decoding=\"async\" width=\"300\" height=\"300\" src=\"https:\/\/bilijardai.lt\/wp-content\/uploads\/2020\/09\/L30-300x300.jpg\" class=\"attachment-medium size-medium\" alt=\"\" aria-describedby=\"gallery-6-2004\" srcset=\"https:\/\/bilijardai.lt\/wp-content\/uploads\/2020\/09\/L30-300x300.jpg 300w, https:\/\/bilijardai.lt\/wp-content\/uploads\/2020\/09\/L30-150x150.jpg 150w, https:\/\/bilijardai.lt\/wp-content\/uploads\/2020\/09\/L30.jpg 354w\" sizes=\"auto, (max-width: 300px) 100vw, 300px\" \/>\n\t\t\t<\/dt>\n\t\t\t\t<dd class='wp-caption-text gallery-caption' id='gallery-6-2004'>\n\t\t\t\tL30 Tamsiai pilka su gilia tekst\u016bra\n\t\t\t\t<\/dd><\/dl><dl class='gallery-item'>\n\t\t\t<dt class='gallery-icon landscape'>\n\t\t\t\t<img loading=\"lazy\" decoding=\"async\" width=\"300\" height=\"300\" src=\"https:\/\/bilijardai.lt\/wp-content\/uploads\/2020\/09\/L31-1-300x300.jpg\" class=\"attachment-medium size-medium\" alt=\"\" aria-describedby=\"gallery-6-2074\" srcset=\"https:\/\/bilijardai.lt\/wp-content\/uploads\/2020\/09\/L31-1-300x300.jpg 300w, https:\/\/bilijardai.lt\/wp-content\/uploads\/2020\/09\/L31-1-150x150.jpg 150w, https:\/\/bilijardai.lt\/wp-content\/uploads\/2020\/09\/L31-1.jpg 397w\" sizes=\"auto, (max-width: 300px) 100vw, 300px\" \/>\n\t\t\t<\/dt>\n\t\t\t\t<dd class='wp-caption-text gallery-caption' id='gallery-6-2074'>\n\t\t\t\tL31 Metalika blizgi\n\t\t\t\t<\/dd><\/dl><dl class='gallery-item'>\n\t\t\t<dt class='gallery-icon portrait'>\n\t\t\t\t<img loading=\"lazy\" decoding=\"async\" width=\"287\" height=\"300\" src=\"https:\/\/bilijardai.lt\/wp-content\/uploads\/2020\/09\/L32-287x300.png\" class=\"attachment-medium size-medium\" alt=\"\" aria-describedby=\"gallery-6-2037\" srcset=\"https:\/\/bilijardai.lt\/wp-content\/uploads\/2020\/09\/L32-287x300.png 287w, https:\/\/bilijardai.lt\/wp-content\/uploads\/2020\/09\/L32.png 315w\" sizes=\"auto, (max-width: 287px) 100vw, 287px\" \/>\n\t\t\t<\/dt>\n\t\t\t\t<dd class='wp-caption-text gallery-caption' id='gallery-6-2037'>\n\t\t\t\tL32 \u0160viesiai pilka blizgi\n\t\t\t\t<\/dd><\/dl><dl class='gallery-item'>\n\t\t\t<dt class='gallery-icon portrait'>\n\t\t\t\t<img loading=\"lazy\" decoding=\"async\" width=\"278\" height=\"300\" src=\"https:\/\/bilijardai.lt\/wp-content\/uploads\/2020\/09\/L33-278x300.jpg\" class=\"attachment-medium size-medium\" alt=\"\" aria-describedby=\"gallery-6-2028\" srcset=\"https:\/\/bilijardai.lt\/wp-content\/uploads\/2020\/09\/L33-278x300.jpg 278w, https:\/\/bilijardai.lt\/wp-content\/uploads\/2020\/09\/L33.jpg 297w\" sizes=\"auto, (max-width: 278px) 100vw, 278px\" \/>\n\t\t\t<\/dt>\n\t\t\t\t<dd class='wp-caption-text gallery-caption' id='gallery-6-2028'>\n\t\t\t\tL33 Tamsiai pilka blizgi\n\t\t\t\t<\/dd><\/dl><br style=\"clear: both\" \/>\n\t\t<\/div>\n\n<p>&nbsp;<\/p>\n","protected":false},"excerpt":{"rendered":"<p>&nbsp;<\/p>\n","protected":false},"author":1,"featured_media":0,"parent":0,"menu_order":10,"comment_status":"closed","ping_status":"closed","template":"","meta":{"_acf_changed":false,"footnotes":""},"class_list":["post-2579","page","type-page","status-publish","hentry"],"acf":[],"yoast_head":"<!-- This site is optimized with the Yoast SEO plugin v25.2 - https:\/\/yoast.com\/wordpress\/plugins\/seo\/ -->\n<title>LMDP spalvos - Bilijardai<\/title>\n<meta name=\"robots\" content=\"index, follow, max-snippet:-1, max-image-preview:large, max-video-preview:-1\" \/>\n<link rel=\"canonical\" href=\"https:\/\/bilijardai.lt\/lt\/lmdp-spalvos\/\" \/>\n<meta property=\"og:locale\" content=\"lt_LT\" \/>\n<meta property=\"og:type\" content=\"article\" \/>\n<meta property=\"og:title\" content=\"LMDP spalvos - Bilijardai\" \/>\n<meta property=\"og:description\" content=\"&nbsp;\" \/>\n<meta property=\"og:url\" content=\"https:\/\/bilijardai.lt\/lt\/lmdp-spalvos\/\" \/>\n<meta property=\"og:site_name\" content=\"Bilijardai\" \/>\n<meta property=\"article:modified_time\" content=\"2020-10-22T05:28:36+00:00\" \/>\n<meta property=\"og:image\" content=\"https:\/\/bilijardai.lt\/wp-content\/uploads\/2020\/09\/L10-300x300.jpg\" \/>\n<meta name=\"twitter:card\" content=\"summary_large_image\" \/>\n<script type=\"application\/ld+json\" class=\"yoast-schema-graph\">{\"@context\":\"https:\/\/schema.org\",\"@graph\":[{\"@type\":\"WebPage\",\"@id\":\"https:\/\/bilijardai.lt\/lt\/lmdp-spalvos\/\",\"url\":\"https:\/\/bilijardai.lt\/lt\/lmdp-spalvos\/\",\"name\":\"LMDP spalvos - Bilijardai\",\"isPartOf\":{\"@id\":\"https:\/\/bilijardai.lt\/#website\"},\"datePublished\":\"2020-09-25T05:10:51+00:00\",\"dateModified\":\"2020-10-22T05:28:36+00:00\",\"inLanguage\":\"lt-LT\",\"potentialAction\":[{\"@type\":\"ReadAction\",\"target\":[\"https:\/\/bilijardai.lt\/lt\/lmdp-spalvos\/\"]}]},{\"@type\":\"WebSite\",\"@id\":\"https:\/\/bilijardai.lt\/#website\",\"url\":\"https:\/\/bilijardai.lt\/\",\"name\":\"Bilijardai\",\"description\":\"Kol kas tik dar vienas WordPress tinklalapis\",\"potentialAction\":[{\"@type\":\"SearchAction\",\"target\":{\"@type\":\"EntryPoint\",\"urlTemplate\":\"https:\/\/bilijardai.lt\/?s={search_term_string}\"},\"query-input\":{\"@type\":\"PropertyValueSpecification\",\"valueRequired\":true,\"valueName\":\"search_term_string\"}}],\"inLanguage\":\"lt-LT\"}]}<\/script>\n<!-- \/ Yoast SEO plugin. -->","yoast_head_json":{"title":"LMDP spalvos - Bilijardai","robots":{"index":"index","follow":"follow","max-snippet":"max-snippet:-1","max-image-preview":"max-image-preview:large","max-video-preview":"max-video-preview:-1"},"canonical":"https:\/\/bilijardai.lt\/lt\/lmdp-spalvos\/","og_locale":"lt_LT","og_type":"article","og_title":"LMDP spalvos - Bilijardai","og_description":"&nbsp;","og_url":"https:\/\/bilijardai.lt\/lt\/lmdp-spalvos\/","og_site_name":"Bilijardai","article_modified_time":"2020-10-22T05:28:36+00:00","og_image":[{"url":"https:\/\/bilijardai.lt\/wp-content\/uploads\/2020\/09\/L10-300x300.jpg","type":"","width":"","height":""}],"twitter_card":"summary_large_image","schema":{"@context":"https:\/\/schema.org","@graph":[{"@type":"WebPage","@id":"https:\/\/bilijardai.lt\/lt\/lmdp-spalvos\/","url":"https:\/\/bilijardai.lt\/lt\/lmdp-spalvos\/","name":"LMDP spalvos - Bilijardai","isPartOf":{"@id":"https:\/\/bilijardai.lt\/#website"},"datePublished":"2020-09-25T05:10:51+00:00","dateModified":"2020-10-22T05:28:36+00:00","inLanguage":"lt-LT","potentialAction":[{"@type":"ReadAction","target":["https:\/\/bilijardai.lt\/lt\/lmdp-spalvos\/"]}]},{"@type":"WebSite","@id":"https:\/\/bilijardai.lt\/#website","url":"https:\/\/bilijardai.lt\/","name":"Bilijardai","description":"Kol kas tik dar vienas WordPress tinklalapis","potentialAction":[{"@type":"SearchAction","target":{"@type":"EntryPoint","urlTemplate":"https:\/\/bilijardai.lt\/?s={search_term_string}"},"query-input":{"@type":"PropertyValueSpecification","valueRequired":true,"valueName":"search_term_string"}}],"inLanguage":"lt-LT"}]}},"_links":{"self":[{"href":"https:\/\/bilijardai.lt\/lt\/wp-json\/wp\/v2\/pages\/2579","targetHints":{"allow":["GET"]}}],"collection":[{"href":"https:\/\/bilijardai.lt\/lt\/wp-json\/wp\/v2\/pages"}],"about":[{"href":"https:\/\/bilijardai.lt\/lt\/wp-json\/wp\/v2\/types\/page"}],"author":[{"embeddable":true,"href":"https:\/\/bilijardai.lt\/lt\/wp-json\/wp\/v2\/users\/1"}],"replies":[{"embeddable":true,"href":"https:\/\/bilijardai.lt\/lt\/wp-json\/wp\/v2\/comments?post=2579"}],"version-history":[{"count":0,"href":"https:\/\/bilijardai.lt\/lt\/wp-json\/wp\/v2\/pages\/2579\/revisions"}],"wp:attachment":[{"href":"https:\/\/bilijardai.lt\/lt\/wp-json\/wp\/v2\/media?parent=2579"}],"curies":[{"name":"wp","href":"https:\/\/api.w.org\/{rel}","templated":true}]}}