{"id":2566,"date":"2020-09-24T06:05:43","date_gmt":"2020-09-24T08:05:43","guid":{"rendered":"https:\/\/bilijardai.lt\/colors-of-wood\/"},"modified":"2020-11-20T10:47:54","modified_gmt":"2020-11-20T12:47:54","slug":"medienos-spalvos","status":"publish","type":"page","link":"https:\/\/bilijardai.lt\/lt\/medienos-spalvos\/","title":{"rendered":"Medienos spalvos"},"content":{"rendered":"<p style=\"text-align: justify;\"><a href=\"https:\/\/bilijardai.lt\/lt\/spalvu-palete\/\"><strong>Spalv\u0173 palet\u0117<\/strong><\/a><\/p>\n<p style=\"text-align: justify;\"><a href=\"https:\/\/bilijardai.lt\/wp-content\/uploads\/2020\/09\/Rustic-color.jpg\" target=\"_blank\" rel=\"noopener noreferrer\"><strong>Rustic spalv\u0173 palet\u0117<\/strong><\/a><\/p>\n<p style=\"text-align: justify;\"><strong>INFORMACIJA APIE APDAIL\u0104:<\/strong><\/p>\n<p style=\"text-align: justify;\">Stal\u0173 spalvos i\u0161gaunamos medienos arba jos pakaital\u0173 pavir\u0161i\u0173 padengiant ekologi\u0161kais vandeniniais da\u017ealais. Da\u017ealai \u012ftrinami \u012f pavir\u0161i\u0173 siekiant pary\u0161kinti medienos tekst\u016br\u0105 (padaryti rieves labiau matomas ir dekoratyvesnes). Naudojamos spalvos yra sukurtos bendradarbiaujant su pirk\u0117jais ir atitinka didesn\u0119 dal\u012f poreiki\u0173. Recept\u016bros ruo\u0161iamos specializuot\u0173 kompiuterini\u0173 dozatori\u0173 pagalba, tod\u0117l i\u0161laiko stabili\u0105 spalv\u0105.<\/p>\n<p style=\"text-align: justify;\">Jeigu m\u016bs\u0173 si\u016bloma palet\u0117 neatitinka pirk\u0117jo poreiki\u0173, galima paruo\u0161ti speciali\u0105 recept\u016br\u0105:<\/p>\n<ul style=\"text-align: justify;\">\n<li>gauname i\u0161 pirk\u0117jo spalvos pavyzd\u012f (detal\u0119 gaminio prie kurio derinamos spalvos),<\/li>\n<li>paruo\u0161iam recept\u016br\u0105 ir pavyzd\u017eius spalvos ant med\u017eiagos i\u0161 kurios u\u017esakomas stalas,<\/li>\n<li>pavyzdys siun\u010diamas klientui suderinimui,<\/li>\n<li>gavus m\u016bs\u0173 pavyzd\u012f, patvirtint\u0105 kliento, galime prad\u0117ti gaminti u\u017esakyt\u0105 stal\u0105.<\/li>\n<\/ul>\n<p style=\"text-align: justify;\">Tiek standartini\u0173 recept\u016br\u0173 atveju, tiek spec recept\u016bros atveju ne\u012fmanoma u\u017etikrinti visi\u0161ko spalvos vienodumo visame gaminyje, nes:<\/p>\n<ul>\n<li style=\"text-align: justify;\">mes naudojame m\u016bs\u0173 geografin\u0117se platumose u\u017eaugusi\u0105 nat\u016brali\u0105, o ne plantacin\u0119 medien\u0105; m\u016bs\u0173 naudojama mediena auga kontrastingo klimato zonoje (\u0161altos \u017eiemos ir \u0161iltos vasaros), tod\u0117l turi ry\u0161kiai i\u0161reik\u0161t\u0105 dekoratyvi\u0105 tekst\u016br\u0105,<\/li>\n<li style=\"text-align: justify;\">detal\u0117se gaminamose i\u0161 nat\u016bralios medienos, d\u0117l nevienodo medienos tankio skiriasi spalvos intensyvumas: tankesn\u0117 mediena (\u017eiemin\u0117) ma\u017eiau \u012fgeria da\u017ealo ir lieka \u0161viesesn\u0117, o ma\u017eesnio tankio mediena (vasarin\u0117)-tams\u0117ja,<\/li>\n<li style=\"text-align: justify;\">detal\u0117se gaminamose i\u0161 nat\u016bralios medienos, d\u0117l skirting\u0173 medini\u0173 detali\u0173 pj\u016bvi\u0173 (i\u0161ilginis-normalus d\u0105\u017eo \u012fg\u0117rimas, radialinis-silpnesnis da\u017eo \u012fg\u0117rimas, skersinis-padidintas da\u017eo \u012fg\u0117rimas) , kinta apvad\u0173, r\u0117mo ir koj\u0173 spalvos intensyvumas,<\/li>\n<li style=\"text-align: justify;\">\u201cber\u017eo\u201d medienos pavadinimu naudojamas visos europinio ber\u017eo r\u016b\u0161ys (svyruoklis, kvapusis ir kitos) ir alksnis, kurie ne\u017ei\u016brint artimos tekst\u016bros ir fizini\u0173 mechanini\u0173 savybi\u0173, skirtingai \u012fgeria da\u017ealus,<\/li>\n<li style=\"text-align: justify;\">pigesniuose staluose naudojami medienos pakaitalai: MDF plok\u0161t\u0117 ir faneruota MDF plok\u0161t\u0117, \u0161ios med\u017eiagos taip pat kitaip \u012fgeria da\u017ealus ir \u0161iek tiek skiriasi nuo apvad\u0173.<\/li>\n<\/ul>\n<p style=\"text-align: justify;\">Spalvos svyravimai yra d\u0117l apra\u0161yt\u0173 prie\u017eas\u010di\u0173 ir d\u0117l skaidrios, tekst\u016bros nedengian\u010dios apdailos. Bet visos med\u017eiag\u0173 savyb\u0117s yra suderintos taip, kad surinkus stal\u0105 ir esant standartiniam vir\u0161utiniam ap\u0161vietimui, stalas \u017ei\u016brisi gra\u017eiai.<\/p>\n<p style=\"text-align: justify;\">Kad b\u016bt\u0173 patogu bendrauti su pirk\u0117jais, kuriems neretai reikia gauti gabal\u0117l\u012f spalvinio pavyzd\u017eio, mes paruo\u0161\u0117me spalvines juosteles. Juosteles patogu karpyti, jeigu reikia pateikti pavyzd\u012f potencialiam pirk\u0117jui.<\/p>\n<p style=\"text-align: justify;\">Juostel\u0117se pateikta spalva i\u0161ilginiame pj\u016bvyje, tod\u0117l sunku susidaryti piln\u0105 spalvos vaizd\u0105. Nor\u0117dami vaizd\u017eiau pateikti nat\u016bralios medienos ypatumus, mes pagaminome stend\u0105 kur vienos veisl\u0117s viena spalva nuda\u017eyta mediena parodoma keliuose pj\u016bviuose.<\/p>\n<p style=\"text-align: justify;\">Stend\u0105 galite matyti <a href=\"https:\/\/bilijardai.lt\/wp-content\/uploads\/2020\/09\/medienos-spalvu-palete.pdf\" target=\"_blank\" rel=\"noopener noreferrer\">\u010cIA.<\/a><\/p>\n<p style=\"text-align: justify;\"><strong>Pastaba:<\/strong> internete ir kataloguose pateikiami spalvynai n\u0117ra tiksl\u016bs d\u0117l ekrano ir spaudos specifikos, tod\u0117l b\u016btina naudoti ir spalvines juosteles.<\/p>\n<p style=\"text-align: justify;\">Medienos spalv\u0173 pavyzd\u017eiai:<\/p>\n<p><img loading=\"lazy\" decoding=\"async\" class=\"alignnone size-medium wp-image-1911\" src=\"https:\/\/bilijardai.lt\/wp-content\/uploads\/2020\/09\/Rustic-wood-samples-226x300.jpg\" alt=\"\" width=\"226\" height=\"300\" srcset=\"https:\/\/bilijardai.lt\/wp-content\/uploads\/2020\/09\/Rustic-wood-samples-226x300.jpg 226w, https:\/\/bilijardai.lt\/wp-content\/uploads\/2020\/09\/Rustic-wood-samples-770x1024.jpg 770w, https:\/\/bilijardai.lt\/wp-content\/uploads\/2020\/09\/Rustic-wood-samples-768x1022.jpg 768w, https:\/\/bilijardai.lt\/wp-content\/uploads\/2020\/09\/Rustic-wood-samples.jpg 902w\" sizes=\"auto, (max-width: 226px) 100vw, 226px\" \/><img loading=\"lazy\" decoding=\"async\" class=\"alignnone size-medium wp-image-1914\" src=\"https:\/\/bilijardai.lt\/wp-content\/uploads\/2020\/09\/Wood-samples-226x300.jpg\" alt=\"\" width=\"226\" height=\"300\" srcset=\"https:\/\/bilijardai.lt\/wp-content\/uploads\/2020\/09\/Wood-samples-226x300.jpg 226w, https:\/\/bilijardai.lt\/wp-content\/uploads\/2020\/09\/Wood-samples-772x1024.jpg 772w, https:\/\/bilijardai.lt\/wp-content\/uploads\/2020\/09\/Wood-samples-768x1018.jpg 768w, https:\/\/bilijardai.lt\/wp-content\/uploads\/2020\/09\/Wood-samples.jpg 905w\" sizes=\"auto, (max-width: 226px) 100vw, 226px\" \/><\/p>\n<p>&nbsp;<\/p>\n","protected":false},"excerpt":{"rendered":"<p>Spalv\u0173 palet\u0117 Rustic spalv\u0173 palet\u0117 INFORMACIJA APIE APDAIL\u0104: Stal\u0173 spalvos i\u0161gaunamos medienos arba jos pakaital\u0173 pavir\u0161i\u0173 padengiant ekologi\u0161kais vandeniniais da\u017ealais. Da\u017ealai \u012ftrinami \u012f pavir\u0161i\u0173 siekiant pary\u0161kinti medienos tekst\u016br\u0105 (padaryti rieves labiau matomas ir dekoratyvesnes). Naudojamos spalvos yra sukurtos bendradarbiaujant su pirk\u0117jais ir atitinka didesn\u0119 dal\u012f poreiki\u0173. Recept\u016bros ruo\u0161iamos specializuot\u0173 kompiuterini\u0173 dozatori\u0173 pagalba, tod\u0117l i\u0161laiko stabili\u0105 [&hellip;]<\/p>\n","protected":false},"author":1,"featured_media":0,"parent":0,"menu_order":12,"comment_status":"closed","ping_status":"closed","template":"","meta":{"_acf_changed":false,"footnotes":""},"class_list":["post-2566","page","type-page","status-publish","hentry"],"acf":[],"yoast_head":"<!-- This site is optimized with the Yoast SEO plugin v25.2 - https:\/\/yoast.com\/wordpress\/plugins\/seo\/ -->\n<title>Medienos spalvos - Bilijardai<\/title>\n<meta name=\"robots\" content=\"index, follow, max-snippet:-1, max-image-preview:large, max-video-preview:-1\" \/>\n<link rel=\"canonical\" href=\"https:\/\/bilijardai.lt\/lt\/medienos-spalvos\/\" \/>\n<meta property=\"og:locale\" content=\"lt_LT\" \/>\n<meta property=\"og:type\" content=\"article\" \/>\n<meta property=\"og:title\" content=\"Medienos spalvos - Bilijardai\" \/>\n<meta property=\"og:description\" content=\"Spalv\u0173 palet\u0117 Rustic spalv\u0173 palet\u0117 INFORMACIJA APIE APDAIL\u0104: Stal\u0173 spalvos i\u0161gaunamos medienos arba jos pakaital\u0173 pavir\u0161i\u0173 padengiant ekologi\u0161kais vandeniniais da\u017ealais. Da\u017ealai \u012ftrinami \u012f pavir\u0161i\u0173 siekiant pary\u0161kinti medienos tekst\u016br\u0105 (padaryti rieves labiau matomas ir dekoratyvesnes). Naudojamos spalvos yra sukurtos bendradarbiaujant su pirk\u0117jais ir atitinka didesn\u0119 dal\u012f poreiki\u0173. Recept\u016bros ruo\u0161iamos specializuot\u0173 kompiuterini\u0173 dozatori\u0173 pagalba, tod\u0117l i\u0161laiko stabili\u0105 [&hellip;]\" \/>\n<meta property=\"og:url\" content=\"https:\/\/bilijardai.lt\/lt\/medienos-spalvos\/\" \/>\n<meta property=\"og:site_name\" content=\"Bilijardai\" \/>\n<meta property=\"article:modified_time\" content=\"2020-11-20T12:47:54+00:00\" \/>\n<meta property=\"og:image\" content=\"https:\/\/bilijardai.lt\/wp-content\/uploads\/2020\/09\/Rustic-wood-samples-226x300.jpg\" \/>\n<meta name=\"twitter:card\" content=\"summary_large_image\" \/>\n<meta name=\"twitter:label1\" content=\"Est. reading time\" \/>\n\t<meta name=\"twitter:data1\" content=\"2 minut\u0117s\" \/>\n<script type=\"application\/ld+json\" class=\"yoast-schema-graph\">{\"@context\":\"https:\/\/schema.org\",\"@graph\":[{\"@type\":\"WebPage\",\"@id\":\"https:\/\/bilijardai.lt\/lt\/medienos-spalvos\/\",\"url\":\"https:\/\/bilijardai.lt\/lt\/medienos-spalvos\/\",\"name\":\"Medienos spalvos - Bilijardai\",\"isPartOf\":{\"@id\":\"https:\/\/bilijardai.lt\/#website\"},\"primaryImageOfPage\":{\"@id\":\"https:\/\/bilijardai.lt\/lt\/medienos-spalvos\/#primaryimage\"},\"image\":{\"@id\":\"https:\/\/bilijardai.lt\/lt\/medienos-spalvos\/#primaryimage\"},\"thumbnailUrl\":\"https:\/\/bilijardai.lt\/wp-content\/uploads\/2020\/09\/Rustic-wood-samples-226x300.jpg\",\"datePublished\":\"2020-09-24T08:05:43+00:00\",\"dateModified\":\"2020-11-20T12:47:54+00:00\",\"inLanguage\":\"lt-LT\",\"potentialAction\":[{\"@type\":\"ReadAction\",\"target\":[\"https:\/\/bilijardai.lt\/lt\/medienos-spalvos\/\"]}]},{\"@type\":\"ImageObject\",\"inLanguage\":\"lt-LT\",\"@id\":\"https:\/\/bilijardai.lt\/lt\/medienos-spalvos\/#primaryimage\",\"url\":\"https:\/\/bilijardai.lt\/wp-content\/uploads\/2020\/09\/Rustic-wood-samples-226x300.jpg\",\"contentUrl\":\"https:\/\/bilijardai.lt\/wp-content\/uploads\/2020\/09\/Rustic-wood-samples-226x300.jpg\"},{\"@type\":\"WebSite\",\"@id\":\"https:\/\/bilijardai.lt\/#website\",\"url\":\"https:\/\/bilijardai.lt\/\",\"name\":\"Bilijardai\",\"description\":\"Kol kas tik dar vienas WordPress tinklalapis\",\"potentialAction\":[{\"@type\":\"SearchAction\",\"target\":{\"@type\":\"EntryPoint\",\"urlTemplate\":\"https:\/\/bilijardai.lt\/?s={search_term_string}\"},\"query-input\":{\"@type\":\"PropertyValueSpecification\",\"valueRequired\":true,\"valueName\":\"search_term_string\"}}],\"inLanguage\":\"lt-LT\"}]}<\/script>\n<!-- \/ Yoast SEO plugin. -->","yoast_head_json":{"title":"Medienos spalvos - Bilijardai","robots":{"index":"index","follow":"follow","max-snippet":"max-snippet:-1","max-image-preview":"max-image-preview:large","max-video-preview":"max-video-preview:-1"},"canonical":"https:\/\/bilijardai.lt\/lt\/medienos-spalvos\/","og_locale":"lt_LT","og_type":"article","og_title":"Medienos spalvos - Bilijardai","og_description":"Spalv\u0173 palet\u0117 Rustic spalv\u0173 palet\u0117 INFORMACIJA APIE APDAIL\u0104: Stal\u0173 spalvos i\u0161gaunamos medienos arba jos pakaital\u0173 pavir\u0161i\u0173 padengiant ekologi\u0161kais vandeniniais da\u017ealais. Da\u017ealai \u012ftrinami \u012f pavir\u0161i\u0173 siekiant pary\u0161kinti medienos tekst\u016br\u0105 (padaryti rieves labiau matomas ir dekoratyvesnes). Naudojamos spalvos yra sukurtos bendradarbiaujant su pirk\u0117jais ir atitinka didesn\u0119 dal\u012f poreiki\u0173. Recept\u016bros ruo\u0161iamos specializuot\u0173 kompiuterini\u0173 dozatori\u0173 pagalba, tod\u0117l i\u0161laiko stabili\u0105 [&hellip;]","og_url":"https:\/\/bilijardai.lt\/lt\/medienos-spalvos\/","og_site_name":"Bilijardai","article_modified_time":"2020-11-20T12:47:54+00:00","og_image":[{"url":"https:\/\/bilijardai.lt\/wp-content\/uploads\/2020\/09\/Rustic-wood-samples-226x300.jpg","type":"","width":"","height":""}],"twitter_card":"summary_large_image","twitter_misc":{"Est. reading time":"2 minut\u0117s"},"schema":{"@context":"https:\/\/schema.org","@graph":[{"@type":"WebPage","@id":"https:\/\/bilijardai.lt\/lt\/medienos-spalvos\/","url":"https:\/\/bilijardai.lt\/lt\/medienos-spalvos\/","name":"Medienos spalvos - Bilijardai","isPartOf":{"@id":"https:\/\/bilijardai.lt\/#website"},"primaryImageOfPage":{"@id":"https:\/\/bilijardai.lt\/lt\/medienos-spalvos\/#primaryimage"},"image":{"@id":"https:\/\/bilijardai.lt\/lt\/medienos-spalvos\/#primaryimage"},"thumbnailUrl":"https:\/\/bilijardai.lt\/wp-content\/uploads\/2020\/09\/Rustic-wood-samples-226x300.jpg","datePublished":"2020-09-24T08:05:43+00:00","dateModified":"2020-11-20T12:47:54+00:00","inLanguage":"lt-LT","potentialAction":[{"@type":"ReadAction","target":["https:\/\/bilijardai.lt\/lt\/medienos-spalvos\/"]}]},{"@type":"ImageObject","inLanguage":"lt-LT","@id":"https:\/\/bilijardai.lt\/lt\/medienos-spalvos\/#primaryimage","url":"https:\/\/bilijardai.lt\/wp-content\/uploads\/2020\/09\/Rustic-wood-samples-226x300.jpg","contentUrl":"https:\/\/bilijardai.lt\/wp-content\/uploads\/2020\/09\/Rustic-wood-samples-226x300.jpg"},{"@type":"WebSite","@id":"https:\/\/bilijardai.lt\/#website","url":"https:\/\/bilijardai.lt\/","name":"Bilijardai","description":"Kol kas tik dar vienas WordPress tinklalapis","potentialAction":[{"@type":"SearchAction","target":{"@type":"EntryPoint","urlTemplate":"https:\/\/bilijardai.lt\/?s={search_term_string}"},"query-input":{"@type":"PropertyValueSpecification","valueRequired":true,"valueName":"search_term_string"}}],"inLanguage":"lt-LT"}]}},"_links":{"self":[{"href":"https:\/\/bilijardai.lt\/lt\/wp-json\/wp\/v2\/pages\/2566","targetHints":{"allow":["GET"]}}],"collection":[{"href":"https:\/\/bilijardai.lt\/lt\/wp-json\/wp\/v2\/pages"}],"about":[{"href":"https:\/\/bilijardai.lt\/lt\/wp-json\/wp\/v2\/types\/page"}],"author":[{"embeddable":true,"href":"https:\/\/bilijardai.lt\/lt\/wp-json\/wp\/v2\/users\/1"}],"replies":[{"embeddable":true,"href":"https:\/\/bilijardai.lt\/lt\/wp-json\/wp\/v2\/comments?post=2566"}],"version-history":[{"count":0,"href":"https:\/\/bilijardai.lt\/lt\/wp-json\/wp\/v2\/pages\/2566\/revisions"}],"wp:attachment":[{"href":"https:\/\/bilijardai.lt\/lt\/wp-json\/wp\/v2\/media?parent=2566"}],"curies":[{"name":"wp","href":"https:\/\/api.w.org\/{rel}","templated":true}]}}