{"id":2563,"date":"2020-09-24T05:47:45","date_gmt":"2020-09-24T07:47:45","guid":{"rendered":"https:\/\/bilijardai.lt\/choice-of-size\/"},"modified":"2020-11-20T10:45:55","modified_gmt":"2020-11-20T12:45:55","slug":"dydzio-pasirinkimas","status":"publish","type":"page","link":"https:\/\/bilijardai.lt\/lt\/dydzio-pasirinkimas\/","title":{"rendered":"Dyd\u017eio pasirinkimas"},"content":{"rendered":"<p style=\"text-align: justify;\">Jeigu jau i\u0161sirinkote biliardo \u017eaidimo r\u016b\u0161\u012f, pats laikas nuspr\u0119sti kokio gi dyd\u017eio stal\u0105 gal\u0117site pastatyti savo patalpoje. Biliardo stalai pagal dyd\u012f skirstomi \u012f p\u0117das. Pulo stalai b\u016bna nuo 5 iki 9 p\u0117d\u0173, rusi\u0161ko biliardo ir snukerio nuo 5 iki 12 p\u0117d\u0173, o angli\u0161ko biliardo nuo 5 iki 8 p\u0117d\u0173.<\/p>\n<table style=\"height: 312px; width: 100%; border-collapse: collapse; border-style: solid; border-color: #030303;\" border=\"1\">\n<tbody>\n<tr style=\"height: 24px;\">\n<td style=\"width: 20%; height: 24px; text-align: center;\">Stalo dydis<\/td>\n<td style=\"width: 20%; height: 24px; text-align: center;\">\u017daidimo aik\u0161tel\u0117, cm<\/td>\n<td style=\"width: 20%; height: 24px; text-align: center;\">\u017daidimo r\u016b\u0161is<\/td>\n<td style=\"width: 20%; height: 24px; text-align: center;\">Minimali patalpa, cm<\/td>\n<td style=\"width: 20%; height: 24px; text-align: center;\">Lazdos ilgis, cm<\/td>\n<\/tr>\n<tr style=\"height: 24px;\">\n<td style=\"width: 20%; height: 24px;\">5&#8242;<\/td>\n<td style=\"width: 20%; height: 24px;\">165 x 82,5<\/td>\n<td style=\"width: 20%; height: 24px;\">Pulas, Piramid\u0117, Snukeris<\/td>\n<td style=\"width: 20%; height: 24px;\">461 x 378,5<\/td>\n<td style=\"width: 20%; height: 24px;\">148<\/td>\n<\/tr>\n<tr style=\"height: 24px;\">\n<td style=\"width: 20%; height: 24px;\">6&#8242;<\/td>\n<td style=\"width: 20%; height: 24px;\">180 x 90<\/td>\n<td style=\"width: 20%; height: 24px;\">Pulas, Piramid\u0117, Snukeris<\/td>\n<td style=\"width: 20%; height: 24px;\">476 x 386<\/td>\n<td style=\"width: 20%; height: 24px;\">148<\/td>\n<\/tr>\n<tr style=\"height: 24px;\">\n<td style=\"width: 20%; height: 24px;\">7&#8242;<\/td>\n<td style=\"width: 20%; height: 24px;\">199 x 99,5<\/td>\n<td style=\"width: 20%; height: 24px;\">Pulas, Piramid\u0117, Snukeris<\/td>\n<td style=\"width: 20%; height: 24px;\">495 x 395,5<\/td>\n<td style=\"width: 20%; height: 24px;\">148<\/td>\n<\/tr>\n<tr style=\"height: 24px;\">\n<td style=\"width: 20%; height: 24px;\">8&#8242;<\/td>\n<td style=\"width: 20%; height: 24px;\">224 x 112<\/td>\n<td style=\"width: 20%; height: 24px;\">Pulas, Piramid\u0117, Snukeris<\/td>\n<td style=\"width: 20%; height: 24px;\">520 x 408<\/td>\n<td style=\"width: 20%; height: 24px;\">148<\/td>\n<\/tr>\n<tr style=\"height: 24px;\">\n<td style=\"width: 20%; height: 24px;\">9&#8242;<\/td>\n<td style=\"width: 20%; height: 24px;\">254 x 127<\/td>\n<td style=\"width: 20%; height: 24px;\">Pulas<\/td>\n<td style=\"width: 20%; height: 24px;\">550 x 423<\/td>\n<td style=\"width: 20%; height: 24px;\">148<\/td>\n<\/tr>\n<tr style=\"height: 24px;\">\n<td style=\"width: 20%; height: 24px;\">9&#8242;<\/td>\n<td style=\"width: 20%; height: 24px;\">254 x 127<\/td>\n<td style=\"width: 20%; height: 24px;\">Piramid\u0117<\/td>\n<td style=\"width: 20%; height: 24px;\">574 x 447<\/td>\n<td style=\"width: 20%; height: 24px;\">160<\/td>\n<\/tr>\n<tr style=\"height: 24px;\">\n<td style=\"width: 20%; height: 24px;\">10&#8242;<\/td>\n<td style=\"width: 20%; height: 24px;\">284 x 142<\/td>\n<td style=\"width: 20%; height: 24px;\">Snukeris<\/td>\n<td style=\"width: 20%; height: 24px;\">574 x 432<\/td>\n<td style=\"width: 20%; height: 24px;\">145<\/td>\n<\/tr>\n<tr style=\"height: 24px;\">\n<td style=\"width: 20%; height: 24px;\">10&#8242;<\/td>\n<td style=\"width: 20%; height: 24px;\">284 x 142<\/td>\n<td style=\"width: 20%; height: 24px;\">Piramid\u0117<\/td>\n<td style=\"width: 20%; height: 24px;\">604 x 462<\/td>\n<td style=\"width: 20%; height: 24px;\">160<\/td>\n<\/tr>\n<tr style=\"height: 24px;\">\n<td style=\"width: 20%; height: 24px;\">11&#8242;<\/td>\n<td style=\"width: 20%; height: 24px;\">320 x 160<\/td>\n<td style=\"width: 20%; height: 24px;\">Snukeris<\/td>\n<td style=\"width: 20%; height: 24px;\">610 x 450<\/td>\n<td style=\"width: 20%; height: 24px;\">145<\/td>\n<\/tr>\n<tr style=\"height: 24px;\">\n<td style=\"width: 20%; height: 24px;\">11&#8242;<\/td>\n<td style=\"width: 20%; height: 24px;\">320 x 160<\/td>\n<td style=\"width: 20%; height: 24px;\">Piramid\u0117<\/td>\n<td style=\"width: 20%; height: 24px;\">640 x 480<\/td>\n<td style=\"width: 20%; height: 24px;\">160<\/td>\n<\/tr>\n<tr style=\"height: 24px;\">\n<td style=\"width: 20%; height: 24px;\">12&#8242;<\/td>\n<td style=\"width: 20%; height: 24px;\">350 x 175<\/td>\n<td style=\"width: 20%; height: 24px;\">Piramid\u0117<\/td>\n<td style=\"width: 20%; height: 24px;\">670 x 495<\/td>\n<td style=\"width: 20%; height: 24px;\">160<\/td>\n<\/tr>\n<tr style=\"height: 24px;\">\n<td style=\"width: 20%; height: 24px;\">12&#8242;<\/td>\n<td style=\"width: 20%; height: 24px;\">355,6 x 177,8<\/td>\n<td style=\"width: 20%; height: 24px;\">Snukeris<\/td>\n<td style=\"width: 20%; height: 24px;\">645,6 x 467,8<\/td>\n<td style=\"width: 20%; height: 24px;\">145<\/td>\n<\/tr>\n<\/tbody>\n<\/table>\n","protected":false},"excerpt":{"rendered":"<p>Jeigu jau i\u0161sirinkote biliardo \u017eaidimo r\u016b\u0161\u012f, pats laikas nuspr\u0119sti kokio gi dyd\u017eio stal\u0105 gal\u0117site pastatyti savo patalpoje. Biliardo stalai pagal dyd\u012f skirstomi \u012f p\u0117das. Pulo stalai b\u016bna nuo 5 iki 9 p\u0117d\u0173, rusi\u0161ko biliardo ir snukerio nuo 5 iki 12 p\u0117d\u0173, o angli\u0161ko biliardo nuo 5 iki 8 p\u0117d\u0173. Stalo dydis \u017daidimo aik\u0161tel\u0117, cm \u017daidimo [&hellip;]<\/p>\n","protected":false},"author":1,"featured_media":0,"parent":0,"menu_order":9,"comment_status":"closed","ping_status":"closed","template":"","meta":{"_acf_changed":false,"footnotes":""},"class_list":["post-2563","page","type-page","status-publish","hentry"],"acf":[],"yoast_head":"<!-- This site is optimized with the Yoast SEO plugin v25.2 - https:\/\/yoast.com\/wordpress\/plugins\/seo\/ -->\n<title>Dyd\u017eio pasirinkimas - Bilijardai<\/title>\n<meta name=\"robots\" content=\"index, follow, max-snippet:-1, max-image-preview:large, max-video-preview:-1\" \/>\n<link rel=\"canonical\" href=\"https:\/\/bilijardai.lt\/lt\/dydzio-pasirinkimas\/\" \/>\n<meta property=\"og:locale\" content=\"lt_LT\" \/>\n<meta property=\"og:type\" content=\"article\" \/>\n<meta property=\"og:title\" content=\"Dyd\u017eio pasirinkimas - Bilijardai\" \/>\n<meta property=\"og:description\" content=\"Jeigu jau i\u0161sirinkote biliardo \u017eaidimo r\u016b\u0161\u012f, pats laikas nuspr\u0119sti kokio gi dyd\u017eio stal\u0105 gal\u0117site pastatyti savo patalpoje. Biliardo stalai pagal dyd\u012f skirstomi \u012f p\u0117das. Pulo stalai b\u016bna nuo 5 iki 9 p\u0117d\u0173, rusi\u0161ko biliardo ir snukerio nuo 5 iki 12 p\u0117d\u0173, o angli\u0161ko biliardo nuo 5 iki 8 p\u0117d\u0173. Stalo dydis \u017daidimo aik\u0161tel\u0117, cm \u017daidimo [&hellip;]\" \/>\n<meta property=\"og:url\" content=\"https:\/\/bilijardai.lt\/lt\/dydzio-pasirinkimas\/\" \/>\n<meta property=\"og:site_name\" content=\"Bilijardai\" \/>\n<meta property=\"article:modified_time\" content=\"2020-11-20T12:45:55+00:00\" \/>\n<meta name=\"twitter:card\" content=\"summary_large_image\" \/>\n<meta name=\"twitter:label1\" content=\"Est. reading time\" \/>\n\t<meta name=\"twitter:data1\" content=\"1 minut\u0117\" \/>\n<script type=\"application\/ld+json\" class=\"yoast-schema-graph\">{\"@context\":\"https:\/\/schema.org\",\"@graph\":[{\"@type\":\"WebPage\",\"@id\":\"https:\/\/bilijardai.lt\/lt\/dydzio-pasirinkimas\/\",\"url\":\"https:\/\/bilijardai.lt\/lt\/dydzio-pasirinkimas\/\",\"name\":\"Dyd\u017eio pasirinkimas - Bilijardai\",\"isPartOf\":{\"@id\":\"https:\/\/bilijardai.lt\/#website\"},\"datePublished\":\"2020-09-24T07:47:45+00:00\",\"dateModified\":\"2020-11-20T12:45:55+00:00\",\"inLanguage\":\"lt-LT\",\"potentialAction\":[{\"@type\":\"ReadAction\",\"target\":[\"https:\/\/bilijardai.lt\/lt\/dydzio-pasirinkimas\/\"]}]},{\"@type\":\"WebSite\",\"@id\":\"https:\/\/bilijardai.lt\/#website\",\"url\":\"https:\/\/bilijardai.lt\/\",\"name\":\"Bilijardai\",\"description\":\"Kol kas tik dar vienas WordPress tinklalapis\",\"potentialAction\":[{\"@type\":\"SearchAction\",\"target\":{\"@type\":\"EntryPoint\",\"urlTemplate\":\"https:\/\/bilijardai.lt\/?s={search_term_string}\"},\"query-input\":{\"@type\":\"PropertyValueSpecification\",\"valueRequired\":true,\"valueName\":\"search_term_string\"}}],\"inLanguage\":\"lt-LT\"}]}<\/script>\n<!-- \/ Yoast SEO plugin. -->","yoast_head_json":{"title":"Dyd\u017eio pasirinkimas - Bilijardai","robots":{"index":"index","follow":"follow","max-snippet":"max-snippet:-1","max-image-preview":"max-image-preview:large","max-video-preview":"max-video-preview:-1"},"canonical":"https:\/\/bilijardai.lt\/lt\/dydzio-pasirinkimas\/","og_locale":"lt_LT","og_type":"article","og_title":"Dyd\u017eio pasirinkimas - Bilijardai","og_description":"Jeigu jau i\u0161sirinkote biliardo \u017eaidimo r\u016b\u0161\u012f, pats laikas nuspr\u0119sti kokio gi dyd\u017eio stal\u0105 gal\u0117site pastatyti savo patalpoje. Biliardo stalai pagal dyd\u012f skirstomi \u012f p\u0117das. Pulo stalai b\u016bna nuo 5 iki 9 p\u0117d\u0173, rusi\u0161ko biliardo ir snukerio nuo 5 iki 12 p\u0117d\u0173, o angli\u0161ko biliardo nuo 5 iki 8 p\u0117d\u0173. Stalo dydis \u017daidimo aik\u0161tel\u0117, cm \u017daidimo [&hellip;]","og_url":"https:\/\/bilijardai.lt\/lt\/dydzio-pasirinkimas\/","og_site_name":"Bilijardai","article_modified_time":"2020-11-20T12:45:55+00:00","twitter_card":"summary_large_image","twitter_misc":{"Est. reading time":"1 minut\u0117"},"schema":{"@context":"https:\/\/schema.org","@graph":[{"@type":"WebPage","@id":"https:\/\/bilijardai.lt\/lt\/dydzio-pasirinkimas\/","url":"https:\/\/bilijardai.lt\/lt\/dydzio-pasirinkimas\/","name":"Dyd\u017eio pasirinkimas - Bilijardai","isPartOf":{"@id":"https:\/\/bilijardai.lt\/#website"},"datePublished":"2020-09-24T07:47:45+00:00","dateModified":"2020-11-20T12:45:55+00:00","inLanguage":"lt-LT","potentialAction":[{"@type":"ReadAction","target":["https:\/\/bilijardai.lt\/lt\/dydzio-pasirinkimas\/"]}]},{"@type":"WebSite","@id":"https:\/\/bilijardai.lt\/#website","url":"https:\/\/bilijardai.lt\/","name":"Bilijardai","description":"Kol kas tik dar vienas WordPress tinklalapis","potentialAction":[{"@type":"SearchAction","target":{"@type":"EntryPoint","urlTemplate":"https:\/\/bilijardai.lt\/?s={search_term_string}"},"query-input":{"@type":"PropertyValueSpecification","valueRequired":true,"valueName":"search_term_string"}}],"inLanguage":"lt-LT"}]}},"_links":{"self":[{"href":"https:\/\/bilijardai.lt\/lt\/wp-json\/wp\/v2\/pages\/2563","targetHints":{"allow":["GET"]}}],"collection":[{"href":"https:\/\/bilijardai.lt\/lt\/wp-json\/wp\/v2\/pages"}],"about":[{"href":"https:\/\/bilijardai.lt\/lt\/wp-json\/wp\/v2\/types\/page"}],"author":[{"embeddable":true,"href":"https:\/\/bilijardai.lt\/lt\/wp-json\/wp\/v2\/users\/1"}],"replies":[{"embeddable":true,"href":"https:\/\/bilijardai.lt\/lt\/wp-json\/wp\/v2\/comments?post=2563"}],"version-history":[{"count":0,"href":"https:\/\/bilijardai.lt\/lt\/wp-json\/wp\/v2\/pages\/2563\/revisions"}],"wp:attachment":[{"href":"https:\/\/bilijardai.lt\/lt\/wp-json\/wp\/v2\/media?parent=2563"}],"curies":[{"name":"wp","href":"https:\/\/api.w.org\/{rel}","templated":true}]}}