{"id":2551,"date":"2020-09-24T05:42:59","date_gmt":"2020-09-24T07:42:59","guid":{"rendered":"https:\/\/bilijardai.lt\/type-of-game\/"},"modified":"2020-11-20T10:56:13","modified_gmt":"2020-11-20T12:56:13","slug":"zaidimu-rusys","status":"publish","type":"page","link":"https:\/\/bilijardai.lt\/lt\/zaidimu-rusys\/","title":{"rendered":"\u017daidim\u0173 r\u016b\u0161ys"},"content":{"rendered":"<p style=\"text-align: justify;\">Norint pasirinkti biliardo stal\u0105, b\u016btina vis\u0173 pirma pasirinkti norim\u0105 \u017eaidimo r\u016b\u0161\u012f. Biliardo (pulo, snukerio, rusi\u0161ko biliardo, angli\u0161ko pulo, karambolio) \u017eaidimo taisykles galite rasti biliardo federacij\u0173 tinklapiuose:<\/p>\n<p><strong>Rusi\u0161kas biliardas<\/strong><\/p>\n<p style=\"text-align: justify;\">Piramid\u0117 arba kitaip Rusi\u0161kas biliardas.Tai vienintel\u0117 Taryb\u0173 S\u0105jungos laikotarpiu \u017einoma biliardo r\u016b\u0161is Lietuvoje. Klubinis (3 ant 1,5 metro dyd\u017eio) ir pusklubinis (2 ant 1metro dyd\u017eio) biliardo stalai buvo paplit\u0119 visoje TSRS teritorijoje ir neretai pirk\u0117jai teiraujasi j\u0173. Dabar dyd\u017ei\u0173 \u012fvairov\u0117 i\u0161augo iki 8. Nuo 9 p\u0117d\u0173 \u017eaid\u017eiama su 68 mm diametro rutuliais, o ma\u017eesniuose su 57,2 mm diametro rutuliais. Tai \u017eaidimas nereikalaujantis sud\u0117tingos strategijos, bet reikalaujantis didelio tikslumo, nes ki\u0161eni\u0173 plotis vos 4-6 mm didesnis u\u017e rutulio diametr\u0105. Populiarus visoje buvusios TSRS teritorijoje ir pana\u0161us \u017eaidimas \u017eaid\u017eiamas Suomijoje. Lietuvoje populiarus.<\/p>\n<p><img loading=\"lazy\" decoding=\"async\" class=\"alignnone size-full wp-image-1886\" src=\"https:\/\/bilijardai.lt\/wp-content\/uploads\/2020\/09\/medium_Pyramid-68-ball-Corner-Pocket.jpg\" alt=\"\" width=\"120\" height=\"120\" \/><img loading=\"lazy\" decoding=\"async\" class=\"alignnone size-full wp-image-1895\" src=\"https:\/\/bilijardai.lt\/wp-content\/uploads\/2020\/09\/medium_Pyramid-68-ball-Middle-Pocket.jpg\" alt=\"\" width=\"120\" height=\"120\" \/><\/p>\n<p><strong>Pulas<\/strong><\/p>\n<p style=\"text-align: justify;\">Pulas tikrai dinami\u0161kiausias i\u0161 \u0161i\u0173 \u017eaidim\u0173. Did\u017eiausias stalas 9 p\u0117d\u0173 ( 2,54 ant 1,27 metro dyd\u017eio), bet namuose galite d\u017eiaugtis ir ma\u017eesniais 8 ar 7 p\u0117d\u0173 pulo stalais. Spalvoti rutuliai, didel\u0117s ki\u0161eni\u0173 \u017eiotys &#8211; galimyb\u0117 d\u017eiugiai praleisti laik\u0105 su \u0161eima. Tai populiariausias biliardo \u017eaidimas pasaulyje ir Lietuvoje.<\/p>\n<p><a href=\"https:\/\/bilijardai.lt\/wp-content\/uploads\/2020\/10\/Biliardo-pradziamokslis.pdf\" target=\"_blank\" rel=\"noopener noreferrer\">Prad\u017eiamokslis ir \u017eaidimo taisykl\u0117s<\/a><\/p>\n<p><img loading=\"lazy\" decoding=\"async\" class=\"alignnone size-full wp-image-1883\" src=\"https:\/\/bilijardai.lt\/wp-content\/uploads\/2020\/09\/medium_Pool-Corner-Pocket.jpg\" alt=\"\" width=\"120\" height=\"120\" \/><img loading=\"lazy\" decoding=\"async\" class=\"alignnone size-full wp-image-1892\" src=\"https:\/\/bilijardai.lt\/wp-content\/uploads\/2020\/09\/medium_Pool-Middle-Pocket.jpg\" alt=\"\" width=\"120\" height=\"120\" \/><\/p>\n<p><strong>Snukeris<\/strong><\/p>\n<p style=\"text-align: justify;\">Snukeris &#8211; \u017eaidimas kil\u0119s i\u0161 Anglijos ir kuris simbolizuoja precizi\u0161kum\u0105, gracij\u0105 ir proto nuovokum\u0105. Pastoviai per EuroSport transliuojam\u0173 Snukerio \u010dempionat\u0173 metu gal\u0117site suvokti \u0161io \u017eaidimo tikr\u0105j\u012f gro\u017e\u012f. Tai gan\u0117tinai sud\u0117tinga tiek tikslumo at\u017evilgiu, tiek taktikos prasme \u017eaidimas. Lietuvoje yra \u017eaid\u017eiamas, bet labiau sutinkamas biliardin\u0117se nei namuose.<\/p>\n<p><img loading=\"lazy\" decoding=\"async\" class=\"alignnone size-full wp-image-1889\" src=\"https:\/\/bilijardai.lt\/wp-content\/uploads\/2020\/09\/medium_Snooker-Corner-Pocket.jpg\" alt=\"\" width=\"120\" height=\"120\" \/><img loading=\"lazy\" decoding=\"async\" class=\"alignnone size-full wp-image-1898\" src=\"https:\/\/bilijardai.lt\/wp-content\/uploads\/2020\/09\/medium_Snooker-Middle-Pocket.jpg\" alt=\"\" width=\"120\" height=\"120\" \/><\/p>\n<p><strong>Angli\u0161kas pulas<\/strong><\/p>\n<p style=\"text-align: justify;\">Kaip ir snukeris &#8211; \u017eaidimas kil\u0119s i\u0161 Anglijos ir yra tartum pulas \u017eaid\u017eiamas ant 6 ar 5 p\u0117d\u0173 snukerio stal\u0173. Juodas, baltas ir septyni geltoni plius septyni raudoni rutuliai mu\u0161ami pagal pulo 8 taisykles. \u0160is \u017eaidimas palit\u0119s tiktai Britanijos salyne. Lietuvoje nepopuliarus, bet galima ant tokio stalo \u017eaisti ir snuker\u012f su ma\u017eesniu rutuli\u0173 rinkiniu.<\/p>\n<p style=\"text-align: justify;\"><strong>Karambolis<\/strong><\/p>\n<p style=\"text-align: justify;\">Karambolio esm\u0117 vienu rutuliu pataikyti \u012f kit\u0105 rutul\u012f taip, kad jis pagal tam tikras taisykles pataikyt\u0173 \u012f tre\u010di\u0105. Gali b\u016bti reikalavimas paliesti du arba tris bortus.Arba reikalavimas vienoje zonoje (subrai\u017eoma ant audinio) atlikti ne daugiau kaip sutart\u0105 karamboli\u0173 kiek\u012f. \u017daidimas reikalauja ne tiktai daug \u017eini\u0173 bei \u012fg\u016bd\u017ei\u0173 , bet ir labai tiksli\u0173 biliardo stal\u0173. Ypa\u010d stand\u017eiom konstrukcijom, iki 70 mm akmens plok\u0161t\u0117m\u0117s ir akmens \u0161ildymo \u012franga.\u0160is \u017eaidimas yra populiarus Italijoje, Pranc\u016bzijoje eil\u0117je Azijos,Afrikos ir Piet\u0173 Amerikos \u0161ali\u0173.Lietuvoje ma\u017eai \u017einomas.<\/p>\n<p style=\"text-align: justify;\">Tada b\u016btina nustatyti\u00a0galima pastatyti j\u016bs\u0173 patalpoje.<\/p>\n<p style=\"text-align: justify;\">Jeigu pasirinkote m\u016bs\u0173 gaminam\u0105 biliardo stal\u0105, jo spalvinius variantus galite pasirinkti per\u017evelgdami m\u016bs\u0173 spalv\u0173 palet\u0119.<\/p>\n","protected":false},"excerpt":{"rendered":"<p>Norint pasirinkti biliardo stal\u0105, b\u016btina vis\u0173 pirma pasirinkti norim\u0105 \u017eaidimo r\u016b\u0161\u012f. Biliardo (pulo, snukerio, rusi\u0161ko biliardo, angli\u0161ko pulo, karambolio) \u017eaidimo taisykles galite rasti biliardo federacij\u0173 tinklapiuose: Rusi\u0161kas biliardas Piramid\u0117 arba kitaip Rusi\u0161kas biliardas.Tai vienintel\u0117 Taryb\u0173 S\u0105jungos laikotarpiu \u017einoma biliardo r\u016b\u0161is Lietuvoje. Klubinis (3 ant 1,5 metro dyd\u017eio) ir pusklubinis (2 ant 1metro dyd\u017eio) biliardo stalai [&hellip;]<\/p>\n","protected":false},"author":1,"featured_media":0,"parent":0,"menu_order":29,"comment_status":"closed","ping_status":"closed","template":"","meta":{"_acf_changed":false,"footnotes":""},"class_list":["post-2551","page","type-page","status-publish","hentry"],"acf":[],"yoast_head":"<!-- This site is optimized with the Yoast SEO plugin v25.2 - https:\/\/yoast.com\/wordpress\/plugins\/seo\/ -->\n<title>\u017daidim\u0173 r\u016b\u0161ys - Bilijardai<\/title>\n<meta name=\"robots\" content=\"index, follow, max-snippet:-1, max-image-preview:large, max-video-preview:-1\" \/>\n<link rel=\"canonical\" href=\"https:\/\/bilijardai.lt\/lt\/zaidimu-rusys\/\" \/>\n<meta property=\"og:locale\" content=\"lt_LT\" \/>\n<meta property=\"og:type\" content=\"article\" \/>\n<meta property=\"og:title\" content=\"\u017daidim\u0173 r\u016b\u0161ys - Bilijardai\" \/>\n<meta property=\"og:description\" content=\"Norint pasirinkti biliardo stal\u0105, b\u016btina vis\u0173 pirma pasirinkti norim\u0105 \u017eaidimo r\u016b\u0161\u012f. Biliardo (pulo, snukerio, rusi\u0161ko biliardo, angli\u0161ko pulo, karambolio) \u017eaidimo taisykles galite rasti biliardo federacij\u0173 tinklapiuose: Rusi\u0161kas biliardas Piramid\u0117 arba kitaip Rusi\u0161kas biliardas.Tai vienintel\u0117 Taryb\u0173 S\u0105jungos laikotarpiu \u017einoma biliardo r\u016b\u0161is Lietuvoje. Klubinis (3 ant 1,5 metro dyd\u017eio) ir pusklubinis (2 ant 1metro dyd\u017eio) biliardo stalai [&hellip;]\" \/>\n<meta property=\"og:url\" content=\"https:\/\/bilijardai.lt\/lt\/zaidimu-rusys\/\" \/>\n<meta property=\"og:site_name\" content=\"Bilijardai\" \/>\n<meta property=\"article:modified_time\" content=\"2020-11-20T12:56:13+00:00\" \/>\n<meta property=\"og:image\" content=\"https:\/\/bilijardai.lt\/wp-content\/uploads\/2020\/09\/medium_Pyramid-68-ball-Corner-Pocket.jpg\" \/>\n<meta name=\"twitter:card\" content=\"summary_large_image\" \/>\n<meta name=\"twitter:label1\" content=\"Est. reading time\" \/>\n\t<meta name=\"twitter:data1\" content=\"2 minut\u0117s\" \/>\n<script type=\"application\/ld+json\" class=\"yoast-schema-graph\">{\"@context\":\"https:\/\/schema.org\",\"@graph\":[{\"@type\":\"WebPage\",\"@id\":\"https:\/\/bilijardai.lt\/lt\/zaidimu-rusys\/\",\"url\":\"https:\/\/bilijardai.lt\/lt\/zaidimu-rusys\/\",\"name\":\"\u017daidim\u0173 r\u016b\u0161ys - Bilijardai\",\"isPartOf\":{\"@id\":\"https:\/\/bilijardai.lt\/#website\"},\"primaryImageOfPage\":{\"@id\":\"https:\/\/bilijardai.lt\/lt\/zaidimu-rusys\/#primaryimage\"},\"image\":{\"@id\":\"https:\/\/bilijardai.lt\/lt\/zaidimu-rusys\/#primaryimage\"},\"thumbnailUrl\":\"https:\/\/bilijardai.lt\/wp-content\/uploads\/2020\/09\/medium_Pyramid-68-ball-Corner-Pocket.jpg\",\"datePublished\":\"2020-09-24T07:42:59+00:00\",\"dateModified\":\"2020-11-20T12:56:13+00:00\",\"inLanguage\":\"lt-LT\",\"potentialAction\":[{\"@type\":\"ReadAction\",\"target\":[\"https:\/\/bilijardai.lt\/lt\/zaidimu-rusys\/\"]}]},{\"@type\":\"ImageObject\",\"inLanguage\":\"lt-LT\",\"@id\":\"https:\/\/bilijardai.lt\/lt\/zaidimu-rusys\/#primaryimage\",\"url\":\"https:\/\/bilijardai.lt\/wp-content\/uploads\/2020\/09\/medium_Pyramid-68-ball-Corner-Pocket.jpg\",\"contentUrl\":\"https:\/\/bilijardai.lt\/wp-content\/uploads\/2020\/09\/medium_Pyramid-68-ball-Corner-Pocket.jpg\"},{\"@type\":\"WebSite\",\"@id\":\"https:\/\/bilijardai.lt\/#website\",\"url\":\"https:\/\/bilijardai.lt\/\",\"name\":\"Bilijardai\",\"description\":\"Kol kas tik dar vienas WordPress tinklalapis\",\"potentialAction\":[{\"@type\":\"SearchAction\",\"target\":{\"@type\":\"EntryPoint\",\"urlTemplate\":\"https:\/\/bilijardai.lt\/?s={search_term_string}\"},\"query-input\":{\"@type\":\"PropertyValueSpecification\",\"valueRequired\":true,\"valueName\":\"search_term_string\"}}],\"inLanguage\":\"lt-LT\"}]}<\/script>\n<!-- \/ Yoast SEO plugin. -->","yoast_head_json":{"title":"\u017daidim\u0173 r\u016b\u0161ys - Bilijardai","robots":{"index":"index","follow":"follow","max-snippet":"max-snippet:-1","max-image-preview":"max-image-preview:large","max-video-preview":"max-video-preview:-1"},"canonical":"https:\/\/bilijardai.lt\/lt\/zaidimu-rusys\/","og_locale":"lt_LT","og_type":"article","og_title":"\u017daidim\u0173 r\u016b\u0161ys - Bilijardai","og_description":"Norint pasirinkti biliardo stal\u0105, b\u016btina vis\u0173 pirma pasirinkti norim\u0105 \u017eaidimo r\u016b\u0161\u012f. Biliardo (pulo, snukerio, rusi\u0161ko biliardo, angli\u0161ko pulo, karambolio) \u017eaidimo taisykles galite rasti biliardo federacij\u0173 tinklapiuose: Rusi\u0161kas biliardas Piramid\u0117 arba kitaip Rusi\u0161kas biliardas.Tai vienintel\u0117 Taryb\u0173 S\u0105jungos laikotarpiu \u017einoma biliardo r\u016b\u0161is Lietuvoje. Klubinis (3 ant 1,5 metro dyd\u017eio) ir pusklubinis (2 ant 1metro dyd\u017eio) biliardo stalai [&hellip;]","og_url":"https:\/\/bilijardai.lt\/lt\/zaidimu-rusys\/","og_site_name":"Bilijardai","article_modified_time":"2020-11-20T12:56:13+00:00","og_image":[{"url":"https:\/\/bilijardai.lt\/wp-content\/uploads\/2020\/09\/medium_Pyramid-68-ball-Corner-Pocket.jpg","type":"","width":"","height":""}],"twitter_card":"summary_large_image","twitter_misc":{"Est. reading time":"2 minut\u0117s"},"schema":{"@context":"https:\/\/schema.org","@graph":[{"@type":"WebPage","@id":"https:\/\/bilijardai.lt\/lt\/zaidimu-rusys\/","url":"https:\/\/bilijardai.lt\/lt\/zaidimu-rusys\/","name":"\u017daidim\u0173 r\u016b\u0161ys - Bilijardai","isPartOf":{"@id":"https:\/\/bilijardai.lt\/#website"},"primaryImageOfPage":{"@id":"https:\/\/bilijardai.lt\/lt\/zaidimu-rusys\/#primaryimage"},"image":{"@id":"https:\/\/bilijardai.lt\/lt\/zaidimu-rusys\/#primaryimage"},"thumbnailUrl":"https:\/\/bilijardai.lt\/wp-content\/uploads\/2020\/09\/medium_Pyramid-68-ball-Corner-Pocket.jpg","datePublished":"2020-09-24T07:42:59+00:00","dateModified":"2020-11-20T12:56:13+00:00","inLanguage":"lt-LT","potentialAction":[{"@type":"ReadAction","target":["https:\/\/bilijardai.lt\/lt\/zaidimu-rusys\/"]}]},{"@type":"ImageObject","inLanguage":"lt-LT","@id":"https:\/\/bilijardai.lt\/lt\/zaidimu-rusys\/#primaryimage","url":"https:\/\/bilijardai.lt\/wp-content\/uploads\/2020\/09\/medium_Pyramid-68-ball-Corner-Pocket.jpg","contentUrl":"https:\/\/bilijardai.lt\/wp-content\/uploads\/2020\/09\/medium_Pyramid-68-ball-Corner-Pocket.jpg"},{"@type":"WebSite","@id":"https:\/\/bilijardai.lt\/#website","url":"https:\/\/bilijardai.lt\/","name":"Bilijardai","description":"Kol kas tik dar vienas WordPress tinklalapis","potentialAction":[{"@type":"SearchAction","target":{"@type":"EntryPoint","urlTemplate":"https:\/\/bilijardai.lt\/?s={search_term_string}"},"query-input":{"@type":"PropertyValueSpecification","valueRequired":true,"valueName":"search_term_string"}}],"inLanguage":"lt-LT"}]}},"_links":{"self":[{"href":"https:\/\/bilijardai.lt\/lt\/wp-json\/wp\/v2\/pages\/2551","targetHints":{"allow":["GET"]}}],"collection":[{"href":"https:\/\/bilijardai.lt\/lt\/wp-json\/wp\/v2\/pages"}],"about":[{"href":"https:\/\/bilijardai.lt\/lt\/wp-json\/wp\/v2\/types\/page"}],"author":[{"embeddable":true,"href":"https:\/\/bilijardai.lt\/lt\/wp-json\/wp\/v2\/users\/1"}],"replies":[{"embeddable":true,"href":"https:\/\/bilijardai.lt\/lt\/wp-json\/wp\/v2\/comments?post=2551"}],"version-history":[{"count":0,"href":"https:\/\/bilijardai.lt\/lt\/wp-json\/wp\/v2\/pages\/2551\/revisions"}],"wp:attachment":[{"href":"https:\/\/bilijardai.lt\/lt\/wp-json\/wp\/v2\/media?parent=2551"}],"curies":[{"name":"wp","href":"https:\/\/api.w.org\/{rel}","templated":true}]}}