{"id":2544,"date":"2020-09-18T11:07:10","date_gmt":"2020-09-18T13:07:10","guid":{"rendered":"https:\/\/bilijardai.lt\/for-designers-architects\/"},"modified":"2021-10-12T04:07:11","modified_gmt":"2021-10-12T06:07:11","slug":"dizaineriams-ir-architektams","status":"publish","type":"page","link":"https:\/\/bilijardai.lt\/lt\/dizaineriams-ir-architektams\/","title":{"rendered":"Dizaineriams ir architektams"},"content":{"rendered":"<p style=\"text-align: justify;\">Renkantis biliardo stal\u0105, b\u016btina vis\u0173 pirma pasirinkti norim\u0105 \u017eaidimo r\u016b\u0161\u012f. Tada b\u016btina nustatyti kokio dyd\u017eio biliard\u0105 galima pastatyti j\u016bs\u0173 patalpoje.<\/p>\n<p style=\"text-align: justify;\"><a href=\"https:\/\/bilijardai.lt\/lt\/zaidimu-rusys\/\">\u017dAIDIM\u0172 R\u016a\u0160YS<\/a> | <a href=\"https:\/\/bilijardai.lt\/lt\/dydzio-pasirinkimas\/\">DYD\u017dIO PASIRINKIMAS<\/a><\/p>\n<p style=\"text-align: justify;\">Pasirinkus biliardo ar kitos \u017eaidimo r\u016b\u0161ies stal\u0105, jo spalvinius variantus galite pasirinkti i\u0161 si\u016blom\u0173 spalv\u0173 pale\u010di\u0173. Priklausomai nuo modelio, jums gali tekti rinktis: medienos arba laminuotos dro\u017eli\u0173 plok\u0161t\u0117s (LMDP) spalv\u0105. Taip pat galite pasirinkti \u017eaidimo aik\u0161tel\u0117s audinio spalv\u0105 ir suolo, k\u0117d\u0117s ar pokerio stalo odos spalv\u0105.<\/p>\n<p style=\"text-align: justify;\"><a href=\"https:\/\/bilijardai.lt\/lt\/medienos-spalvos\/\">MEDIENOS SPALVOS<\/a>\u00a0 |\u00a0 <a href=\"https:\/\/bilijardai.lt\/lt\/lmdp-spalvos\/\">LMDP SPALVOS<\/a>\u00a0 |\u00a0 <a href=\"https:\/\/bilijardai.lt\/lt\/audiniu-spalvos\/\">AUDINI\u0172 SPALVOS<\/a>\u00a0 |\u00a0 <a href=\"https:\/\/bilijardai.lt\/lt\/odu-spalvos\/\">OD\u0172 SPALVOS<\/a><\/p>\n<p style=\"text-align: justify;\">Norint u\u017etikrinti kokyb\u0119, UAB &#8222;Bilijardai&#8221; \u012fdieg\u0117 labiausiai pasaulyje paplitusi\u0105 kokyb\u0117s vadybos sistema ISO 9001 ir teikia biliardo stalams <strong>NENUTR\u016aKSTAN\u010cI\u0104 PRODUKTO KOKYB\u0116S GARANTIJ\u0104.<\/strong> M\u016bs\u0173 biliardo stalai auk\u0161tai \u012fvertinti ne tiktai parodose: Pirma-antra vieta JAV biliard\u0173 parodoje \u201cBCA Las Vegas 1999\u201d; prizas parodoje \u201cLietuvi\u0161ki baldai 97\u201d ir kt. bet ir tarptautin\u0117se var\u017eybos: Euro Turas \u201cBrunswik Lithuanian Open\u201d (Kaunas, 2000m.); Antrasis Pasaulio Rusi\u0161kos Piramid\u0117s \u010dempionatas (Vilnius, 2001m); Penktasis Europos Laisvosios Piramid\u0117s \u010dempionatas (Kaunas, 2006m).<br \/>\nVisuose m\u016bs\u0173 biliarduose naudojami tokie pat patikimi konstrukciniai sprendimai ir visi jie (kiek tai leid\u017eia stalo dydis) atitinka biliardo federacij\u0173 keliamus reikalavimus:<br \/>\nPulas EPBF, WPA reikalavimus.<br \/>\nRusi\u0161kas biliardas ICP reikalavimus.<br \/>\nSnukeris WSA federacijos reikalavimus.<br \/>\nAngli\u0161kas pulas BAPTO reikalavimus.<br \/>\nKarambolis UMB federacijos reikalavimus.<\/p>\n<p><a href=\"https:\/\/bilijardai.lt\/lt\/kokybe\/\">KOKYB\u0116 <\/a>\u00a0\u00a0 <a href=\"https:\/\/bilijardai.lt\/lt\/produkto-kokybes-garantija\/\">GARANTIJA<\/a><\/p>\n<p><strong>Surinkimo instrukcijos:<\/strong><\/p>\n<p><a href=\"https:\/\/www.youtube.com\/watch?v=-dhjp3mJhsA\">Pronto su LED surinkimo instrukcija<\/a><br \/>\n<a href=\"https:\/\/www.youtube.com\/watch?v=9FPCPj-QsoI\">Pronto stalvir\u0161io ir stalvir\u0161io pad\u0117jimo mechanizmo instrukcija<\/a><br \/>\n<a href=\"https:\/\/youtu.be\/q3z9F-X_c7k\">Pronto Vision su rutuli\u0173 suried\u0117jimu surinkimo instrukcija<\/a><br \/>\n<a href=\"https:\/\/www.youtube.com\/watch?v=yFLQumlYOIs\">Pronto Vision su 3 dali\u0173 akmens plok\u0161te priedas prie surinkimo instrukcijos<\/a><br \/>\n<a href=\"https:\/\/www.youtube.com\/watch?v=Fw97FvSy-PE\">Pronto Vision su LED priedas prie surinkimo instrukcijos<\/a><br \/>\n<a href=\"https:\/\/youtu.be\/oK9XNPT4Gpg\">Dino Sport surinkimo instrukcija<\/a><br \/>\n<a href=\"https:\/\/youtu.be\/arlhj8tgAYY\">Pronto Ultra surinkimo instrukcija<\/a><br \/>\n<a href=\"https:\/\/youtu.be\/5EIllNnRtKo\">Pronto Ultra su 3 dali\u0173 akmens plok\u0161te priedas prie surinkimo instrukcijos<\/a><br \/>\n<a href=\"https:\/\/youtu.be\/MzgJkRDmAMA\">Provijus 12 ft. surinkimo instrukcija<\/a><br \/>\n<a href=\"https:\/\/youtu.be\/Qj7bcLberVg\">Dijonas \/ Konsulas r\u0117mo surinkimo instrukcija<\/a><\/p>\n<p><span style=\"font-family: georgia, palatino, serif;\"><a href=\"https:\/\/youtu.be\/cD6RCT1hsIY\">S5 surinkimo instrukcija<\/a><\/span><\/p>\n<p><a href=\"https:\/\/youtu.be\/sXuE7Q-a3V0\"><span style=\"font-family: georgia, palatino, serif;\">S7 surinkimo instrukcija<\/span><\/a><\/p>\n","protected":false},"excerpt":{"rendered":"<p>Renkantis biliardo stal\u0105, b\u016btina vis\u0173 pirma pasirinkti norim\u0105 \u017eaidimo r\u016b\u0161\u012f. Tada b\u016btina nustatyti kokio dyd\u017eio biliard\u0105 galima pastatyti j\u016bs\u0173 patalpoje. \u017dAIDIM\u0172 R\u016a\u0160YS | DYD\u017dIO PASIRINKIMAS Pasirinkus biliardo ar kitos \u017eaidimo r\u016b\u0161ies stal\u0105, jo spalvinius variantus galite pasirinkti i\u0161 si\u016blom\u0173 spalv\u0173 pale\u010di\u0173. Priklausomai nuo modelio, jums gali tekti rinktis: medienos arba laminuotos dro\u017eli\u0173 plok\u0161t\u0117s (LMDP) spalv\u0105. [&hellip;]<\/p>\n","protected":false},"author":1,"featured_media":0,"parent":0,"menu_order":16,"comment_status":"closed","ping_status":"closed","template":"about-page.php","meta":{"_acf_changed":false,"footnotes":""},"class_list":["post-2544","page","type-page","status-publish","hentry"],"acf":[],"yoast_head":"<!-- This site is optimized with the Yoast SEO plugin v25.2 - https:\/\/yoast.com\/wordpress\/plugins\/seo\/ -->\n<title>Dizaineriams ir architektams - Bilijardai<\/title>\n<meta name=\"robots\" content=\"index, follow, max-snippet:-1, max-image-preview:large, max-video-preview:-1\" \/>\n<link rel=\"canonical\" href=\"https:\/\/bilijardai.lt\/lt\/dizaineriams-ir-architektams\/\" \/>\n<meta property=\"og:locale\" content=\"lt_LT\" \/>\n<meta property=\"og:type\" content=\"article\" \/>\n<meta property=\"og:title\" content=\"Dizaineriams ir architektams - Bilijardai\" \/>\n<meta property=\"og:description\" content=\"Renkantis biliardo stal\u0105, b\u016btina vis\u0173 pirma pasirinkti norim\u0105 \u017eaidimo r\u016b\u0161\u012f. Tada b\u016btina nustatyti kokio dyd\u017eio biliard\u0105 galima pastatyti j\u016bs\u0173 patalpoje. \u017dAIDIM\u0172 R\u016a\u0160YS | DYD\u017dIO PASIRINKIMAS Pasirinkus biliardo ar kitos \u017eaidimo r\u016b\u0161ies stal\u0105, jo spalvinius variantus galite pasirinkti i\u0161 si\u016blom\u0173 spalv\u0173 pale\u010di\u0173. Priklausomai nuo modelio, jums gali tekti rinktis: medienos arba laminuotos dro\u017eli\u0173 plok\u0161t\u0117s (LMDP) spalv\u0105. [&hellip;]\" \/>\n<meta property=\"og:url\" content=\"https:\/\/bilijardai.lt\/lt\/dizaineriams-ir-architektams\/\" \/>\n<meta property=\"og:site_name\" content=\"Bilijardai\" \/>\n<meta property=\"article:modified_time\" content=\"2021-10-12T06:07:11+00:00\" \/>\n<meta name=\"twitter:card\" content=\"summary_large_image\" \/>\n<meta name=\"twitter:label1\" content=\"Est. reading time\" \/>\n\t<meta name=\"twitter:data1\" content=\"2 minut\u0117s\" \/>\n<script type=\"application\/ld+json\" class=\"yoast-schema-graph\">{\"@context\":\"https:\/\/schema.org\",\"@graph\":[{\"@type\":\"WebPage\",\"@id\":\"https:\/\/bilijardai.lt\/lt\/dizaineriams-ir-architektams\/\",\"url\":\"https:\/\/bilijardai.lt\/lt\/dizaineriams-ir-architektams\/\",\"name\":\"Dizaineriams ir architektams - Bilijardai\",\"isPartOf\":{\"@id\":\"https:\/\/bilijardai.lt\/#website\"},\"datePublished\":\"2020-09-18T13:07:10+00:00\",\"dateModified\":\"2021-10-12T06:07:11+00:00\",\"inLanguage\":\"lt-LT\",\"potentialAction\":[{\"@type\":\"ReadAction\",\"target\":[\"https:\/\/bilijardai.lt\/lt\/dizaineriams-ir-architektams\/\"]}]},{\"@type\":\"WebSite\",\"@id\":\"https:\/\/bilijardai.lt\/#website\",\"url\":\"https:\/\/bilijardai.lt\/\",\"name\":\"Bilijardai\",\"description\":\"Kol kas tik dar vienas WordPress tinklalapis\",\"potentialAction\":[{\"@type\":\"SearchAction\",\"target\":{\"@type\":\"EntryPoint\",\"urlTemplate\":\"https:\/\/bilijardai.lt\/?s={search_term_string}\"},\"query-input\":{\"@type\":\"PropertyValueSpecification\",\"valueRequired\":true,\"valueName\":\"search_term_string\"}}],\"inLanguage\":\"lt-LT\"}]}<\/script>\n<!-- \/ Yoast SEO plugin. -->","yoast_head_json":{"title":"Dizaineriams ir architektams - Bilijardai","robots":{"index":"index","follow":"follow","max-snippet":"max-snippet:-1","max-image-preview":"max-image-preview:large","max-video-preview":"max-video-preview:-1"},"canonical":"https:\/\/bilijardai.lt\/lt\/dizaineriams-ir-architektams\/","og_locale":"lt_LT","og_type":"article","og_title":"Dizaineriams ir architektams - Bilijardai","og_description":"Renkantis biliardo stal\u0105, b\u016btina vis\u0173 pirma pasirinkti norim\u0105 \u017eaidimo r\u016b\u0161\u012f. Tada b\u016btina nustatyti kokio dyd\u017eio biliard\u0105 galima pastatyti j\u016bs\u0173 patalpoje. \u017dAIDIM\u0172 R\u016a\u0160YS | DYD\u017dIO PASIRINKIMAS Pasirinkus biliardo ar kitos \u017eaidimo r\u016b\u0161ies stal\u0105, jo spalvinius variantus galite pasirinkti i\u0161 si\u016blom\u0173 spalv\u0173 pale\u010di\u0173. Priklausomai nuo modelio, jums gali tekti rinktis: medienos arba laminuotos dro\u017eli\u0173 plok\u0161t\u0117s (LMDP) spalv\u0105. [&hellip;]","og_url":"https:\/\/bilijardai.lt\/lt\/dizaineriams-ir-architektams\/","og_site_name":"Bilijardai","article_modified_time":"2021-10-12T06:07:11+00:00","twitter_card":"summary_large_image","twitter_misc":{"Est. reading time":"2 minut\u0117s"},"schema":{"@context":"https:\/\/schema.org","@graph":[{"@type":"WebPage","@id":"https:\/\/bilijardai.lt\/lt\/dizaineriams-ir-architektams\/","url":"https:\/\/bilijardai.lt\/lt\/dizaineriams-ir-architektams\/","name":"Dizaineriams ir architektams - Bilijardai","isPartOf":{"@id":"https:\/\/bilijardai.lt\/#website"},"datePublished":"2020-09-18T13:07:10+00:00","dateModified":"2021-10-12T06:07:11+00:00","inLanguage":"lt-LT","potentialAction":[{"@type":"ReadAction","target":["https:\/\/bilijardai.lt\/lt\/dizaineriams-ir-architektams\/"]}]},{"@type":"WebSite","@id":"https:\/\/bilijardai.lt\/#website","url":"https:\/\/bilijardai.lt\/","name":"Bilijardai","description":"Kol kas tik dar vienas WordPress tinklalapis","potentialAction":[{"@type":"SearchAction","target":{"@type":"EntryPoint","urlTemplate":"https:\/\/bilijardai.lt\/?s={search_term_string}"},"query-input":{"@type":"PropertyValueSpecification","valueRequired":true,"valueName":"search_term_string"}}],"inLanguage":"lt-LT"}]}},"_links":{"self":[{"href":"https:\/\/bilijardai.lt\/lt\/wp-json\/wp\/v2\/pages\/2544","targetHints":{"allow":["GET"]}}],"collection":[{"href":"https:\/\/bilijardai.lt\/lt\/wp-json\/wp\/v2\/pages"}],"about":[{"href":"https:\/\/bilijardai.lt\/lt\/wp-json\/wp\/v2\/types\/page"}],"author":[{"embeddable":true,"href":"https:\/\/bilijardai.lt\/lt\/wp-json\/wp\/v2\/users\/1"}],"replies":[{"embeddable":true,"href":"https:\/\/bilijardai.lt\/lt\/wp-json\/wp\/v2\/comments?post=2544"}],"version-history":[{"count":0,"href":"https:\/\/bilijardai.lt\/lt\/wp-json\/wp\/v2\/pages\/2544\/revisions"}],"wp:attachment":[{"href":"https:\/\/bilijardai.lt\/lt\/wp-json\/wp\/v2\/media?parent=2544"}],"curies":[{"name":"wp","href":"https:\/\/api.w.org\/{rel}","templated":true}]}}